{"id":1082,"date":"2018-04-17T01:55:06","date_gmt":"2018-04-16T23:55:06","guid":{"rendered":"http:\/\/art-lui.com\/?page_id=1082"},"modified":"2023-01-24T10:48:03","modified_gmt":"2023-01-24T09:48:03","slug":"order-soul-painting","status":"publish","type":"page","link":"https:\/\/art-lui.com\/da\/order-soul-painting\/","title":{"rendered":"Bestil dit sj\u00e6lemaleri i dag"},"content":{"rendered":"<div id=\"pl-1082\"  class=\"panel-layout\" ><div id=\"pg-1082-0\"  class=\"panel-grid panel-no-style\" ><div id=\"pgc-1082-0-0\"  class=\"panel-grid-cell\" ><div id=\"panel-1082-0-0-0\" class=\"so-panel widget widget_sow-editor panel-first-child panel-last-child\" data-index=\"0\" ><div\n\t\t\t\n\t\t\tclass=\"so-widget-sow-editor so-widget-sow-editor-base\"\n\t\t\t\n\t\t><h3 class=\"widget-title\">Det starter med en samtale...<\/h3>\n<div class=\"siteorigin-widget-tinymce textwidget\">\n\t<p>Sj\u00e6lemaleriet starter med en samtale. Her vil vi sammen gennemg\u00e5 farver, st\u00f8rrelse og et evt. tema. Jeg skaber dit sj\u00e6lemaleri ud fra vores samtale, energi og spirituel guidens. Det er altid m\u00e5let at skabe et healende maleri i farver og udtryk.<\/p>\n<p>&nbsp;<\/p>\n<p><a href=\"https:\/\/youtu.be\/rmgVsDlTOJc\">https:\/\/youtu.be\/rmgVsDlTOJc<\/a><\/p>\n<p>&nbsp;<\/p>\n<p><iframe loading=\"lazy\" title=\"Get your personal soul painting created by Artist Helle Louise Kierkegaard \/ Lui\" width=\"640\" height=\"360\" src=\"https:\/\/www.youtube.com\/embed\/SEf7YC4PEoM?feature=oembed\" frameborder=\"0\" allow=\"accelerometer; autoplay; clipboard-write; encrypted-media; gyroscope; picture-in-picture; web-share\" referrerpolicy=\"strict-origin-when-cross-origin\" allowfullscreen><\/iframe><\/p>\n<\/div>\n<\/div><\/div><\/div><\/div><\/div>","protected":false},"excerpt":{"rendered":"<p>Sj\u00e6lemaleriet starter med en samtale. Her vil vi sammen gennemg\u00e5 farver, st\u00f8rrelse og et evt. tema. Jeg skaber dit sj\u00e6lemaleri ud fra vores samtale, energi og spirituel guidens. Det er altid m\u00e5let at skabe et healende maleri i farver og udtryk. &nbsp; https:\/\/youtu.be\/rmgVsDlTOJc &nbsp; https:\/\/youtu.be\/SEf7YC4PEoM<\/p>\n","protected":false},"author":2,"featured_media":6253,"parent":0,"menu_order":48,"comment_status":"closed","ping_status":"closed","template":"","meta":{"_acf_changed":false,"footnotes":""},"class_list":["post-1082","page","type-page","status-publish","has-post-thumbnail","hentry"],"acf":[],"yoast_head":"<!-- This site is optimized with the Yoast SEO plugin v27.3 - https:\/\/yoast.com\/product\/yoast-seo-wordpress\/ -->\n<title>Bestil dit sj\u00e6lemaleri i dag<\/title>\n<meta name=\"robots\" content=\"index, follow, max-snippet:-1, max-image-preview:large, max-video-preview:-1\" \/>\n<link rel=\"canonical\" href=\"https:\/\/art-lui.com\/da\/order-soul-painting\/\" \/>\n<meta property=\"og:locale\" content=\"da_DK\" \/>\n<meta property=\"og:locale:alternate\" content=\"en_US\" \/>\n<meta property=\"og:type\" content=\"article\" \/>\n<meta property=\"og:title\" content=\"Bestil dit sj\u00e6lemaleri i dag\" \/>\n<meta property=\"og:description\" content=\"Sj\u00e6lemaleriet starter med en samtale. Her vil vi sammen gennemg\u00e5 farver, st\u00f8rrelse og et evt. tema. Jeg skaber dit sj\u00e6lemaleri ud fra vores samtale, energi og spirituel guidens. Det er altid m\u00e5let at skabe et healende maleri i farver og udtryk. &nbsp; https:\/\/youtu.be\/rmgVsDlTOJc &nbsp; https:\/\/youtu.be\/SEf7YC4PEoM\" \/>\n<meta property=\"og:url\" content=\"https:\/\/art-lui.com\/da\/order-soul-painting\/\" \/>\n<meta property=\"og:site_name\" content=\"ART-LUI\" \/>\n<meta property=\"article:publisher\" content=\"https:\/\/www.facebook.com\/galleriartlui\/\" \/>\n<meta property=\"article:modified_time\" content=\"2023-01-24T09:48:03+00:00\" \/>\n<meta property=\"og:image\" content=\"https:\/\/art-lui.com\/wp-content\/uploads\/2018\/05\/IMG_4218-cover-1-1.jpg\" \/>\n\t<meta property=\"og:image:width\" content=\"1200\" \/>\n\t<meta property=\"og:image:height\" content=\"500\" \/>\n\t<meta property=\"og:image:type\" content=\"image\/jpeg\" \/>\n<meta name=\"twitter:card\" content=\"summary_large_image\" \/>\n<meta name=\"twitter:label1\" content=\"Estimeret l\u00e6setid\" \/>\n\t<meta name=\"twitter:data1\" content=\"1 minut\" \/>\n<script type=\"application\/ld+json\" class=\"yoast-schema-graph\">{\"@context\":\"https:\\\/\\\/schema.org\",\"@graph\":[{\"@type\":\"WebPage\",\"@id\":\"https:\\\/\\\/art-lui.com\\\/order-soul-painting\\\/\",\"url\":\"https:\\\/\\\/art-lui.com\\\/order-soul-painting\\\/\",\"name\":\"Bestil dit sj\u00e6lemaleri i dag\",\"isPartOf\":{\"@id\":\"https:\\\/\\\/art-lui.com\\\/da\\\/#website\"},\"primaryImageOfPage\":{\"@id\":\"https:\\\/\\\/art-lui.com\\\/order-soul-painting\\\/#primaryimage\"},\"image\":{\"@id\":\"https:\\\/\\\/art-lui.com\\\/order-soul-painting\\\/#primaryimage\"},\"thumbnailUrl\":\"https:\\\/\\\/art-lui.com\\\/wp-content\\\/uploads\\\/2018\\\/05\\\/IMG_4218-cover-1-1.jpg\",\"datePublished\":\"2018-04-16T23:55:06+00:00\",\"dateModified\":\"2023-01-24T09:48:03+00:00\",\"breadcrumb\":{\"@id\":\"https:\\\/\\\/art-lui.com\\\/order-soul-painting\\\/#breadcrumb\"},\"inLanguage\":\"da-DK\",\"potentialAction\":[{\"@type\":\"ReadAction\",\"target\":[\"https:\\\/\\\/art-lui.com\\\/order-soul-painting\\\/\"]}]},{\"@type\":\"ImageObject\",\"inLanguage\":\"da-DK\",\"@id\":\"https:\\\/\\\/art-lui.com\\\/order-soul-painting\\\/#primaryimage\",\"url\":\"https:\\\/\\\/art-lui.com\\\/wp-content\\\/uploads\\\/2018\\\/05\\\/IMG_4218-cover-1-1.jpg\",\"contentUrl\":\"https:\\\/\\\/art-lui.com\\\/wp-content\\\/uploads\\\/2018\\\/05\\\/IMG_4218-cover-1-1.jpg\",\"width\":\"1200\",\"height\":\"500\"},{\"@type\":\"BreadcrumbList\",\"@id\":\"https:\\\/\\\/art-lui.com\\\/order-soul-painting\\\/#breadcrumb\",\"itemListElement\":[{\"@type\":\"ListItem\",\"position\":1,\"name\":\"Home\",\"item\":\"https:\\\/\\\/art-lui.com\\\/\"},{\"@type\":\"ListItem\",\"position\":2,\"name\":\"Bestil dit sj\u00e6lemaleri i dag\"}]},{\"@type\":\"WebSite\",\"@id\":\"https:\\\/\\\/art-lui.com\\\/da\\\/#website\",\"url\":\"https:\\\/\\\/art-lui.com\\\/da\\\/\",\"name\":\"ART-LUI\",\"description\":\"Helle Louise Kierkegaard - Art Lui\",\"publisher\":{\"@id\":\"https:\\\/\\\/art-lui.com\\\/da\\\/#organization\"},\"potentialAction\":[{\"@type\":\"SearchAction\",\"target\":{\"@type\":\"EntryPoint\",\"urlTemplate\":\"https:\\\/\\\/art-lui.com\\\/da\\\/?s={search_term_string}\"},\"query-input\":{\"@type\":\"PropertyValueSpecification\",\"valueRequired\":true,\"valueName\":\"search_term_string\"}}],\"inLanguage\":\"da-DK\"},{\"@type\":\"Organization\",\"@id\":\"https:\\\/\\\/art-lui.com\\\/da\\\/#organization\",\"name\":\"ART-LUI\",\"url\":\"https:\\\/\\\/art-lui.com\\\/da\\\/\",\"logo\":{\"@type\":\"ImageObject\",\"inLanguage\":\"da-DK\",\"@id\":\"https:\\\/\\\/art-lui.com\\\/da\\\/#\\\/schema\\\/logo\\\/image\\\/\",\"url\":\"https:\\\/\\\/art-lui.com\\\/wp-content\\\/uploads\\\/2018\\\/05\\\/Logo_without-background1.png\",\"contentUrl\":\"https:\\\/\\\/art-lui.com\\\/wp-content\\\/uploads\\\/2018\\\/05\\\/Logo_without-background1.png\",\"width\":\"75\",\"height\":\"118\",\"caption\":\"ART-LUI\"},\"image\":{\"@id\":\"https:\\\/\\\/art-lui.com\\\/da\\\/#\\\/schema\\\/logo\\\/image\\\/\"},\"sameAs\":[\"https:\\\/\\\/www.facebook.com\\\/galleriartlui\\\/\",\"https:\\\/\\\/www.instagram.com\\\/artlui.dk\\\/\"]}]}<\/script>\n<!-- \/ Yoast SEO plugin. -->","yoast_head_json":{"title":"Bestil dit sj\u00e6lemaleri i dag","robots":{"index":"index","follow":"follow","max-snippet":"max-snippet:-1","max-image-preview":"max-image-preview:large","max-video-preview":"max-video-preview:-1"},"canonical":"https:\/\/art-lui.com\/da\/order-soul-painting\/","og_locale":"da_DK","og_type":"article","og_title":"[:en]Order your SoulPainting[:da]Bestil dit sj\u00e6lemaleri i dag[:] - ART-LUI","og_description":"Sj\u00e6lemaleriet starter med en samtale. Her vil vi sammen gennemg\u00e5 farver, st\u00f8rrelse og et evt. tema. Jeg skaber dit sj\u00e6lemaleri ud fra vores samtale, energi og spirituel guidens. Det er altid m\u00e5let at skabe et healende maleri i farver og udtryk. &nbsp; https:\/\/youtu.be\/rmgVsDlTOJc &nbsp; https:\/\/youtu.be\/SEf7YC4PEoM","og_url":"https:\/\/art-lui.com\/da\/order-soul-painting\/","og_site_name":"ART-LUI","article_publisher":"https:\/\/www.facebook.com\/galleriartlui\/","article_modified_time":"2023-01-24T09:48:03+00:00","og_image":[{"width":1200,"height":500,"url":"https:\/\/art-lui.com\/wp-content\/uploads\/2018\/05\/IMG_4218-cover-1-1.jpg","type":"image\/jpeg"}],"twitter_card":"summary_large_image","twitter_misc":{"Estimeret l\u00e6setid":"1 minut"},"schema":{"@context":"https:\/\/schema.org","@graph":[{"@type":"WebPage","@id":"https:\/\/art-lui.com\/order-soul-painting\/","url":"https:\/\/art-lui.com\/order-soul-painting\/","name":"Bestil dit sj\u00e6lemaleri i dag","isPartOf":{"@id":"https:\/\/art-lui.com\/da\/#website"},"primaryImageOfPage":{"@id":"https:\/\/art-lui.com\/order-soul-painting\/#primaryimage"},"image":{"@id":"https:\/\/art-lui.com\/order-soul-painting\/#primaryimage"},"thumbnailUrl":"https:\/\/art-lui.com\/wp-content\/uploads\/2018\/05\/IMG_4218-cover-1-1.jpg","datePublished":"2018-04-16T23:55:06+00:00","dateModified":"2023-01-24T09:48:03+00:00","breadcrumb":{"@id":"https:\/\/art-lui.com\/order-soul-painting\/#breadcrumb"},"inLanguage":"da-DK","potentialAction":[{"@type":"ReadAction","target":["https:\/\/art-lui.com\/order-soul-painting\/"]}]},{"@type":"ImageObject","inLanguage":"da-DK","@id":"https:\/\/art-lui.com\/order-soul-painting\/#primaryimage","url":"https:\/\/art-lui.com\/wp-content\/uploads\/2018\/05\/IMG_4218-cover-1-1.jpg","contentUrl":"https:\/\/art-lui.com\/wp-content\/uploads\/2018\/05\/IMG_4218-cover-1-1.jpg","width":"1200","height":"500"},{"@type":"BreadcrumbList","@id":"https:\/\/art-lui.com\/order-soul-painting\/#breadcrumb","itemListElement":[{"@type":"ListItem","position":1,"name":"Home","item":"https:\/\/art-lui.com\/"},{"@type":"ListItem","position":2,"name":"Bestil dit sj\u00e6lemaleri i dag"}]},{"@type":"WebSite","@id":"https:\/\/art-lui.com\/da\/#website","url":"https:\/\/art-lui.com\/da\/","name":"ART-LUI","description":"Helle Louise Kierkegaard - Art Lui","publisher":{"@id":"https:\/\/art-lui.com\/da\/#organization"},"potentialAction":[{"@type":"SearchAction","target":{"@type":"EntryPoint","urlTemplate":"https:\/\/art-lui.com\/da\/?s={search_term_string}"},"query-input":{"@type":"PropertyValueSpecification","valueRequired":true,"valueName":"search_term_string"}}],"inLanguage":"da-DK"},{"@type":"Organization","@id":"https:\/\/art-lui.com\/da\/#organization","name":"ART-LUI","url":"https:\/\/art-lui.com\/da\/","logo":{"@type":"ImageObject","inLanguage":"da-DK","@id":"https:\/\/art-lui.com\/da\/#\/schema\/logo\/image\/","url":"https:\/\/art-lui.com\/wp-content\/uploads\/2018\/05\/Logo_without-background1.png","contentUrl":"https:\/\/art-lui.com\/wp-content\/uploads\/2018\/05\/Logo_without-background1.png","width":"75","height":"118","caption":"ART-LUI"},"image":{"@id":"https:\/\/art-lui.com\/da\/#\/schema\/logo\/image\/"},"sameAs":["https:\/\/www.facebook.com\/galleriartlui\/","https:\/\/www.instagram.com\/artlui.dk\/"]}]}},"jetpack_sharing_enabled":true,"_links":{"self":[{"href":"https:\/\/art-lui.com\/da\/wp-json\/wp\/v2\/pages\/1082","targetHints":{"allow":["GET"]}}],"collection":[{"href":"https:\/\/art-lui.com\/da\/wp-json\/wp\/v2\/pages"}],"about":[{"href":"https:\/\/art-lui.com\/da\/wp-json\/wp\/v2\/types\/page"}],"author":[{"embeddable":true,"href":"https:\/\/art-lui.com\/da\/wp-json\/wp\/v2\/users\/2"}],"replies":[{"embeddable":true,"href":"https:\/\/art-lui.com\/da\/wp-json\/wp\/v2\/comments?post=1082"}],"version-history":[{"count":0,"href":"https:\/\/art-lui.com\/da\/wp-json\/wp\/v2\/pages\/1082\/revisions"}],"wp:featuredmedia":[{"embeddable":true,"href":"https:\/\/art-lui.com\/da\/wp-json\/wp\/v2\/media\/6253"}],"wp:attachment":[{"href":"https:\/\/art-lui.com\/da\/wp-json\/wp\/v2\/media?parent=1082"}],"curies":[{"name":"wp","href":"https:\/\/api.w.org\/{rel}","templated":true}]}}