{"id":121,"date":"2017-06-27T11:42:42","date_gmt":"2017-06-27T09:42:42","guid":{"rendered":"https:\/\/www.happythemes.com\/demo\/newsnow\/?page_id=121"},"modified":"2025-12-15T13:47:57","modified_gmt":"2025-12-15T12:47:57","slug":"contact","status":"publish","type":"page","link":"https:\/\/art-lui.com\/da\/contact\/","title":{"rendered":"Kontakt ART-LUI"},"content":{"rendered":"<p>Du er velkommen til at kontakte kunstner Helle Louise Kierkegaard p\u00e5 tel.no + 45 22434727 for hurtig respons p\u00e5 sp\u00f8rgsm\u00e5l og evt fremvisning af Galleri &#038; Atelier ART-LUI.<\/p>\n<div class=\"wpforms-container wpforms-container-full\" id=\"wpforms-18846\"><form id=\"wpforms-form-18846\" class=\"wpforms-validate wpforms-form\" data-formid=\"18846\" method=\"post\" enctype=\"multipart\/form-data\" action=\"\/da\/wp-json\/wp\/v2\/pages\/121\" data-token=\"2d8ac33c5fc2962d6542b3a6a3dd3749\" data-token-time=\"1775403635\"><noscript class=\"wpforms-error-noscript\">Please enable JavaScript in your browser to complete this form.<\/noscript><div class=\"wpforms-field-container\"><div id=\"wpforms-18846-field_0-container\" class=\"wpforms-field wpforms-field-name\" data-field-id=\"0\"><label class=\"wpforms-field-label\" for=\"wpforms-18846-field_0\">Navn <span class=\"wpforms-required-label\">*<\/span><\/label><input type=\"text\" id=\"wpforms-18846-field_0\" class=\"wpforms-field-medium wpforms-field-required\" name=\"wpforms[fields][0]\" required><\/div><div id=\"wpforms-18846-field_1-container\" class=\"wpforms-field wpforms-field-email\" data-field-id=\"1\"><label class=\"wpforms-field-label\" for=\"wpforms-18846-field_1\">Email <span class=\"wpforms-required-label\">*<\/span><\/label><input type=\"email\" id=\"wpforms-18846-field_1\" class=\"wpforms-field-medium wpforms-field-required\" name=\"wpforms[fields][1]\" spellcheck=\"false\" required><\/div><div id=\"wpforms-18846-field_2-container\" class=\"wpforms-field wpforms-field-textarea\" data-field-id=\"2\"><label class=\"wpforms-field-label\" for=\"wpforms-18846-field_2\">Besked <span class=\"wpforms-required-label\">*<\/span><\/label><textarea id=\"wpforms-18846-field_2\" class=\"wpforms-field-medium wpforms-field-required\" name=\"wpforms[fields][2]\" required><\/textarea><\/div><\/div><!-- .wpforms-field-container --><div class=\"wpforms-field wpforms-field-hp\"><label for=\"wpforms-18846-field-hp\" class=\"wpforms-field-label\">Phone<\/label><input type=\"text\" name=\"wpforms[hp]\" id=\"wpforms-18846-field-hp\" class=\"wpforms-field-medium\"><\/div><div class=\"wpforms-submit-container\" ><input type=\"hidden\" name=\"wpforms[id]\" value=\"18846\"><input type=\"hidden\" name=\"page_title\" value=\"\"><input type=\"hidden\" name=\"page_url\" value=\"https:\/\/art-lui.com\/da\/wp-json\/wp\/v2\/pages\/121\"><input type=\"hidden\" name=\"url_referer\" value=\"\"><button type=\"submit\" name=\"wpforms[submit]\" id=\"wpforms-submit-18846\" class=\"wpforms-submit\" data-alt-text=\"Sender...\" data-submit-text=\"Send\" aria-live=\"assertive\" value=\"wpforms-submit\">Send<\/button><\/div><\/form><\/div>  <!-- .wpforms-container -->\n<p>&nbsp;<\/p>\n<p>Galleri ART-LUI har varierende \u00e5bningstider og derfor er det altid en god ide at kontakte Helle Louise inden et bes\u00f8g. V\u00e6r opm\u00e6rksom p\u00e5 at Galleri Art &#8211; Lui har lokaler i K\u00f8benhavn.<\/p>\n<p>&nbsp;<\/p>\n<p><strong>K\u00f8benhavn:<\/strong>\u00a0Richard Mortensens Vej 88 7 Mf,\u00a02300 K\u00f8benhavn S<\/p>\n<p><iframe loading=\"lazy\" style=\"border: 0;\" src=\"https:\/\/www.google.com\/maps\/embed?pb=!1m18!1m12!1m3!1d2253.1329270521924!2d12.567822416226967!3d55.61710270991671!2m3!1f0!2f0!3f0!3m2!1i1024!2i768!4f13.1!3m3!1m2!1s0x465254c4fe5cfa81%3A0x71903764fc9d6736!2sRichard%20Mortensens%20Vej%2088%2C%207%20Mf%2C%202300%20K%C3%B8benhavn!5e0!3m2!1sno!2sdk!4v1675961325444!5m2!1sno!2sdk\" width=\"600\" height=\"450\" allowfullscreen=\"allowfullscreen\"><\/iframe><\/p>\n<p>Udover Lui\u00b4s egen Webshop er du velkommen til at Tjekke ind p\u00e5 disse f\u00f8lgende Gallerier ved k\u00f8b af Lui malerier:<br \/>\n<a href=\"http:\/\/habsoe.dk\/\" target=\"_blank\" rel=\"noopener\">Gallery Habsoe<\/a> in Denmark<br \/>\n<a href=\"http:\/\/www.knudgrothe.dk\/\" target=\"_blank\" rel=\"noopener\">Gallery Knud Grothe<\/a> in Denmark<\/p>\n<p>Her kan du ogs\u00e5 kontakte Helle Louise Kierkegaard \/ ART-LUI<\/p>\n<p>&nbsp;<\/p>\n<style type=\"text\/css\">\n#foogallery-gallery-21184 .fg-image { width: 150px; }\n#foogallery-gallery-21184 { --fg-gutter: 10px; }<\/style>\n\t\t\t<div class=\"foogallery foogallery-container foogallery-default foogallery-lightbox-foobox fg-center fg-default fg-ready fg-light fg-border-thin fg-shadow-outline fg-loading-default fg-loaded-fade-in fg-caption-hover fg-hover-fade fg-hover-zoom\" id=\"foogallery-gallery-21184\" data-foogallery=\"{&quot;item&quot;:{&quot;showCaptionTitle&quot;:true,&quot;showCaptionDescription&quot;:true},&quot;lazy&quot;:true}\" style=\"--fg-title-line-clamp: 0; --fg-description-line-clamp: 0;\" >\n\t<div class=\"fg-item fg-type-image fg-idle\"><figure class=\"fg-item-inner\"><a href=\"https:\/\/art-lui.com\/wp-content\/uploads\/2018\/10\/img_8395-1.jpg\" data-attachment-id=\"14640\" data-type=\"image\" class=\"fg-thumb\"><span class=\"fg-image-wrap\"><img decoding=\"async\" width=\"150\" height=\"150\" class=\"skip-lazy fg-image\" data-src-fg=\"https:\/\/art-lui.com\/wp-content\/uploads\/cache\/2018\/10\/img_8395-1\/1801494480.jpg\" src=\"data:image\/svg+xml,%3Csvg%20xmlns%3D%22http%3A%2F%2Fwww.w3.org%2F2000%2Fsvg%22%20width%3D%22150%22%20height%3D%22150%22%20viewBox%3D%220%200%20150%20150%22%3E%3C%2Fsvg%3E\" loading=\"eager\"><\/span><span class=\"fg-image-overlay\"><\/span><\/a><\/figure><div class=\"fg-loader\"><\/div><\/div><div class=\"fg-item fg-type-image fg-idle\"><figure class=\"fg-item-inner\"><a href=\"https:\/\/art-lui.com\/wp-content\/uploads\/2022\/05\/P1497441-scaled.jpg\" data-attachment-id=\"21048\" data-type=\"image\" class=\"fg-thumb\"><span class=\"fg-image-wrap\"><img decoding=\"async\" width=\"150\" height=\"150\" class=\"skip-lazy fg-image\" data-src-fg=\"https:\/\/art-lui.com\/wp-content\/uploads\/cache\/2022\/05\/P1497441-scaled\/51502804.jpg\" src=\"data:image\/svg+xml,%3Csvg%20xmlns%3D%22http%3A%2F%2Fwww.w3.org%2F2000%2Fsvg%22%20width%3D%22150%22%20height%3D%22150%22%20viewBox%3D%220%200%20150%20150%22%3E%3C%2Fsvg%3E\" loading=\"eager\"><\/span><span class=\"fg-image-overlay\"><\/span><\/a><\/figure><div class=\"fg-loader\"><\/div><\/div><div class=\"fg-item fg-type-image fg-idle\"><figure class=\"fg-item-inner\"><a href=\"https:\/\/art-lui.com\/wp-content\/uploads\/2021\/05\/IMG_3995.jpg\" data-attachment-id=\"20169\" data-type=\"image\" class=\"fg-thumb\"><span class=\"fg-image-wrap\"><img decoding=\"async\" width=\"150\" height=\"150\" class=\"skip-lazy fg-image\" data-src-fg=\"https:\/\/art-lui.com\/wp-content\/uploads\/cache\/2021\/05\/IMG_3995\/3754696718.jpg\" src=\"data:image\/svg+xml,%3Csvg%20xmlns%3D%22http%3A%2F%2Fwww.w3.org%2F2000%2Fsvg%22%20width%3D%22150%22%20height%3D%22150%22%20viewBox%3D%220%200%20150%20150%22%3E%3C%2Fsvg%3E\" loading=\"eager\"><\/span><span class=\"fg-image-overlay\"><\/span><\/a><\/figure><div class=\"fg-loader\"><\/div><\/div><div class=\"fg-item fg-type-image fg-idle\"><figure class=\"fg-item-inner\"><a href=\"https:\/\/art-lui.com\/wp-content\/uploads\/2021\/04\/P1231380-scaled.jpg\" data-attachment-id=\"20112\" data-type=\"image\" class=\"fg-thumb\"><span class=\"fg-image-wrap\"><img decoding=\"async\" width=\"150\" height=\"150\" class=\"skip-lazy fg-image\" data-src-fg=\"https:\/\/art-lui.com\/wp-content\/uploads\/cache\/2021\/04\/P1231380-scaled\/356959452.jpg\" src=\"data:image\/svg+xml,%3Csvg%20xmlns%3D%22http%3A%2F%2Fwww.w3.org%2F2000%2Fsvg%22%20width%3D%22150%22%20height%3D%22150%22%20viewBox%3D%220%200%20150%20150%22%3E%3C%2Fsvg%3E\" loading=\"eager\"><\/span><span class=\"fg-image-overlay\"><\/span><\/a><\/figure><div class=\"fg-loader\"><\/div><\/div><div class=\"fg-item fg-type-image fg-idle\"><figure class=\"fg-item-inner\"><a href=\"https:\/\/art-lui.com\/wp-content\/uploads\/2020\/11\/E4068B42-8606-49B6-827F-012B1E93CEA9.jpg\" data-caption-title=\"[:en]Tranum Strandgaard[:]\" data-attachment-id=\"19878\" data-type=\"image\" class=\"fg-thumb\"><span class=\"fg-image-wrap\"><img decoding=\"async\" title=\"[:en]Tranum Strandgaard[:]\" width=\"150\" height=\"150\" class=\"skip-lazy fg-image\" data-src-fg=\"https:\/\/art-lui.com\/wp-content\/uploads\/cache\/2020\/11\/E4068B42-8606-49B6-827F-012B1E93CEA9\/2612816491.jpg\" src=\"data:image\/svg+xml,%3Csvg%20xmlns%3D%22http%3A%2F%2Fwww.w3.org%2F2000%2Fsvg%22%20width%3D%22150%22%20height%3D%22150%22%20viewBox%3D%220%200%20150%20150%22%3E%3C%2Fsvg%3E\" loading=\"eager\"><\/span><span class=\"fg-image-overlay\"><\/span><\/a><figcaption class=\"fg-caption\"><div class=\"fg-caption-inner\"><div class=\"fg-caption-title\">[:en]Tranum Strandgaard[:]<\/div><\/div><\/figcaption><\/figure><div class=\"fg-loader\"><\/div><\/div><div class=\"fg-item fg-type-image fg-idle\"><figure class=\"fg-item-inner\"><a href=\"https:\/\/art-lui.com\/wp-content\/uploads\/2020\/10\/6784092D-FDC9-4BB4-B82A-FF6669988BF2-scaled.jpg\" data-attachment-id=\"19745\" data-type=\"image\" class=\"fg-thumb\"><span class=\"fg-image-wrap\"><img decoding=\"async\" width=\"150\" height=\"150\" class=\"skip-lazy fg-image\" data-src-fg=\"https:\/\/art-lui.com\/wp-content\/uploads\/cache\/2020\/10\/6784092D-FDC9-4BB4-B82A-FF6669988BF2-scaled\/3234361670.jpg\" src=\"data:image\/svg+xml,%3Csvg%20xmlns%3D%22http%3A%2F%2Fwww.w3.org%2F2000%2Fsvg%22%20width%3D%22150%22%20height%3D%22150%22%20viewBox%3D%220%200%20150%20150%22%3E%3C%2Fsvg%3E\" loading=\"eager\"><\/span><span class=\"fg-image-overlay\"><\/span><\/a><\/figure><div class=\"fg-loader\"><\/div><\/div><div class=\"fg-item fg-type-image fg-idle\"><figure class=\"fg-item-inner\"><a href=\"https:\/\/art-lui.com\/wp-content\/uploads\/2020\/04\/1e5c3dfc-8cf2-48e6-880e-afc0c9287dd8-5.jpg\" data-attachment-id=\"19288\" data-type=\"image\" class=\"fg-thumb\"><span class=\"fg-image-wrap\"><img decoding=\"async\" width=\"150\" height=\"150\" class=\"skip-lazy fg-image\" data-src-fg=\"https:\/\/art-lui.com\/wp-content\/uploads\/cache\/2020\/04\/1e5c3dfc-8cf2-48e6-880e-afc0c9287dd8-5\/1700960104.jpg\" src=\"data:image\/svg+xml,%3Csvg%20xmlns%3D%22http%3A%2F%2Fwww.w3.org%2F2000%2Fsvg%22%20width%3D%22150%22%20height%3D%22150%22%20viewBox%3D%220%200%20150%20150%22%3E%3C%2Fsvg%3E\" loading=\"eager\"><\/span><span class=\"fg-image-overlay\"><\/span><\/a><\/figure><div class=\"fg-loader\"><\/div><\/div><div class=\"fg-item fg-type-image fg-idle\"><figure class=\"fg-item-inner\"><a href=\"https:\/\/art-lui.com\/wp-content\/uploads\/2020\/03\/img_3755-7.jpg\" data-attachment-id=\"18960\" data-type=\"image\" class=\"fg-thumb\"><span class=\"fg-image-wrap\"><img decoding=\"async\" width=\"150\" height=\"150\" class=\"skip-lazy fg-image\" data-src-fg=\"https:\/\/art-lui.com\/wp-content\/uploads\/cache\/2020\/03\/img_3755-7\/3115763692.jpg\" src=\"data:image\/svg+xml,%3Csvg%20xmlns%3D%22http%3A%2F%2Fwww.w3.org%2F2000%2Fsvg%22%20width%3D%22150%22%20height%3D%22150%22%20viewBox%3D%220%200%20150%20150%22%3E%3C%2Fsvg%3E\" loading=\"eager\"><\/span><span class=\"fg-image-overlay\"><\/span><\/a><\/figure><div class=\"fg-loader\"><\/div><\/div><div class=\"fg-item fg-type-image fg-idle\"><figure class=\"fg-item-inner\"><a href=\"https:\/\/art-lui.com\/wp-content\/uploads\/2020\/02\/fullsizeoutput_7830-scaled.jpeg\" data-caption-title=\"[:en]Tranum Strandgaard[:]\" data-attachment-id=\"18697\" data-type=\"image\" class=\"fg-thumb\"><span class=\"fg-image-wrap\"><img decoding=\"async\" title=\"[:en]Tranum Strandgaard[:]\" width=\"150\" height=\"150\" class=\"skip-lazy fg-image\" data-src-fg=\"https:\/\/art-lui.com\/wp-content\/uploads\/cache\/2020\/02\/fullsizeoutput_7830-scaled\/973080195.jpeg\" src=\"data:image\/svg+xml,%3Csvg%20xmlns%3D%22http%3A%2F%2Fwww.w3.org%2F2000%2Fsvg%22%20width%3D%22150%22%20height%3D%22150%22%20viewBox%3D%220%200%20150%20150%22%3E%3C%2Fsvg%3E\" loading=\"eager\"><\/span><span class=\"fg-image-overlay\"><\/span><\/a><figcaption class=\"fg-caption\"><div class=\"fg-caption-inner\"><div class=\"fg-caption-title\">[:en]Tranum Strandgaard[:]<\/div><\/div><\/figcaption><\/figure><div class=\"fg-loader\"><\/div><\/div><div class=\"fg-item fg-type-image fg-idle\"><figure class=\"fg-item-inner\"><a href=\"https:\/\/art-lui.com\/wp-content\/uploads\/2019\/08\/nyt-galleri.jpg\" data-attachment-id=\"18189\" data-type=\"image\" class=\"fg-thumb\"><span class=\"fg-image-wrap\"><img decoding=\"async\" width=\"150\" height=\"150\" class=\"skip-lazy fg-image\" data-src-fg=\"https:\/\/art-lui.com\/wp-content\/uploads\/cache\/2019\/08\/nyt-galleri\/1286755029.jpg\" src=\"data:image\/svg+xml,%3Csvg%20xmlns%3D%22http%3A%2F%2Fwww.w3.org%2F2000%2Fsvg%22%20width%3D%22150%22%20height%3D%22150%22%20viewBox%3D%220%200%20150%20150%22%3E%3C%2Fsvg%3E\" loading=\"eager\"><\/span><span class=\"fg-image-overlay\"><\/span><\/a><\/figure><div class=\"fg-loader\"><\/div><\/div><div class=\"fg-item fg-type-image fg-idle\"><figure class=\"fg-item-inner\"><a href=\"https:\/\/art-lui.com\/wp-content\/uploads\/2019\/07\/img_7754-1-1.jpg\" data-caption-title=\"[:en]Tranum Strandgaard[:]\" data-attachment-id=\"18182\" data-type=\"image\" class=\"fg-thumb\"><span class=\"fg-image-wrap\"><img decoding=\"async\" title=\"[:en]Tranum Strandgaard[:]\" width=\"150\" height=\"150\" class=\"skip-lazy fg-image\" data-src-fg=\"https:\/\/art-lui.com\/wp-content\/uploads\/cache\/2019\/07\/img_7754-1-1\/1499258857.jpg\" src=\"data:image\/svg+xml,%3Csvg%20xmlns%3D%22http%3A%2F%2Fwww.w3.org%2F2000%2Fsvg%22%20width%3D%22150%22%20height%3D%22150%22%20viewBox%3D%220%200%20150%20150%22%3E%3C%2Fsvg%3E\" loading=\"eager\"><\/span><span class=\"fg-image-overlay\"><\/span><\/a><figcaption class=\"fg-caption\"><div class=\"fg-caption-inner\"><div class=\"fg-caption-title\">[:en]Tranum Strandgaard[:]<\/div><\/div><\/figcaption><\/figure><div class=\"fg-loader\"><\/div><\/div><div class=\"fg-item fg-type-image fg-idle\"><figure class=\"fg-item-inner\"><a href=\"https:\/\/art-lui.com\/wp-content\/uploads\/2019\/08\/postkasse.jpg\" data-attachment-id=\"18199\" data-type=\"image\" class=\"fg-thumb\"><span class=\"fg-image-wrap\"><img decoding=\"async\" width=\"150\" height=\"150\" class=\"skip-lazy fg-image\" data-src-fg=\"https:\/\/art-lui.com\/wp-content\/uploads\/cache\/2019\/08\/postkasse\/3633370194.jpg\" src=\"data:image\/svg+xml,%3Csvg%20xmlns%3D%22http%3A%2F%2Fwww.w3.org%2F2000%2Fsvg%22%20width%3D%22150%22%20height%3D%22150%22%20viewBox%3D%220%200%20150%20150%22%3E%3C%2Fsvg%3E\" loading=\"eager\"><\/span><span class=\"fg-image-overlay\"><\/span><\/a><\/figure><div class=\"fg-loader\"><\/div><\/div><div class=\"fg-item fg-type-image fg-idle\"><figure class=\"fg-item-inner\"><a href=\"https:\/\/art-lui.com\/wp-content\/uploads\/2018\/08\/8216.jpg\" data-attachment-id=\"12302\" data-type=\"image\" class=\"fg-thumb\"><span class=\"fg-image-wrap\"><img decoding=\"async\" width=\"150\" height=\"150\" class=\"skip-lazy fg-image\" data-src-fg=\"https:\/\/art-lui.com\/wp-content\/uploads\/cache\/2018\/08\/8216\/3833946366.jpg\" src=\"data:image\/svg+xml,%3Csvg%20xmlns%3D%22http%3A%2F%2Fwww.w3.org%2F2000%2Fsvg%22%20width%3D%22150%22%20height%3D%22150%22%20viewBox%3D%220%200%20150%20150%22%3E%3C%2Fsvg%3E\" loading=\"eager\"><\/span><span class=\"fg-image-overlay\"><\/span><\/a><\/figure><div class=\"fg-loader\"><\/div><\/div><\/div>\n\n<p>&nbsp;<\/p>\n","protected":false},"excerpt":{"rendered":"<p>Du er velkommen til at kontakte kunstner Helle Louise Kierkegaard p\u00e5 tel.no + 45 22434727 for hurtig respons p\u00e5 sp\u00f8rgsm\u00e5l og evt fremvisning af Galleri &#038; Atelier ART-LUI. &nbsp; Galleri ART-LUI har varierende \u00e5bningstider og derfor er det altid en god ide at kontakte Helle Louise inden et bes\u00f8g. V\u00e6r opm\u00e6rksom p\u00e5 at Galleri Art [&hellip;]<\/p>\n","protected":false},"author":8,"featured_media":7720,"parent":0,"menu_order":61,"comment_status":"closed","ping_status":"closed","template":"","meta":{"_acf_changed":false,"footnotes":""},"class_list":["post-121","page","type-page","status-publish","has-post-thumbnail","hentry"],"acf":[],"yoast_head":"<!-- This site is optimized with the Yoast SEO plugin v27.3 - https:\/\/yoast.com\/product\/yoast-seo-wordpress\/ -->\n<title>Kontakt ART-LUI<\/title>\n<meta name=\"robots\" content=\"index, follow, max-snippet:-1, max-image-preview:large, max-video-preview:-1\" \/>\n<link rel=\"canonical\" href=\"https:\/\/art-lui.com\/da\/contact\/\" \/>\n<meta property=\"og:locale\" content=\"da_DK\" \/>\n<meta property=\"og:locale:alternate\" content=\"en_US\" \/>\n<meta property=\"og:type\" content=\"article\" \/>\n<meta property=\"og:title\" content=\"Kontakt ART-LUI\" \/>\n<meta property=\"og:description\" content=\"Du er velkommen til at kontakte kunstner Helle Louise Kierkegaard p\u00e5 tel.no + 45 22434727 for hurtig respons p\u00e5 sp\u00f8rgsm\u00e5l og evt fremvisning af Galleri &amp; Atelier ART-LUI. &nbsp; Galleri ART-LUI har varierende \u00e5bningstider og derfor er det altid en god ide at kontakte Helle Louise inden et bes\u00f8g. V\u00e6r opm\u00e6rksom p\u00e5 at Galleri Art [&hellip;]\" \/>\n<meta property=\"og:url\" content=\"https:\/\/art-lui.com\/da\/contact\/\" \/>\n<meta property=\"og:site_name\" content=\"ART-LUI\" \/>\n<meta property=\"article:publisher\" content=\"https:\/\/www.facebook.com\/galleriartlui\/\" \/>\n<meta property=\"article:modified_time\" content=\"2025-12-15T12:47:57+00:00\" \/>\n<meta property=\"og:image\" content=\"https:\/\/art-lui.com\/wp-content\/uploads\/2018\/05\/IMG_3164-featured.png\" \/>\n\t<meta property=\"og:image:width\" content=\"1200\" \/>\n\t<meta property=\"og:image:height\" content=\"510\" \/>\n\t<meta property=\"og:image:type\" content=\"image\/png\" \/>\n<meta name=\"twitter:card\" content=\"summary_large_image\" \/>\n<meta name=\"twitter:label1\" content=\"Estimeret l\u00e6setid\" \/>\n\t<meta name=\"twitter:data1\" content=\"1 minut\" \/>\n<script type=\"application\/ld+json\" class=\"yoast-schema-graph\">{\"@context\":\"https:\\\/\\\/schema.org\",\"@graph\":[{\"@type\":\"WebPage\",\"@id\":\"https:\\\/\\\/art-lui.com\\\/contact\\\/\",\"url\":\"https:\\\/\\\/art-lui.com\\\/contact\\\/\",\"name\":\"Kontakt ART-LUI\",\"isPartOf\":{\"@id\":\"https:\\\/\\\/art-lui.com\\\/da\\\/#website\"},\"primaryImageOfPage\":{\"@id\":\"https:\\\/\\\/art-lui.com\\\/contact\\\/#primaryimage\"},\"image\":{\"@id\":\"https:\\\/\\\/art-lui.com\\\/contact\\\/#primaryimage\"},\"thumbnailUrl\":\"https:\\\/\\\/art-lui.com\\\/wp-content\\\/uploads\\\/2018\\\/05\\\/IMG_3164-featured.png\",\"datePublished\":\"2017-06-27T09:42:42+00:00\",\"dateModified\":\"2025-12-15T12:47:57+00:00\",\"breadcrumb\":{\"@id\":\"https:\\\/\\\/art-lui.com\\\/contact\\\/#breadcrumb\"},\"inLanguage\":\"da-DK\",\"potentialAction\":[{\"@type\":\"ReadAction\",\"target\":[\"https:\\\/\\\/art-lui.com\\\/contact\\\/\"]}]},{\"@type\":\"ImageObject\",\"inLanguage\":\"da-DK\",\"@id\":\"https:\\\/\\\/art-lui.com\\\/contact\\\/#primaryimage\",\"url\":\"https:\\\/\\\/art-lui.com\\\/wp-content\\\/uploads\\\/2018\\\/05\\\/IMG_3164-featured.png\",\"contentUrl\":\"https:\\\/\\\/art-lui.com\\\/wp-content\\\/uploads\\\/2018\\\/05\\\/IMG_3164-featured.png\",\"width\":\"1200\",\"height\":\"510\"},{\"@type\":\"BreadcrumbList\",\"@id\":\"https:\\\/\\\/art-lui.com\\\/contact\\\/#breadcrumb\",\"itemListElement\":[{\"@type\":\"ListItem\",\"position\":1,\"name\":\"Home\",\"item\":\"https:\\\/\\\/art-lui.com\\\/\"},{\"@type\":\"ListItem\",\"position\":2,\"name\":\"Contact ART-LUI\"}]},{\"@type\":\"WebSite\",\"@id\":\"https:\\\/\\\/art-lui.com\\\/da\\\/#website\",\"url\":\"https:\\\/\\\/art-lui.com\\\/da\\\/\",\"name\":\"ART-LUI\",\"description\":\"Helle Louise Kierkegaard - Art Lui\",\"publisher\":{\"@id\":\"https:\\\/\\\/art-lui.com\\\/da\\\/#organization\"},\"potentialAction\":[{\"@type\":\"SearchAction\",\"target\":{\"@type\":\"EntryPoint\",\"urlTemplate\":\"https:\\\/\\\/art-lui.com\\\/da\\\/?s={search_term_string}\"},\"query-input\":{\"@type\":\"PropertyValueSpecification\",\"valueRequired\":true,\"valueName\":\"search_term_string\"}}],\"inLanguage\":\"da-DK\"},{\"@type\":\"Organization\",\"@id\":\"https:\\\/\\\/art-lui.com\\\/da\\\/#organization\",\"name\":\"ART-LUI\",\"url\":\"https:\\\/\\\/art-lui.com\\\/da\\\/\",\"logo\":{\"@type\":\"ImageObject\",\"inLanguage\":\"da-DK\",\"@id\":\"https:\\\/\\\/art-lui.com\\\/da\\\/#\\\/schema\\\/logo\\\/image\\\/\",\"url\":\"https:\\\/\\\/art-lui.com\\\/wp-content\\\/uploads\\\/2018\\\/05\\\/Logo_without-background1.png\",\"contentUrl\":\"https:\\\/\\\/art-lui.com\\\/wp-content\\\/uploads\\\/2018\\\/05\\\/Logo_without-background1.png\",\"width\":\"75\",\"height\":\"118\",\"caption\":\"ART-LUI\"},\"image\":{\"@id\":\"https:\\\/\\\/art-lui.com\\\/da\\\/#\\\/schema\\\/logo\\\/image\\\/\"},\"sameAs\":[\"https:\\\/\\\/www.facebook.com\\\/galleriartlui\\\/\",\"https:\\\/\\\/www.instagram.com\\\/artlui.dk\\\/\"]}]}<\/script>\n<!-- \/ Yoast SEO plugin. -->","yoast_head_json":{"title":"Kontakt ART-LUI","robots":{"index":"index","follow":"follow","max-snippet":"max-snippet:-1","max-image-preview":"max-image-preview:large","max-video-preview":"max-video-preview:-1"},"canonical":"https:\/\/art-lui.com\/da\/contact\/","og_locale":"da_DK","og_type":"article","og_title":"[:en]Contact ART-LUI[:da]Kontakt ART-LUI[:] - ART-LUI","og_description":"Du er velkommen til at kontakte kunstner Helle Louise Kierkegaard p\u00e5 tel.no + 45 22434727 for hurtig respons p\u00e5 sp\u00f8rgsm\u00e5l og evt fremvisning af Galleri &#038; Atelier ART-LUI. &nbsp; Galleri ART-LUI har varierende \u00e5bningstider og derfor er det altid en god ide at kontakte Helle Louise inden et bes\u00f8g. V\u00e6r opm\u00e6rksom p\u00e5 at Galleri Art [&hellip;]","og_url":"https:\/\/art-lui.com\/da\/contact\/","og_site_name":"ART-LUI","article_publisher":"https:\/\/www.facebook.com\/galleriartlui\/","article_modified_time":"2025-12-15T12:47:57+00:00","og_image":[{"width":1200,"height":510,"url":"https:\/\/art-lui.com\/wp-content\/uploads\/2018\/05\/IMG_3164-featured.png","type":"image\/png"}],"twitter_card":"summary_large_image","twitter_misc":{"Estimeret l\u00e6setid":"1 minut"},"schema":{"@context":"https:\/\/schema.org","@graph":[{"@type":"WebPage","@id":"https:\/\/art-lui.com\/contact\/","url":"https:\/\/art-lui.com\/contact\/","name":"Kontakt ART-LUI","isPartOf":{"@id":"https:\/\/art-lui.com\/da\/#website"},"primaryImageOfPage":{"@id":"https:\/\/art-lui.com\/contact\/#primaryimage"},"image":{"@id":"https:\/\/art-lui.com\/contact\/#primaryimage"},"thumbnailUrl":"https:\/\/art-lui.com\/wp-content\/uploads\/2018\/05\/IMG_3164-featured.png","datePublished":"2017-06-27T09:42:42+00:00","dateModified":"2025-12-15T12:47:57+00:00","breadcrumb":{"@id":"https:\/\/art-lui.com\/contact\/#breadcrumb"},"inLanguage":"da-DK","potentialAction":[{"@type":"ReadAction","target":["https:\/\/art-lui.com\/contact\/"]}]},{"@type":"ImageObject","inLanguage":"da-DK","@id":"https:\/\/art-lui.com\/contact\/#primaryimage","url":"https:\/\/art-lui.com\/wp-content\/uploads\/2018\/05\/IMG_3164-featured.png","contentUrl":"https:\/\/art-lui.com\/wp-content\/uploads\/2018\/05\/IMG_3164-featured.png","width":"1200","height":"510"},{"@type":"BreadcrumbList","@id":"https:\/\/art-lui.com\/contact\/#breadcrumb","itemListElement":[{"@type":"ListItem","position":1,"name":"Home","item":"https:\/\/art-lui.com\/"},{"@type":"ListItem","position":2,"name":"Contact ART-LUI"}]},{"@type":"WebSite","@id":"https:\/\/art-lui.com\/da\/#website","url":"https:\/\/art-lui.com\/da\/","name":"ART-LUI","description":"Helle Louise Kierkegaard - Art Lui","publisher":{"@id":"https:\/\/art-lui.com\/da\/#organization"},"potentialAction":[{"@type":"SearchAction","target":{"@type":"EntryPoint","urlTemplate":"https:\/\/art-lui.com\/da\/?s={search_term_string}"},"query-input":{"@type":"PropertyValueSpecification","valueRequired":true,"valueName":"search_term_string"}}],"inLanguage":"da-DK"},{"@type":"Organization","@id":"https:\/\/art-lui.com\/da\/#organization","name":"ART-LUI","url":"https:\/\/art-lui.com\/da\/","logo":{"@type":"ImageObject","inLanguage":"da-DK","@id":"https:\/\/art-lui.com\/da\/#\/schema\/logo\/image\/","url":"https:\/\/art-lui.com\/wp-content\/uploads\/2018\/05\/Logo_without-background1.png","contentUrl":"https:\/\/art-lui.com\/wp-content\/uploads\/2018\/05\/Logo_without-background1.png","width":"75","height":"118","caption":"ART-LUI"},"image":{"@id":"https:\/\/art-lui.com\/da\/#\/schema\/logo\/image\/"},"sameAs":["https:\/\/www.facebook.com\/galleriartlui\/","https:\/\/www.instagram.com\/artlui.dk\/"]}]}},"jetpack_sharing_enabled":true,"_links":{"self":[{"href":"https:\/\/art-lui.com\/da\/wp-json\/wp\/v2\/pages\/121","targetHints":{"allow":["GET"]}}],"collection":[{"href":"https:\/\/art-lui.com\/da\/wp-json\/wp\/v2\/pages"}],"about":[{"href":"https:\/\/art-lui.com\/da\/wp-json\/wp\/v2\/types\/page"}],"author":[{"embeddable":true,"href":"https:\/\/art-lui.com\/da\/wp-json\/wp\/v2\/users\/8"}],"replies":[{"embeddable":true,"href":"https:\/\/art-lui.com\/da\/wp-json\/wp\/v2\/comments?post=121"}],"version-history":[{"count":3,"href":"https:\/\/art-lui.com\/da\/wp-json\/wp\/v2\/pages\/121\/revisions"}],"predecessor-version":[{"id":23397,"href":"https:\/\/art-lui.com\/da\/wp-json\/wp\/v2\/pages\/121\/revisions\/23397"}],"wp:featuredmedia":[{"embeddable":true,"href":"https:\/\/art-lui.com\/da\/wp-json\/wp\/v2\/media\/7720"}],"wp:attachment":[{"href":"https:\/\/art-lui.com\/da\/wp-json\/wp\/v2\/media?parent=121"}],"curies":[{"name":"wp","href":"https:\/\/api.w.org\/{rel}","templated":true}]}}