{"id":2381,"date":"2018-06-06T11:00:54","date_gmt":"2018-06-06T09:00:54","guid":{"rendered":"http:\/\/art-lui.com\/?page_id=2381"},"modified":"2025-12-15T14:12:30","modified_gmt":"2025-12-15T13:12:30","slug":"courses","status":"publish","type":"page","link":"https:\/\/art-lui.com\/da\/courses\/","title":{"rendered":"Kurser &#038; Workshop"},"content":{"rendered":"<p>Sp\u00f8rg efter Enemands kursus da dette ogs\u00e5 er muligt.<\/p>\n<p>Kurser afholdes enten p\u00e5 <a href=\"https:\/\/tranumstrandgaard.dk\/\" target=\"_blank\" rel=\"noopener\">Tranum Strandg\u00e5rd Kunst og Kultur Center<\/a>: Strandvejen 143 A , 9640 Brovst, Sandly, Tranum strand, Strandvejen 135, 9460 Brovst eller i K\u00f8benhavn.<\/p>\n<p><img loading=\"lazy\" decoding=\"async\" class=\"size-full wp-image-19272\" src=\"https:\/\/art-lui.com\/wp-content\/uploads\/2020\/04\/083685de-0f48-4b09-bb85-b88fdc082067-1.jpg\" width=\"2048\" height=\"2048\" srcset=\"https:\/\/art-lui.com\/wp-content\/uploads\/2020\/04\/083685de-0f48-4b09-bb85-b88fdc082067-1.jpg 2048w, https:\/\/art-lui.com\/wp-content\/uploads\/2020\/04\/083685de-0f48-4b09-bb85-b88fdc082067-1-300x300.jpg 300w, https:\/\/art-lui.com\/wp-content\/uploads\/2020\/04\/083685de-0f48-4b09-bb85-b88fdc082067-1-1024x1024.jpg 1024w, https:\/\/art-lui.com\/wp-content\/uploads\/2020\/04\/083685de-0f48-4b09-bb85-b88fdc082067-1-150x150.jpg 150w, https:\/\/art-lui.com\/wp-content\/uploads\/2020\/04\/083685de-0f48-4b09-bb85-b88fdc082067-1-768x768.jpg 768w, https:\/\/art-lui.com\/wp-content\/uploads\/2020\/04\/083685de-0f48-4b09-bb85-b88fdc082067-1-1536x1536.jpg 1536w, https:\/\/art-lui.com\/wp-content\/uploads\/2020\/04\/083685de-0f48-4b09-bb85-b88fdc082067-1-470x470.jpg 470w, https:\/\/art-lui.com\/wp-content\/uploads\/2020\/04\/083685de-0f48-4b09-bb85-b88fdc082067-1-600x600.jpg 600w, https:\/\/art-lui.com\/wp-content\/uploads\/2020\/04\/083685de-0f48-4b09-bb85-b88fdc082067-1-100x100.jpg 100w\" sizes=\"auto, (max-width: 2048px) 100vw, 2048px\" \/><img loading=\"lazy\" decoding=\"async\" class=\"size-full wp-image-19273\" src=\"https:\/\/art-lui.com\/wp-content\/uploads\/2020\/04\/1e5c3dfc-8cf2-48e6-880e-afc0c9287dd8-1.jpg\" width=\"2048\" height=\"2048\" srcset=\"https:\/\/art-lui.com\/wp-content\/uploads\/2020\/04\/1e5c3dfc-8cf2-48e6-880e-afc0c9287dd8-1.jpg 2048w, https:\/\/art-lui.com\/wp-content\/uploads\/2020\/04\/1e5c3dfc-8cf2-48e6-880e-afc0c9287dd8-1-300x300.jpg 300w, https:\/\/art-lui.com\/wp-content\/uploads\/2020\/04\/1e5c3dfc-8cf2-48e6-880e-afc0c9287dd8-1-1024x1024.jpg 1024w, https:\/\/art-lui.com\/wp-content\/uploads\/2020\/04\/1e5c3dfc-8cf2-48e6-880e-afc0c9287dd8-1-150x150.jpg 150w, https:\/\/art-lui.com\/wp-content\/uploads\/2020\/04\/1e5c3dfc-8cf2-48e6-880e-afc0c9287dd8-1-768x768.jpg 768w, https:\/\/art-lui.com\/wp-content\/uploads\/2020\/04\/1e5c3dfc-8cf2-48e6-880e-afc0c9287dd8-1-1536x1536.jpg 1536w, https:\/\/art-lui.com\/wp-content\/uploads\/2020\/04\/1e5c3dfc-8cf2-48e6-880e-afc0c9287dd8-1-470x470.jpg 470w, https:\/\/art-lui.com\/wp-content\/uploads\/2020\/04\/1e5c3dfc-8cf2-48e6-880e-afc0c9287dd8-1-600x600.jpg 600w, https:\/\/art-lui.com\/wp-content\/uploads\/2020\/04\/1e5c3dfc-8cf2-48e6-880e-afc0c9287dd8-1-100x100.jpg 100w\" sizes=\"auto, (max-width: 2048px) 100vw, 2048px\" \/><\/p>\n<p>Pris pr hold kursus af 2 dage inkl alle materialer og forfriskninger.<br \/>\nDu f\u00e5r med dig hjem 1-2 malerier og 1 skifer v\u00e6rk.<\/p>\n<p>Du f\u00e5r med dig hjem 1-2 malerier og 1 skifer v\u00e6rk. Alt afh\u00e6ngig af din personlige process.<\/p>\n<p>Der er mange muligheder for overnatning p\u00e5 de adskellige B &#038; B samt Hoteller i omr\u00e5det, s\u00f8g under Tranum, Slettestrand og Brovst.<\/p>\n<p><strong>Kontakt mig hvis du er interesseret og du modtager mere info.<\/strong><\/p>\n<div id=\"fbPhotoSnowliftCTMButton\">\n<style type=\"text\/css\">\n#foogallery-gallery-21269 .fg-image { width: 150px; }\n#foogallery-gallery-21269 { --fg-gutter: 10px; }<\/style>\n\t\t\t<div class=\"foogallery foogallery-container foogallery-default foogallery-lightbox-foobox fg-center fg-default fg-ready fg-light fg-border-thin fg-shadow-outline fg-loading-default fg-loaded-fade-in fg-caption-hover fg-hover-fade fg-hover-zoom\" id=\"foogallery-gallery-21269\" data-foogallery=\"{&quot;item&quot;:{&quot;showCaptionTitle&quot;:true,&quot;showCaptionDescription&quot;:true},&quot;lazy&quot;:true}\" style=\"--fg-title-line-clamp: 0; --fg-description-line-clamp: 0;\" >\n\t<div class=\"fg-item fg-type-image fg-idle\"><figure class=\"fg-item-inner\"><a href=\"https:\/\/art-lui.com\/wp-content\/uploads\/2018\/05\/IMG_1948_feature-1.jpg\" data-attachment-id=\"8469\" data-type=\"image\" class=\"fg-thumb\"><span class=\"fg-image-wrap\"><img decoding=\"async\" width=\"150\" height=\"150\" class=\"skip-lazy fg-image\" data-src-fg=\"https:\/\/art-lui.com\/wp-content\/uploads\/cache\/2018\/05\/IMG_1948_feature-1\/453327609.jpg\" src=\"data:image\/svg+xml,%3Csvg%20xmlns%3D%22http%3A%2F%2Fwww.w3.org%2F2000%2Fsvg%22%20width%3D%22150%22%20height%3D%22150%22%20viewBox%3D%220%200%20150%20150%22%3E%3C%2Fsvg%3E\" loading=\"eager\"><\/span><span class=\"fg-image-overlay\"><\/span><\/a><\/figure><div class=\"fg-loader\"><\/div><\/div><div class=\"fg-item fg-type-image fg-idle\"><figure class=\"fg-item-inner\"><a href=\"https:\/\/art-lui.com\/wp-content\/uploads\/2020\/05\/87184c19-c866-4c4d-a9dd-b3d384198ae6.jpg\" data-attachment-id=\"19376\" data-type=\"image\" class=\"fg-thumb\"><span class=\"fg-image-wrap\"><img decoding=\"async\" width=\"150\" height=\"150\" class=\"skip-lazy fg-image\" data-src-fg=\"https:\/\/art-lui.com\/wp-content\/uploads\/cache\/2020\/05\/87184c19-c866-4c4d-a9dd-b3d384198ae6\/1474354456.jpg\" src=\"data:image\/svg+xml,%3Csvg%20xmlns%3D%22http%3A%2F%2Fwww.w3.org%2F2000%2Fsvg%22%20width%3D%22150%22%20height%3D%22150%22%20viewBox%3D%220%200%20150%20150%22%3E%3C%2Fsvg%3E\" loading=\"eager\"><\/span><span class=\"fg-image-overlay\"><\/span><\/a><\/figure><div class=\"fg-loader\"><\/div><\/div><div class=\"fg-item fg-type-image fg-idle\"><figure class=\"fg-item-inner\"><a href=\"https:\/\/art-lui.com\/wp-content\/uploads\/2020\/05\/6671cbc2-b5cb-46b7-aba7-945b1a610db2.jpg\" data-attachment-id=\"19377\" data-type=\"image\" class=\"fg-thumb\"><span class=\"fg-image-wrap\"><img decoding=\"async\" width=\"150\" height=\"150\" class=\"skip-lazy fg-image\" data-src-fg=\"https:\/\/art-lui.com\/wp-content\/uploads\/cache\/2020\/05\/6671cbc2-b5cb-46b7-aba7-945b1a610db2\/1532134136.jpg\" src=\"data:image\/svg+xml,%3Csvg%20xmlns%3D%22http%3A%2F%2Fwww.w3.org%2F2000%2Fsvg%22%20width%3D%22150%22%20height%3D%22150%22%20viewBox%3D%220%200%20150%20150%22%3E%3C%2Fsvg%3E\" loading=\"eager\"><\/span><span class=\"fg-image-overlay\"><\/span><\/a><\/figure><div class=\"fg-loader\"><\/div><\/div><div class=\"fg-item fg-type-image fg-idle\"><figure class=\"fg-item-inner\"><a href=\"https:\/\/art-lui.com\/wp-content\/uploads\/2020\/05\/84523286-8705-4c4d-9125-696647f882cf.jpg\" data-attachment-id=\"19379\" data-type=\"image\" class=\"fg-thumb\"><span class=\"fg-image-wrap\"><img decoding=\"async\" width=\"150\" height=\"150\" class=\"skip-lazy fg-image\" data-src-fg=\"https:\/\/art-lui.com\/wp-content\/uploads\/cache\/2020\/05\/84523286-8705-4c4d-9125-696647f882cf\/242933841.jpg\" src=\"data:image\/svg+xml,%3Csvg%20xmlns%3D%22http%3A%2F%2Fwww.w3.org%2F2000%2Fsvg%22%20width%3D%22150%22%20height%3D%22150%22%20viewBox%3D%220%200%20150%20150%22%3E%3C%2Fsvg%3E\" loading=\"eager\"><\/span><span class=\"fg-image-overlay\"><\/span><\/a><\/figure><div class=\"fg-loader\"><\/div><\/div><div class=\"fg-item fg-type-image fg-idle\"><figure class=\"fg-item-inner\"><a href=\"https:\/\/art-lui.com\/wp-content\/uploads\/2020\/05\/img_6742-scaled.jpg\" data-attachment-id=\"19381\" data-type=\"image\" class=\"fg-thumb\"><span class=\"fg-image-wrap\"><img decoding=\"async\" width=\"150\" height=\"150\" class=\"skip-lazy fg-image\" data-src-fg=\"https:\/\/art-lui.com\/wp-content\/uploads\/cache\/2020\/05\/img_6742-scaled\/596823546.jpg\" src=\"data:image\/svg+xml,%3Csvg%20xmlns%3D%22http%3A%2F%2Fwww.w3.org%2F2000%2Fsvg%22%20width%3D%22150%22%20height%3D%22150%22%20viewBox%3D%220%200%20150%20150%22%3E%3C%2Fsvg%3E\" loading=\"eager\"><\/span><span class=\"fg-image-overlay\"><\/span><\/a><\/figure><div class=\"fg-loader\"><\/div><\/div><div class=\"fg-item fg-type-image fg-idle\"><figure class=\"fg-item-inner\"><a href=\"https:\/\/art-lui.com\/wp-content\/uploads\/2020\/05\/b530a128-e95e-435c-a623-e4c1c424c58c-1.jpg\" data-attachment-id=\"19386\" data-type=\"image\" class=\"fg-thumb\"><span class=\"fg-image-wrap\"><img decoding=\"async\" width=\"150\" height=\"150\" class=\"skip-lazy fg-image\" data-src-fg=\"https:\/\/art-lui.com\/wp-content\/uploads\/cache\/2020\/05\/b530a128-e95e-435c-a623-e4c1c424c58c-1\/1911025792.jpg\" src=\"data:image\/svg+xml,%3Csvg%20xmlns%3D%22http%3A%2F%2Fwww.w3.org%2F2000%2Fsvg%22%20width%3D%22150%22%20height%3D%22150%22%20viewBox%3D%220%200%20150%20150%22%3E%3C%2Fsvg%3E\" loading=\"eager\"><\/span><span class=\"fg-image-overlay\"><\/span><\/a><\/figure><div class=\"fg-loader\"><\/div><\/div><div class=\"fg-item fg-type-image fg-idle\"><figure class=\"fg-item-inner\"><a href=\"https:\/\/art-lui.com\/wp-content\/uploads\/2020\/04\/083685de-0f48-4b09-bb85-b88fdc082067.jpg\" data-attachment-id=\"19270\" data-type=\"image\" class=\"fg-thumb\"><span class=\"fg-image-wrap\"><img decoding=\"async\" width=\"150\" height=\"150\" class=\"skip-lazy fg-image\" data-src-fg=\"https:\/\/art-lui.com\/wp-content\/uploads\/cache\/2020\/04\/083685de-0f48-4b09-bb85-b88fdc082067\/1648370990.jpg\" src=\"data:image\/svg+xml,%3Csvg%20xmlns%3D%22http%3A%2F%2Fwww.w3.org%2F2000%2Fsvg%22%20width%3D%22150%22%20height%3D%22150%22%20viewBox%3D%220%200%20150%20150%22%3E%3C%2Fsvg%3E\" loading=\"eager\"><\/span><span class=\"fg-image-overlay\"><\/span><\/a><\/figure><div class=\"fg-loader\"><\/div><\/div><div class=\"fg-item fg-type-image fg-idle\"><figure class=\"fg-item-inner\"><a href=\"https:\/\/art-lui.com\/wp-content\/uploads\/2020\/01\/fullsizeoutput_76e0-e1578233578155.jpeg\" data-attachment-id=\"18535\" data-type=\"image\" class=\"fg-thumb\"><span class=\"fg-image-wrap\"><img decoding=\"async\" alt=\"Lui\u00b4s nye Vesterhavs Studie\" width=\"150\" height=\"150\" class=\"skip-lazy fg-image\" data-src-fg=\"https:\/\/art-lui.com\/wp-content\/uploads\/cache\/2020\/01\/fullsizeoutput_76e0-e1578233578155\/1496449127.jpeg\" src=\"data:image\/svg+xml,%3Csvg%20xmlns%3D%22http%3A%2F%2Fwww.w3.org%2F2000%2Fsvg%22%20width%3D%22150%22%20height%3D%22150%22%20viewBox%3D%220%200%20150%20150%22%3E%3C%2Fsvg%3E\" loading=\"eager\"><\/span><span class=\"fg-image-overlay\"><\/span><\/a><\/figure><div class=\"fg-loader\"><\/div><\/div><div class=\"fg-item fg-type-image fg-idle\"><figure class=\"fg-item-inner\"><a href=\"https:\/\/art-lui.com\/wp-content\/uploads\/2020\/05\/img_6743-scaled.jpg\" data-attachment-id=\"19380\" data-type=\"image\" class=\"fg-thumb\"><span class=\"fg-image-wrap\"><img decoding=\"async\" width=\"150\" height=\"150\" class=\"skip-lazy fg-image\" data-src-fg=\"https:\/\/art-lui.com\/wp-content\/uploads\/cache\/2020\/05\/img_6743-scaled\/398437053.jpg\" src=\"data:image\/svg+xml,%3Csvg%20xmlns%3D%22http%3A%2F%2Fwww.w3.org%2F2000%2Fsvg%22%20width%3D%22150%22%20height%3D%22150%22%20viewBox%3D%220%200%20150%20150%22%3E%3C%2Fsvg%3E\" loading=\"eager\"><\/span><span class=\"fg-image-overlay\"><\/span><\/a><\/figure><div class=\"fg-loader\"><\/div><\/div><div class=\"fg-item fg-type-image fg-idle\"><figure class=\"fg-item-inner\"><a href=\"https:\/\/art-lui.com\/wp-content\/uploads\/2020\/05\/74ef2503-86c3-4ea7-8be3-d8354b5b439c.jpg\" data-attachment-id=\"19385\" data-type=\"image\" class=\"fg-thumb\"><span class=\"fg-image-wrap\"><img decoding=\"async\" width=\"150\" height=\"150\" class=\"skip-lazy fg-image\" data-src-fg=\"https:\/\/art-lui.com\/wp-content\/uploads\/cache\/2020\/05\/74ef2503-86c3-4ea7-8be3-d8354b5b439c\/2203276577.jpg\" src=\"data:image\/svg+xml,%3Csvg%20xmlns%3D%22http%3A%2F%2Fwww.w3.org%2F2000%2Fsvg%22%20width%3D%22150%22%20height%3D%22150%22%20viewBox%3D%220%200%20150%20150%22%3E%3C%2Fsvg%3E\" loading=\"eager\"><\/span><span class=\"fg-image-overlay\"><\/span><\/a><\/figure><div class=\"fg-loader\"><\/div><\/div><div class=\"fg-item fg-type-image fg-idle\"><figure class=\"fg-item-inner\"><a href=\"https:\/\/art-lui.com\/wp-content\/uploads\/2020\/08\/IMG_9102.jpg\" data-attachment-id=\"19558\" data-type=\"image\" class=\"fg-thumb\"><span class=\"fg-image-wrap\"><img decoding=\"async\" width=\"150\" height=\"150\" class=\"skip-lazy fg-image\" data-src-fg=\"https:\/\/art-lui.com\/wp-content\/uploads\/cache\/2020\/08\/IMG_9102\/4216221496.jpg\" src=\"data:image\/svg+xml,%3Csvg%20xmlns%3D%22http%3A%2F%2Fwww.w3.org%2F2000%2Fsvg%22%20width%3D%22150%22%20height%3D%22150%22%20viewBox%3D%220%200%20150%20150%22%3E%3C%2Fsvg%3E\" loading=\"eager\"><\/span><span class=\"fg-image-overlay\"><\/span><\/a><\/figure><div class=\"fg-loader\"><\/div><\/div><div class=\"fg-item fg-type-image fg-idle\"><figure class=\"fg-item-inner\"><a href=\"https:\/\/art-lui.com\/wp-content\/uploads\/2020\/08\/IMG_9087.jpg\" data-attachment-id=\"19557\" data-type=\"image\" class=\"fg-thumb\"><span class=\"fg-image-wrap\"><img decoding=\"async\" width=\"150\" height=\"150\" class=\"skip-lazy fg-image\" data-src-fg=\"https:\/\/art-lui.com\/wp-content\/uploads\/cache\/2020\/08\/IMG_9087\/4136433623.jpg\" src=\"data:image\/svg+xml,%3Csvg%20xmlns%3D%22http%3A%2F%2Fwww.w3.org%2F2000%2Fsvg%22%20width%3D%22150%22%20height%3D%22150%22%20viewBox%3D%220%200%20150%20150%22%3E%3C%2Fsvg%3E\" loading=\"eager\"><\/span><span class=\"fg-image-overlay\"><\/span><\/a><\/figure><div class=\"fg-loader\"><\/div><\/div><div class=\"fg-item fg-type-image fg-idle\"><figure class=\"fg-item-inner\"><a href=\"https:\/\/art-lui.com\/wp-content\/uploads\/2018\/05\/art-lui-courses-workshop-IMG_1948.jpg\" data-attachment-id=\"3397\" data-type=\"image\" class=\"fg-thumb\"><span class=\"fg-image-wrap\"><img decoding=\"async\" width=\"150\" height=\"150\" class=\"skip-lazy fg-image\" data-src-fg=\"https:\/\/art-lui.com\/wp-content\/uploads\/cache\/2018\/05\/art-lui-courses-workshop-IMG_1948\/2504855944.jpg\" src=\"data:image\/svg+xml,%3Csvg%20xmlns%3D%22http%3A%2F%2Fwww.w3.org%2F2000%2Fsvg%22%20width%3D%22150%22%20height%3D%22150%22%20viewBox%3D%220%200%20150%20150%22%3E%3C%2Fsvg%3E\" loading=\"eager\"><\/span><span class=\"fg-image-overlay\"><\/span><\/a><\/figure><div class=\"fg-loader\"><\/div><\/div><div class=\"fg-item fg-type-image fg-idle\"><figure class=\"fg-item-inner\"><a href=\"https:\/\/art-lui.com\/wp-content\/uploads\/2018\/05\/art-lui-courses-workshop-IMG_4634.jpg\" data-attachment-id=\"3402\" data-type=\"image\" class=\"fg-thumb\"><span class=\"fg-image-wrap\"><img decoding=\"async\" width=\"150\" height=\"150\" class=\"skip-lazy fg-image\" data-src-fg=\"https:\/\/art-lui.com\/wp-content\/uploads\/cache\/2018\/05\/art-lui-courses-workshop-IMG_4634\/1899868524.jpg\" src=\"data:image\/svg+xml,%3Csvg%20xmlns%3D%22http%3A%2F%2Fwww.w3.org%2F2000%2Fsvg%22%20width%3D%22150%22%20height%3D%22150%22%20viewBox%3D%220%200%20150%20150%22%3E%3C%2Fsvg%3E\" loading=\"eager\"><\/span><span class=\"fg-image-overlay\"><\/span><\/a><\/figure><div class=\"fg-loader\"><\/div><\/div><div class=\"fg-item fg-type-image fg-idle\"><figure class=\"fg-item-inner\"><a href=\"https:\/\/art-lui.com\/wp-content\/uploads\/2020\/02\/fullsizeoutput_7830-scaled.jpeg\" data-caption-title=\"[:en]Tranum Strandgaard[:]\" data-attachment-id=\"18697\" data-type=\"image\" class=\"fg-thumb\"><span class=\"fg-image-wrap\"><img decoding=\"async\" title=\"[:en]Tranum Strandgaard[:]\" width=\"150\" height=\"150\" class=\"skip-lazy fg-image\" data-src-fg=\"https:\/\/art-lui.com\/wp-content\/uploads\/cache\/2020\/02\/fullsizeoutput_7830-scaled\/377420463.jpeg\" src=\"data:image\/svg+xml,%3Csvg%20xmlns%3D%22http%3A%2F%2Fwww.w3.org%2F2000%2Fsvg%22%20width%3D%22150%22%20height%3D%22150%22%20viewBox%3D%220%200%20150%20150%22%3E%3C%2Fsvg%3E\" loading=\"eager\"><\/span><span class=\"fg-image-overlay\"><\/span><\/a><figcaption class=\"fg-caption\"><div class=\"fg-caption-inner\"><div class=\"fg-caption-title\">[:en]Tranum Strandgaard[:]<\/div><\/div><\/figcaption><\/figure><div class=\"fg-loader\"><\/div><\/div><\/div>\n\n<\/div>\n<div id=\"fbPhotoSnowliftProductMiniListHscroll\" class=\"fbCommerceProductMiniListHscroll\"><\/div>\n<div id=\"fbPhotoSnowliftProductTags\" class=\"fbPhotoProductTags\"><\/div>\n","protected":false},"excerpt":{"rendered":"<p>Sp\u00f8rg efter Enemands kursus da dette ogs\u00e5 er muligt. Kurser afholdes enten p\u00e5 Tranum Strandg\u00e5rd Kunst og Kultur Center: Strandvejen 143 A , 9640 Brovst, Sandly, Tranum strand, Strandvejen 135, 9460 Brovst eller i K\u00f8benhavn. Pris pr hold kursus af 2 dage inkl alle materialer og forfriskninger. Du f\u00e5r med dig hjem 1-2 malerier og [&hellip;]<\/p>\n","protected":false},"author":2,"featured_media":6281,"parent":0,"menu_order":53,"comment_status":"closed","ping_status":"closed","template":"","meta":{"_acf_changed":false,"footnotes":""},"class_list":["post-2381","page","type-page","status-publish","has-post-thumbnail","hentry"],"acf":[],"yoast_head":"<!-- This site is optimized with the Yoast SEO plugin v27.3 - https:\/\/yoast.com\/product\/yoast-seo-wordpress\/ -->\n<title>Kurser &amp; Workshop<\/title>\n<meta name=\"robots\" content=\"index, follow, max-snippet:-1, max-image-preview:large, max-video-preview:-1\" \/>\n<link rel=\"canonical\" href=\"https:\/\/art-lui.com\/da\/courses\/\" \/>\n<meta property=\"og:locale\" content=\"da_DK\" \/>\n<meta property=\"og:locale:alternate\" content=\"en_US\" \/>\n<meta property=\"og:type\" content=\"article\" \/>\n<meta property=\"og:title\" content=\"Kurser &amp; Workshop\" \/>\n<meta property=\"og:description\" content=\"Sp\u00f8rg efter Enemands kursus da dette ogs\u00e5 er muligt. Kurser afholdes enten p\u00e5 Tranum Strandg\u00e5rd Kunst og Kultur Center: Strandvejen 143 A , 9640 Brovst, Sandly, Tranum strand, Strandvejen 135, 9460 Brovst eller i K\u00f8benhavn. Pris pr hold kursus af 2 dage inkl alle materialer og forfriskninger. Du f\u00e5r med dig hjem 1-2 malerier og [&hellip;]\" \/>\n<meta property=\"og:url\" content=\"https:\/\/art-lui.com\/da\/courses\/\" \/>\n<meta property=\"og:site_name\" content=\"ART-LUI\" \/>\n<meta property=\"article:publisher\" content=\"https:\/\/www.facebook.com\/galleriartlui\/\" \/>\n<meta property=\"article:modified_time\" content=\"2025-12-15T13:12:30+00:00\" \/>\n<meta property=\"og:image\" content=\"https:\/\/art-lui.com\/wp-content\/uploads\/2018\/05\/art-lui-courses-workshop-IMG_4634-1-1024x497-1.jpg\" \/>\n\t<meta property=\"og:image:width\" content=\"1200\" \/>\n\t<meta property=\"og:image:height\" content=\"500\" \/>\n\t<meta property=\"og:image:type\" content=\"image\/jpeg\" \/>\n<meta name=\"twitter:card\" content=\"summary_large_image\" \/>\n<meta name=\"twitter:label1\" content=\"Estimeret l\u00e6setid\" \/>\n\t<meta name=\"twitter:data1\" content=\"1 minut\" \/>\n<script type=\"application\/ld+json\" class=\"yoast-schema-graph\">{\"@context\":\"https:\\\/\\\/schema.org\",\"@graph\":[{\"@type\":\"WebPage\",\"@id\":\"https:\\\/\\\/art-lui.com\\\/courses\\\/\",\"url\":\"https:\\\/\\\/art-lui.com\\\/courses\\\/\",\"name\":\"Kurser & Workshop\",\"isPartOf\":{\"@id\":\"https:\\\/\\\/art-lui.com\\\/da\\\/#website\"},\"primaryImageOfPage\":{\"@id\":\"https:\\\/\\\/art-lui.com\\\/courses\\\/#primaryimage\"},\"image\":{\"@id\":\"https:\\\/\\\/art-lui.com\\\/courses\\\/#primaryimage\"},\"thumbnailUrl\":\"https:\\\/\\\/art-lui.com\\\/wp-content\\\/uploads\\\/2018\\\/05\\\/art-lui-courses-workshop-IMG_4634-1-1024x497-1.jpg\",\"datePublished\":\"2018-06-06T09:00:54+00:00\",\"dateModified\":\"2025-12-15T13:12:30+00:00\",\"breadcrumb\":{\"@id\":\"https:\\\/\\\/art-lui.com\\\/courses\\\/#breadcrumb\"},\"inLanguage\":\"da-DK\",\"potentialAction\":[{\"@type\":\"ReadAction\",\"target\":[\"https:\\\/\\\/art-lui.com\\\/courses\\\/\"]}]},{\"@type\":\"ImageObject\",\"inLanguage\":\"da-DK\",\"@id\":\"https:\\\/\\\/art-lui.com\\\/courses\\\/#primaryimage\",\"url\":\"https:\\\/\\\/art-lui.com\\\/wp-content\\\/uploads\\\/2018\\\/05\\\/art-lui-courses-workshop-IMG_4634-1-1024x497-1.jpg\",\"contentUrl\":\"https:\\\/\\\/art-lui.com\\\/wp-content\\\/uploads\\\/2018\\\/05\\\/art-lui-courses-workshop-IMG_4634-1-1024x497-1.jpg\",\"width\":\"1200\",\"height\":\"500\"},{\"@type\":\"BreadcrumbList\",\"@id\":\"https:\\\/\\\/art-lui.com\\\/courses\\\/#breadcrumb\",\"itemListElement\":[{\"@type\":\"ListItem\",\"position\":1,\"name\":\"Home\",\"item\":\"https:\\\/\\\/art-lui.com\\\/\"},{\"@type\":\"ListItem\",\"position\":2,\"name\":\"Courses &#038; Workshop\"}]},{\"@type\":\"WebSite\",\"@id\":\"https:\\\/\\\/art-lui.com\\\/da\\\/#website\",\"url\":\"https:\\\/\\\/art-lui.com\\\/da\\\/\",\"name\":\"ART-LUI\",\"description\":\"Helle Louise Kierkegaard - Art Lui\",\"publisher\":{\"@id\":\"https:\\\/\\\/art-lui.com\\\/da\\\/#organization\"},\"potentialAction\":[{\"@type\":\"SearchAction\",\"target\":{\"@type\":\"EntryPoint\",\"urlTemplate\":\"https:\\\/\\\/art-lui.com\\\/da\\\/?s={search_term_string}\"},\"query-input\":{\"@type\":\"PropertyValueSpecification\",\"valueRequired\":true,\"valueName\":\"search_term_string\"}}],\"inLanguage\":\"da-DK\"},{\"@type\":\"Organization\",\"@id\":\"https:\\\/\\\/art-lui.com\\\/da\\\/#organization\",\"name\":\"ART-LUI\",\"url\":\"https:\\\/\\\/art-lui.com\\\/da\\\/\",\"logo\":{\"@type\":\"ImageObject\",\"inLanguage\":\"da-DK\",\"@id\":\"https:\\\/\\\/art-lui.com\\\/da\\\/#\\\/schema\\\/logo\\\/image\\\/\",\"url\":\"https:\\\/\\\/art-lui.com\\\/wp-content\\\/uploads\\\/2018\\\/05\\\/Logo_without-background1.png\",\"contentUrl\":\"https:\\\/\\\/art-lui.com\\\/wp-content\\\/uploads\\\/2018\\\/05\\\/Logo_without-background1.png\",\"width\":\"75\",\"height\":\"118\",\"caption\":\"ART-LUI\"},\"image\":{\"@id\":\"https:\\\/\\\/art-lui.com\\\/da\\\/#\\\/schema\\\/logo\\\/image\\\/\"},\"sameAs\":[\"https:\\\/\\\/www.facebook.com\\\/galleriartlui\\\/\",\"https:\\\/\\\/www.instagram.com\\\/artlui.dk\\\/\"]}]}<\/script>\n<!-- \/ Yoast SEO plugin. -->","yoast_head_json":{"title":"Kurser & Workshop","robots":{"index":"index","follow":"follow","max-snippet":"max-snippet:-1","max-image-preview":"max-image-preview:large","max-video-preview":"max-video-preview:-1"},"canonical":"https:\/\/art-lui.com\/da\/courses\/","og_locale":"da_DK","og_type":"article","og_title":"[:en]Courses & Workshop[:da]Kurser & Workshop[:] - ART-LUI","og_description":"Sp\u00f8rg efter Enemands kursus da dette ogs\u00e5 er muligt. Kurser afholdes enten p\u00e5 Tranum Strandg\u00e5rd Kunst og Kultur Center: Strandvejen 143 A , 9640 Brovst, Sandly, Tranum strand, Strandvejen 135, 9460 Brovst eller i K\u00f8benhavn. Pris pr hold kursus af 2 dage inkl alle materialer og forfriskninger. Du f\u00e5r med dig hjem 1-2 malerier og [&hellip;]","og_url":"https:\/\/art-lui.com\/da\/courses\/","og_site_name":"ART-LUI","article_publisher":"https:\/\/www.facebook.com\/galleriartlui\/","article_modified_time":"2025-12-15T13:12:30+00:00","og_image":[{"width":1200,"height":500,"url":"https:\/\/art-lui.com\/wp-content\/uploads\/2018\/05\/art-lui-courses-workshop-IMG_4634-1-1024x497-1.jpg","type":"image\/jpeg"}],"twitter_card":"summary_large_image","twitter_misc":{"Estimeret l\u00e6setid":"1 minut"},"schema":{"@context":"https:\/\/schema.org","@graph":[{"@type":"WebPage","@id":"https:\/\/art-lui.com\/courses\/","url":"https:\/\/art-lui.com\/courses\/","name":"Kurser & Workshop","isPartOf":{"@id":"https:\/\/art-lui.com\/da\/#website"},"primaryImageOfPage":{"@id":"https:\/\/art-lui.com\/courses\/#primaryimage"},"image":{"@id":"https:\/\/art-lui.com\/courses\/#primaryimage"},"thumbnailUrl":"https:\/\/art-lui.com\/wp-content\/uploads\/2018\/05\/art-lui-courses-workshop-IMG_4634-1-1024x497-1.jpg","datePublished":"2018-06-06T09:00:54+00:00","dateModified":"2025-12-15T13:12:30+00:00","breadcrumb":{"@id":"https:\/\/art-lui.com\/courses\/#breadcrumb"},"inLanguage":"da-DK","potentialAction":[{"@type":"ReadAction","target":["https:\/\/art-lui.com\/courses\/"]}]},{"@type":"ImageObject","inLanguage":"da-DK","@id":"https:\/\/art-lui.com\/courses\/#primaryimage","url":"https:\/\/art-lui.com\/wp-content\/uploads\/2018\/05\/art-lui-courses-workshop-IMG_4634-1-1024x497-1.jpg","contentUrl":"https:\/\/art-lui.com\/wp-content\/uploads\/2018\/05\/art-lui-courses-workshop-IMG_4634-1-1024x497-1.jpg","width":"1200","height":"500"},{"@type":"BreadcrumbList","@id":"https:\/\/art-lui.com\/courses\/#breadcrumb","itemListElement":[{"@type":"ListItem","position":1,"name":"Home","item":"https:\/\/art-lui.com\/"},{"@type":"ListItem","position":2,"name":"Courses &#038; Workshop"}]},{"@type":"WebSite","@id":"https:\/\/art-lui.com\/da\/#website","url":"https:\/\/art-lui.com\/da\/","name":"ART-LUI","description":"Helle Louise Kierkegaard - Art Lui","publisher":{"@id":"https:\/\/art-lui.com\/da\/#organization"},"potentialAction":[{"@type":"SearchAction","target":{"@type":"EntryPoint","urlTemplate":"https:\/\/art-lui.com\/da\/?s={search_term_string}"},"query-input":{"@type":"PropertyValueSpecification","valueRequired":true,"valueName":"search_term_string"}}],"inLanguage":"da-DK"},{"@type":"Organization","@id":"https:\/\/art-lui.com\/da\/#organization","name":"ART-LUI","url":"https:\/\/art-lui.com\/da\/","logo":{"@type":"ImageObject","inLanguage":"da-DK","@id":"https:\/\/art-lui.com\/da\/#\/schema\/logo\/image\/","url":"https:\/\/art-lui.com\/wp-content\/uploads\/2018\/05\/Logo_without-background1.png","contentUrl":"https:\/\/art-lui.com\/wp-content\/uploads\/2018\/05\/Logo_without-background1.png","width":"75","height":"118","caption":"ART-LUI"},"image":{"@id":"https:\/\/art-lui.com\/da\/#\/schema\/logo\/image\/"},"sameAs":["https:\/\/www.facebook.com\/galleriartlui\/","https:\/\/www.instagram.com\/artlui.dk\/"]}]}},"jetpack_sharing_enabled":true,"_links":{"self":[{"href":"https:\/\/art-lui.com\/da\/wp-json\/wp\/v2\/pages\/2381","targetHints":{"allow":["GET"]}}],"collection":[{"href":"https:\/\/art-lui.com\/da\/wp-json\/wp\/v2\/pages"}],"about":[{"href":"https:\/\/art-lui.com\/da\/wp-json\/wp\/v2\/types\/page"}],"author":[{"embeddable":true,"href":"https:\/\/art-lui.com\/da\/wp-json\/wp\/v2\/users\/2"}],"replies":[{"embeddable":true,"href":"https:\/\/art-lui.com\/da\/wp-json\/wp\/v2\/comments?post=2381"}],"version-history":[{"count":3,"href":"https:\/\/art-lui.com\/da\/wp-json\/wp\/v2\/pages\/2381\/revisions"}],"predecessor-version":[{"id":23400,"href":"https:\/\/art-lui.com\/da\/wp-json\/wp\/v2\/pages\/2381\/revisions\/23400"}],"wp:featuredmedia":[{"embeddable":true,"href":"https:\/\/art-lui.com\/da\/wp-json\/wp\/v2\/media\/6281"}],"wp:attachment":[{"href":"https:\/\/art-lui.com\/da\/wp-json\/wp\/v2\/media?parent=2381"}],"curies":[{"name":"wp","href":"https:\/\/api.w.org\/{rel}","templated":true}]}}