{"id":2383,"date":"2018-04-23T16:02:19","date_gmt":"2018-04-23T14:02:19","guid":{"rendered":"http:\/\/art-lui.com\/?page_id=2383"},"modified":"2023-02-09T19:18:57","modified_gmt":"2023-02-09T18:18:57","slug":"terms-conditions","status":"publish","type":"page","link":"https:\/\/art-lui.com\/da\/terms-conditions\/","title":{"rendered":"Handelsbetingelser"},"content":{"rendered":"<p><strong>Betaling<\/strong><br \/>\nART-LUI modtager betaling med PayPal, VISA-Dankort, VISA, VISA Electron, Mastercard og JCB, samt almindelig bankoverf\u00f8rsel.<\/p>\n<p>Betaling med kreditkort tr\u00e6kkes p\u00e5 din konto, n\u00e5r varen afsendes.<\/p>\n<p>Alle bel\u00f8b er i DKK. Danske kroner og priser er inkl. moms.<\/p>\n<p>ART-LUI bruger en godkendt betalingsserver, der krypterer alle dine kortoplysninger med SSL (Secure Socket Layer) protokol. Det betyder, at man ikke kan afl\u00e6se dine informationer.<\/p>\n<p><strong>Levering<\/strong><br \/>\nART-LUI sender varen samme dag p\u00e5 alle hverdage, med ordre indg\u00e5et inden kl. 12.00. Levering sker i l\u00f8bet af 1-3 dage p\u00e5 alle brofaste \u00f8er i Danmark.<\/p>\n<p>Fragten er gratis.<\/p>\n<p><strong>Reklamationsret<\/strong><br \/>\nDer gives 2 \u00e5rs reklamationsret i henhold til k\u00f8beloven. Vores reklamationsret g\u00e6lder for fejl i materiale og\/eller fabrikation.<\/p>\n<p>Reklamationen g\u00e6lder ikke fejl eller skader beg\u00e5et ved forkert betjening af produktet \/ ydelsen.<\/p>\n<p>ART-LUI vil d\u00e6kke returneringsomkostninger i et rimeligt omfang.<\/p>\n<p><strong>Ved returnering<\/strong><br \/>\nRettes henvendelse til og reklamationer sendes til:<\/p>\n<p>ART-LUI<br \/>\nStrandvejen 143 A 1.<br \/>\n9460 BROVST<\/p>\n<p>Der modtages ikke pakker sendt p\u00e5 efterkrav.<\/p>\n<p><strong>Refusion<\/strong><br \/>\nHvis der er aftalt refusion, s\u00e5 bedes I sende jeres bankoplysninger, s\u00e5 vi kan overf\u00f8re det aftalte bel\u00f8b.<\/p>\n<p><strong>Fortrydelsesret<\/strong><br \/>\nDer gives 14 dages fuld returret p\u00e5 varer k\u00f8bt i vores Webshop.<br \/>\nPerioden regnes fra den dag, hvor du modtager ordren.<\/p>\n<p>Returneringsomkostninger skal du selv afholde.<\/p>\n<p>Fortrydelse skal anmeldes til os senest 14 efter k\u00f8bet og fra fortrydelsen skal I senest 14 dage efter returnere forsendelsen.<\/p>\n<p>Meddelelsen skal gives pr. mail p\u00e5 <a href=\"mailto:info@art-lui.com\">info@art-lui.com<\/a>. I meddelelsen skal du g\u00f8re os tydeligt opm\u00e6rksom p\u00e5, at du \u00f8nsker at udnytte din fortrydelsesret. Du kan ogs\u00e5 v\u00e6lge at benytte vores standard fortrydelsesformular og sende med retur.<\/p>\n<p><strong>Varens stand, n\u00e5r du sender den retur<\/strong><br \/>\nDu h\u00e6fter kun for eventuel forringelse af varens v\u00e6rdi, som skyldes anden h\u00e5ndtering, end hvad der er n\u00f8dvendigt for at fastsl\u00e5 varens art, egenskaber og den m\u00e5de, den fungerer p\u00e5. Med andre ord \u2013 du kan pr\u00f8ve varen p\u00e5 samme m\u00e5de, som hvis du pr\u00f8vede den i en fysisk butik.<\/p>\n<p>Hvis varen er pr\u00f8vet udover, hvad der er beskrevet ovenfor, betragter vi den som brugt, hvilket betyder, at du ved fortrydelse af k\u00f8bet kun f\u00e5r en del eller intet af k\u00f8bsbel\u00f8bet retur, afh\u00e6ngig af varens handelsm\u00e6ssige v\u00e6rdi.<\/p>\n<p>For at modtage hele k\u00f8bsbel\u00f8bet retur m\u00e5 du alts\u00e5 g\u00f8re det samme, som man kan i en fysisk butik. Du m\u00e5 afpr\u00f8ve varen, men ikke tage den i egentlig brug.<\/p>\n<p><strong>Klagemuligheder \u2013 oversigt og links:<\/strong><br \/>\nHar du en klage over et produkt, k\u00f8bt i vores Webshop, kan der sendes en klage til:<\/p>\n<p>Konkurrence- og Forbrugerstyrelsens Center for Klagel\u00f8sning<br \/>\nCarl Jacobsens Vej 35<br \/>\n2500 Valby<br \/>\nLink: www.forbrug.dk<\/p>\n<p>Hvis du er forbruger med bop\u00e6l i et andet EU-land, kan du angive din klage i EU Kommissionens online klageplatform.<\/p>\n<p>Platformen findes her: http:\/\/ec.europa.eu\/consumers\/odr\/<br \/>\nAngiver du en klage her, skal du oplyse vores E-mail adresse: info@art-lui.com<\/p>\n","protected":false},"excerpt":{"rendered":"<p>Betaling ART-LUI modtager betaling med PayPal, VISA-Dankort, VISA, VISA Electron, Mastercard og JCB, samt almindelig bankoverf\u00f8rsel. Betaling med kreditkort tr\u00e6kkes p\u00e5 din konto, n\u00e5r varen afsendes. Alle bel\u00f8b er i DKK. Danske kroner og priser er inkl. moms. ART-LUI bruger en godkendt betalingsserver, der krypterer alle dine kortoplysninger med SSL (Secure Socket Layer) protokol. Det [&hellip;]<\/p>\n","protected":false},"author":8,"featured_media":0,"parent":0,"menu_order":62,"comment_status":"closed","ping_status":"closed","template":"","meta":{"_acf_changed":false,"footnotes":""},"class_list":["post-2383","page","type-page","status-publish","hentry"],"acf":[],"yoast_head":"<!-- This site is optimized with the Yoast SEO plugin v27.3 - https:\/\/yoast.com\/product\/yoast-seo-wordpress\/ -->\n<title>Handelsbetingelser<\/title>\n<meta name=\"robots\" content=\"index, follow, max-snippet:-1, max-image-preview:large, max-video-preview:-1\" \/>\n<link rel=\"canonical\" href=\"https:\/\/art-lui.com\/da\/terms-conditions\/\" \/>\n<meta property=\"og:locale\" content=\"da_DK\" \/>\n<meta property=\"og:locale:alternate\" content=\"en_US\" \/>\n<meta property=\"og:type\" content=\"article\" \/>\n<meta property=\"og:title\" content=\"Handelsbetingelser\" \/>\n<meta property=\"og:description\" content=\"Betaling ART-LUI modtager betaling med PayPal, VISA-Dankort, VISA, VISA Electron, Mastercard og JCB, samt almindelig bankoverf\u00f8rsel. Betaling med kreditkort tr\u00e6kkes p\u00e5 din konto, n\u00e5r varen afsendes. Alle bel\u00f8b er i DKK. Danske kroner og priser er inkl. moms. ART-LUI bruger en godkendt betalingsserver, der krypterer alle dine kortoplysninger med SSL (Secure Socket Layer) protokol. Det [&hellip;]\" \/>\n<meta property=\"og:url\" content=\"https:\/\/art-lui.com\/da\/terms-conditions\/\" \/>\n<meta property=\"og:site_name\" content=\"ART-LUI\" \/>\n<meta property=\"article:publisher\" content=\"https:\/\/www.facebook.com\/galleriartlui\/\" \/>\n<meta property=\"article:modified_time\" content=\"2023-02-09T18:18:57+00:00\" \/>\n<meta name=\"twitter:card\" content=\"summary_large_image\" \/>\n<meta name=\"twitter:label1\" content=\"Estimeret l\u00e6setid\" \/>\n\t<meta name=\"twitter:data1\" content=\"9 minutter\" \/>\n<script type=\"application\/ld+json\" class=\"yoast-schema-graph\">{\"@context\":\"https:\\\/\\\/schema.org\",\"@graph\":[{\"@type\":\"WebPage\",\"@id\":\"https:\\\/\\\/art-lui.com\\\/terms-conditions\\\/\",\"url\":\"https:\\\/\\\/art-lui.com\\\/terms-conditions\\\/\",\"name\":\"Handelsbetingelser\",\"isPartOf\":{\"@id\":\"https:\\\/\\\/art-lui.com\\\/da\\\/#website\"},\"datePublished\":\"2018-04-23T14:02:19+00:00\",\"dateModified\":\"2023-02-09T18:18:57+00:00\",\"breadcrumb\":{\"@id\":\"https:\\\/\\\/art-lui.com\\\/terms-conditions\\\/#breadcrumb\"},\"inLanguage\":\"da-DK\",\"potentialAction\":[{\"@type\":\"ReadAction\",\"target\":[\"https:\\\/\\\/art-lui.com\\\/terms-conditions\\\/\"]}]},{\"@type\":\"BreadcrumbList\",\"@id\":\"https:\\\/\\\/art-lui.com\\\/terms-conditions\\\/#breadcrumb\",\"itemListElement\":[{\"@type\":\"ListItem\",\"position\":1,\"name\":\"Home\",\"item\":\"https:\\\/\\\/art-lui.com\\\/\"},{\"@type\":\"ListItem\",\"position\":2,\"name\":\"Handelsbetingelser\"}]},{\"@type\":\"WebSite\",\"@id\":\"https:\\\/\\\/art-lui.com\\\/da\\\/#website\",\"url\":\"https:\\\/\\\/art-lui.com\\\/da\\\/\",\"name\":\"ART-LUI\",\"description\":\"Helle Louise Kierkegaard - Art Lui\",\"publisher\":{\"@id\":\"https:\\\/\\\/art-lui.com\\\/da\\\/#organization\"},\"potentialAction\":[{\"@type\":\"SearchAction\",\"target\":{\"@type\":\"EntryPoint\",\"urlTemplate\":\"https:\\\/\\\/art-lui.com\\\/da\\\/?s={search_term_string}\"},\"query-input\":{\"@type\":\"PropertyValueSpecification\",\"valueRequired\":true,\"valueName\":\"search_term_string\"}}],\"inLanguage\":\"da-DK\"},{\"@type\":\"Organization\",\"@id\":\"https:\\\/\\\/art-lui.com\\\/da\\\/#organization\",\"name\":\"ART-LUI\",\"url\":\"https:\\\/\\\/art-lui.com\\\/da\\\/\",\"logo\":{\"@type\":\"ImageObject\",\"inLanguage\":\"da-DK\",\"@id\":\"https:\\\/\\\/art-lui.com\\\/da\\\/#\\\/schema\\\/logo\\\/image\\\/\",\"url\":\"https:\\\/\\\/art-lui.com\\\/wp-content\\\/uploads\\\/2018\\\/05\\\/Logo_without-background1.png\",\"contentUrl\":\"https:\\\/\\\/art-lui.com\\\/wp-content\\\/uploads\\\/2018\\\/05\\\/Logo_without-background1.png\",\"width\":\"75\",\"height\":\"118\",\"caption\":\"ART-LUI\"},\"image\":{\"@id\":\"https:\\\/\\\/art-lui.com\\\/da\\\/#\\\/schema\\\/logo\\\/image\\\/\"},\"sameAs\":[\"https:\\\/\\\/www.facebook.com\\\/galleriartlui\\\/\",\"https:\\\/\\\/www.instagram.com\\\/artlui.dk\\\/\"]}]}<\/script>\n<!-- \/ Yoast SEO plugin. -->","yoast_head_json":{"title":"Handelsbetingelser","robots":{"index":"index","follow":"follow","max-snippet":"max-snippet:-1","max-image-preview":"max-image-preview:large","max-video-preview":"max-video-preview:-1"},"canonical":"https:\/\/art-lui.com\/da\/terms-conditions\/","og_locale":"da_DK","og_type":"article","og_title":"[:en]Terms & Conditions[:da]Handelsbetingelser[:] - ART-LUI","og_description":"Betaling ART-LUI modtager betaling med PayPal, VISA-Dankort, VISA, VISA Electron, Mastercard og JCB, samt almindelig bankoverf\u00f8rsel. Betaling med kreditkort tr\u00e6kkes p\u00e5 din konto, n\u00e5r varen afsendes. Alle bel\u00f8b er i DKK. Danske kroner og priser er inkl. moms. ART-LUI bruger en godkendt betalingsserver, der krypterer alle dine kortoplysninger med SSL (Secure Socket Layer) protokol. Det [&hellip;]","og_url":"https:\/\/art-lui.com\/da\/terms-conditions\/","og_site_name":"ART-LUI","article_publisher":"https:\/\/www.facebook.com\/galleriartlui\/","article_modified_time":"2023-02-09T18:18:57+00:00","twitter_card":"summary_large_image","twitter_misc":{"Estimeret l\u00e6setid":"9 minutter"},"schema":{"@context":"https:\/\/schema.org","@graph":[{"@type":"WebPage","@id":"https:\/\/art-lui.com\/terms-conditions\/","url":"https:\/\/art-lui.com\/terms-conditions\/","name":"Handelsbetingelser","isPartOf":{"@id":"https:\/\/art-lui.com\/da\/#website"},"datePublished":"2018-04-23T14:02:19+00:00","dateModified":"2023-02-09T18:18:57+00:00","breadcrumb":{"@id":"https:\/\/art-lui.com\/terms-conditions\/#breadcrumb"},"inLanguage":"da-DK","potentialAction":[{"@type":"ReadAction","target":["https:\/\/art-lui.com\/terms-conditions\/"]}]},{"@type":"BreadcrumbList","@id":"https:\/\/art-lui.com\/terms-conditions\/#breadcrumb","itemListElement":[{"@type":"ListItem","position":1,"name":"Home","item":"https:\/\/art-lui.com\/"},{"@type":"ListItem","position":2,"name":"Handelsbetingelser"}]},{"@type":"WebSite","@id":"https:\/\/art-lui.com\/da\/#website","url":"https:\/\/art-lui.com\/da\/","name":"ART-LUI","description":"Helle Louise Kierkegaard - Art Lui","publisher":{"@id":"https:\/\/art-lui.com\/da\/#organization"},"potentialAction":[{"@type":"SearchAction","target":{"@type":"EntryPoint","urlTemplate":"https:\/\/art-lui.com\/da\/?s={search_term_string}"},"query-input":{"@type":"PropertyValueSpecification","valueRequired":true,"valueName":"search_term_string"}}],"inLanguage":"da-DK"},{"@type":"Organization","@id":"https:\/\/art-lui.com\/da\/#organization","name":"ART-LUI","url":"https:\/\/art-lui.com\/da\/","logo":{"@type":"ImageObject","inLanguage":"da-DK","@id":"https:\/\/art-lui.com\/da\/#\/schema\/logo\/image\/","url":"https:\/\/art-lui.com\/wp-content\/uploads\/2018\/05\/Logo_without-background1.png","contentUrl":"https:\/\/art-lui.com\/wp-content\/uploads\/2018\/05\/Logo_without-background1.png","width":"75","height":"118","caption":"ART-LUI"},"image":{"@id":"https:\/\/art-lui.com\/da\/#\/schema\/logo\/image\/"},"sameAs":["https:\/\/www.facebook.com\/galleriartlui\/","https:\/\/www.instagram.com\/artlui.dk\/"]}]}},"jetpack_sharing_enabled":true,"_links":{"self":[{"href":"https:\/\/art-lui.com\/da\/wp-json\/wp\/v2\/pages\/2383","targetHints":{"allow":["GET"]}}],"collection":[{"href":"https:\/\/art-lui.com\/da\/wp-json\/wp\/v2\/pages"}],"about":[{"href":"https:\/\/art-lui.com\/da\/wp-json\/wp\/v2\/types\/page"}],"author":[{"embeddable":true,"href":"https:\/\/art-lui.com\/da\/wp-json\/wp\/v2\/users\/8"}],"replies":[{"embeddable":true,"href":"https:\/\/art-lui.com\/da\/wp-json\/wp\/v2\/comments?post=2383"}],"version-history":[{"count":0,"href":"https:\/\/art-lui.com\/da\/wp-json\/wp\/v2\/pages\/2383\/revisions"}],"wp:attachment":[{"href":"https:\/\/art-lui.com\/da\/wp-json\/wp\/v2\/media?parent=2383"}],"curies":[{"name":"wp","href":"https:\/\/api.w.org\/{rel}","templated":true}]}}