{"id":2643,"date":"2018-04-25T05:05:20","date_gmt":"2018-04-25T03:05:20","guid":{"rendered":"http:\/\/art-lui.com\/?page_id=2643"},"modified":"2022-07-23T18:03:54","modified_gmt":"2022-07-23T16:03:54","slug":"movies","status":"publish","type":"page","link":"https:\/\/art-lui.com\/da\/movies\/","title":{"rendered":"Film"},"content":{"rendered":"<div id=\"pl-2643\"  class=\"panel-layout\" ><div id=\"pg-2643-0\"  class=\"panel-grid panel-no-style\" ><div id=\"pgc-2643-0-0\"  class=\"panel-grid-cell\" ><div id=\"panel-2643-0-0-0\" class=\"so-panel widget widget_sow-editor panel-first-child panel-last-child\" data-index=\"0\" ><div\n\t\t\t\n\t\t\tclass=\"so-widget-sow-editor so-widget-sow-editor-base\"\n\t\t\t\n\t\t>\n<div class=\"siteorigin-widget-tinymce textwidget\">\n\t<p>Mine st\u00f8rste mission som kunstner er at sikre at iagttageren, ved f\u00f8rste \u00f8jekast, kan m\u00e6rke og f\u00f8le romantikken, harmonien og sk\u00f8nheden i mine malerier. Ved videre udforskning skal iagttageren komme p\u00e5 tv\u00e6rs af et eller flere underliggende forstyrrende elementer. Et maleri skal have en kant, en quirkiness ligesom livet selv. Vi m\u00e5 aldrig leve i fuld harmoni. Der skal v\u00e6re noget der skurrer vores \u00f8jne og sj\u00e6l for at lade lyset komme ind.<\/p>\n<p><iframe loading=\"lazy\" title=\"SOULPAINTING BY ART LUI\" width=\"640\" height=\"360\" src=\"https:\/\/www.youtube.com\/embed\/Sg6leqPEZ9w?feature=oembed\" frameborder=\"0\" allow=\"accelerometer; autoplay; clipboard-write; encrypted-media; gyroscope; picture-in-picture; web-share\" referrerpolicy=\"strict-origin-when-cross-origin\" allowfullscreen><\/iframe><br \/>\nSoul Painting by ART-LUI<br \/>\nSoul Painting by Art-Lui (Helle Louise Kierkegaard) Islands Brygge, Copenhagen Sept. 2016. Video by Arjuna Govinda from www.musicheartjourney.com<\/p>\n<p><iframe loading=\"lazy\" title=\"Lui   Artist statement\" width=\"640\" height=\"360\" src=\"https:\/\/www.youtube.com\/embed\/XKFiZPjONH8?feature=oembed\" frameborder=\"0\" allow=\"accelerometer; autoplay; clipboard-write; encrypted-media; gyroscope; picture-in-picture; web-share\" referrerpolicy=\"strict-origin-when-cross-origin\" allowfullscreen><\/iframe><br \/>\nLui Artist statement<br \/>\nArtist 'Lui' ~ Helle-louise Kierkegaard ~ speaks about why she paints women. Filmed at 'Atelier Lui' in Copenhagen September 2014. Incidental music by Lawrence Lindhardt Christensen and video editing by Arjuna Govinda of www.musicheartjourney.com - A collaborative effort.<\/p>\n<p><iframe loading=\"lazy\" title=\"Helle Louise Kierkegaard\" width=\"640\" height=\"360\" src=\"https:\/\/www.youtube.com\/embed\/reNC212_qgo?feature=oembed\" frameborder=\"0\" allow=\"accelerometer; autoplay; clipboard-write; encrypted-media; gyroscope; picture-in-picture; web-share\" referrerpolicy=\"strict-origin-when-cross-origin\" allowfullscreen><\/iframe><br \/>\nART-LUI Galleri Nobel april 2016<br \/>\nHelle Louise Kierkegaard is speaking about her work, the apple girl and ART-LUI at the Galleri Nobel, Norway april 2016<\/p>\n<p><iframe loading=\"lazy\" title=\"Kunstner Helle Louise Kierkegaard\/Lui\" width=\"640\" height=\"360\" src=\"https:\/\/www.youtube.com\/embed\/y6FjIjDNW-c?feature=oembed\" frameborder=\"0\" allow=\"accelerometer; autoplay; clipboard-write; encrypted-media; gyroscope; picture-in-picture; web-share\" referrerpolicy=\"strict-origin-when-cross-origin\" allowfullscreen><\/iframe><br \/>\nKunstner Helle Louise Kierkegaard\/Lui<br \/>\nLui is painting for the the Jazz festival 2015<\/p>\n<p><iframe loading=\"lazy\" title=\"Merry Christmas from Art-Lui 2019 May all your Dreams come true \ud83d\udd25\" width=\"640\" height=\"480\" src=\"https:\/\/www.youtube.com\/embed\/307xxO8Mzjg?feature=oembed\" frameborder=\"0\" allow=\"accelerometer; autoplay; clipboard-write; encrypted-media; gyroscope; picture-in-picture; web-share\" referrerpolicy=\"strict-origin-when-cross-origin\" allowfullscreen><\/iframe><\/p>\n<p>&nbsp;<\/p>\n<\/div>\n<\/div><\/div><\/div><\/div><\/div>","protected":false},"excerpt":{"rendered":"<p>Mine st\u00f8rste mission som kunstner er at sikre at iagttageren, ved f\u00f8rste \u00f8jekast, kan m\u00e6rke og f\u00f8le romantikken, harmonien og sk\u00f8nheden i mine malerier. Ved videre udforskning skal iagttageren komme p\u00e5 tv\u00e6rs af et eller flere underliggende forstyrrende elementer. Et maleri skal have en kant, en quirkiness ligesom livet selv. Vi m\u00e5 aldrig leve i [&hellip;]<\/p>\n","protected":false},"author":2,"featured_media":0,"parent":0,"menu_order":46,"comment_status":"closed","ping_status":"closed","template":"","meta":{"_acf_changed":false,"footnotes":""},"class_list":["post-2643","page","type-page","status-publish","hentry"],"acf":[],"yoast_head":"<!-- This site is optimized with the Yoast SEO plugin v27.3 - https:\/\/yoast.com\/product\/yoast-seo-wordpress\/ -->\n<title>Film<\/title>\n<meta name=\"robots\" content=\"index, follow, max-snippet:-1, max-image-preview:large, max-video-preview:-1\" \/>\n<link rel=\"canonical\" href=\"https:\/\/art-lui.com\/da\/movies\/\" \/>\n<meta property=\"og:locale\" content=\"da_DK\" \/>\n<meta property=\"og:locale:alternate\" content=\"en_US\" \/>\n<meta property=\"og:type\" content=\"article\" \/>\n<meta property=\"og:title\" content=\"Film\" \/>\n<meta property=\"og:description\" content=\"Mine st\u00f8rste mission som kunstner er at sikre at iagttageren, ved f\u00f8rste \u00f8jekast, kan m\u00e6rke og f\u00f8le romantikken, harmonien og sk\u00f8nheden i mine malerier. Ved videre udforskning skal iagttageren komme p\u00e5 tv\u00e6rs af et eller flere underliggende forstyrrende elementer. Et maleri skal have en kant, en quirkiness ligesom livet selv. Vi m\u00e5 aldrig leve i [&hellip;]\" \/>\n<meta property=\"og:url\" content=\"https:\/\/art-lui.com\/da\/movies\/\" \/>\n<meta property=\"og:site_name\" content=\"ART-LUI\" \/>\n<meta property=\"article:publisher\" content=\"https:\/\/www.facebook.com\/galleriartlui\/\" \/>\n<meta property=\"article:modified_time\" content=\"2022-07-23T16:03:54+00:00\" \/>\n<meta name=\"twitter:card\" content=\"summary_large_image\" \/>\n<meta name=\"twitter:label1\" content=\"Estimeret l\u00e6setid\" \/>\n\t<meta name=\"twitter:data1\" content=\"1 minut\" \/>\n<script type=\"application\/ld+json\" class=\"yoast-schema-graph\">{\"@context\":\"https:\\\/\\\/schema.org\",\"@graph\":[{\"@type\":\"WebPage\",\"@id\":\"https:\\\/\\\/art-lui.com\\\/movies\\\/\",\"url\":\"https:\\\/\\\/art-lui.com\\\/movies\\\/\",\"name\":\"Film\",\"isPartOf\":{\"@id\":\"https:\\\/\\\/art-lui.com\\\/da\\\/#website\"},\"datePublished\":\"2018-04-25T03:05:20+00:00\",\"dateModified\":\"2022-07-23T16:03:54+00:00\",\"breadcrumb\":{\"@id\":\"https:\\\/\\\/art-lui.com\\\/movies\\\/#breadcrumb\"},\"inLanguage\":\"da-DK\",\"potentialAction\":[{\"@type\":\"ReadAction\",\"target\":[\"https:\\\/\\\/art-lui.com\\\/movies\\\/\"]}]},{\"@type\":\"BreadcrumbList\",\"@id\":\"https:\\\/\\\/art-lui.com\\\/movies\\\/#breadcrumb\",\"itemListElement\":[{\"@type\":\"ListItem\",\"position\":1,\"name\":\"Home\",\"item\":\"https:\\\/\\\/art-lui.com\\\/\"},{\"@type\":\"ListItem\",\"position\":2,\"name\":\"Film\"}]},{\"@type\":\"WebSite\",\"@id\":\"https:\\\/\\\/art-lui.com\\\/da\\\/#website\",\"url\":\"https:\\\/\\\/art-lui.com\\\/da\\\/\",\"name\":\"ART-LUI\",\"description\":\"Helle Louise Kierkegaard - Art Lui\",\"publisher\":{\"@id\":\"https:\\\/\\\/art-lui.com\\\/da\\\/#organization\"},\"potentialAction\":[{\"@type\":\"SearchAction\",\"target\":{\"@type\":\"EntryPoint\",\"urlTemplate\":\"https:\\\/\\\/art-lui.com\\\/da\\\/?s={search_term_string}\"},\"query-input\":{\"@type\":\"PropertyValueSpecification\",\"valueRequired\":true,\"valueName\":\"search_term_string\"}}],\"inLanguage\":\"da-DK\"},{\"@type\":\"Organization\",\"@id\":\"https:\\\/\\\/art-lui.com\\\/da\\\/#organization\",\"name\":\"ART-LUI\",\"url\":\"https:\\\/\\\/art-lui.com\\\/da\\\/\",\"logo\":{\"@type\":\"ImageObject\",\"inLanguage\":\"da-DK\",\"@id\":\"https:\\\/\\\/art-lui.com\\\/da\\\/#\\\/schema\\\/logo\\\/image\\\/\",\"url\":\"https:\\\/\\\/art-lui.com\\\/wp-content\\\/uploads\\\/2018\\\/05\\\/Logo_without-background1.png\",\"contentUrl\":\"https:\\\/\\\/art-lui.com\\\/wp-content\\\/uploads\\\/2018\\\/05\\\/Logo_without-background1.png\",\"width\":\"75\",\"height\":\"118\",\"caption\":\"ART-LUI\"},\"image\":{\"@id\":\"https:\\\/\\\/art-lui.com\\\/da\\\/#\\\/schema\\\/logo\\\/image\\\/\"},\"sameAs\":[\"https:\\\/\\\/www.facebook.com\\\/galleriartlui\\\/\",\"https:\\\/\\\/www.instagram.com\\\/artlui.dk\\\/\"]}]}<\/script>\n<!-- \/ Yoast SEO plugin. -->","yoast_head_json":{"title":"Film","robots":{"index":"index","follow":"follow","max-snippet":"max-snippet:-1","max-image-preview":"max-image-preview:large","max-video-preview":"max-video-preview:-1"},"canonical":"https:\/\/art-lui.com\/da\/movies\/","og_locale":"da_DK","og_type":"article","og_title":"[:en]Movies[:da]Film[:] - ART-LUI","og_description":"Mine st\u00f8rste mission som kunstner er at sikre at iagttageren, ved f\u00f8rste \u00f8jekast, kan m\u00e6rke og f\u00f8le romantikken, harmonien og sk\u00f8nheden i mine malerier. Ved videre udforskning skal iagttageren komme p\u00e5 tv\u00e6rs af et eller flere underliggende forstyrrende elementer. Et maleri skal have en kant, en quirkiness ligesom livet selv. Vi m\u00e5 aldrig leve i [&hellip;]","og_url":"https:\/\/art-lui.com\/da\/movies\/","og_site_name":"ART-LUI","article_publisher":"https:\/\/www.facebook.com\/galleriartlui\/","article_modified_time":"2022-07-23T16:03:54+00:00","twitter_card":"summary_large_image","twitter_misc":{"Estimeret l\u00e6setid":"1 minut"},"schema":{"@context":"https:\/\/schema.org","@graph":[{"@type":"WebPage","@id":"https:\/\/art-lui.com\/movies\/","url":"https:\/\/art-lui.com\/movies\/","name":"Film","isPartOf":{"@id":"https:\/\/art-lui.com\/da\/#website"},"datePublished":"2018-04-25T03:05:20+00:00","dateModified":"2022-07-23T16:03:54+00:00","breadcrumb":{"@id":"https:\/\/art-lui.com\/movies\/#breadcrumb"},"inLanguage":"da-DK","potentialAction":[{"@type":"ReadAction","target":["https:\/\/art-lui.com\/movies\/"]}]},{"@type":"BreadcrumbList","@id":"https:\/\/art-lui.com\/movies\/#breadcrumb","itemListElement":[{"@type":"ListItem","position":1,"name":"Home","item":"https:\/\/art-lui.com\/"},{"@type":"ListItem","position":2,"name":"Film"}]},{"@type":"WebSite","@id":"https:\/\/art-lui.com\/da\/#website","url":"https:\/\/art-lui.com\/da\/","name":"ART-LUI","description":"Helle Louise Kierkegaard - Art Lui","publisher":{"@id":"https:\/\/art-lui.com\/da\/#organization"},"potentialAction":[{"@type":"SearchAction","target":{"@type":"EntryPoint","urlTemplate":"https:\/\/art-lui.com\/da\/?s={search_term_string}"},"query-input":{"@type":"PropertyValueSpecification","valueRequired":true,"valueName":"search_term_string"}}],"inLanguage":"da-DK"},{"@type":"Organization","@id":"https:\/\/art-lui.com\/da\/#organization","name":"ART-LUI","url":"https:\/\/art-lui.com\/da\/","logo":{"@type":"ImageObject","inLanguage":"da-DK","@id":"https:\/\/art-lui.com\/da\/#\/schema\/logo\/image\/","url":"https:\/\/art-lui.com\/wp-content\/uploads\/2018\/05\/Logo_without-background1.png","contentUrl":"https:\/\/art-lui.com\/wp-content\/uploads\/2018\/05\/Logo_without-background1.png","width":"75","height":"118","caption":"ART-LUI"},"image":{"@id":"https:\/\/art-lui.com\/da\/#\/schema\/logo\/image\/"},"sameAs":["https:\/\/www.facebook.com\/galleriartlui\/","https:\/\/www.instagram.com\/artlui.dk\/"]}]}},"jetpack_sharing_enabled":true,"_links":{"self":[{"href":"https:\/\/art-lui.com\/da\/wp-json\/wp\/v2\/pages\/2643","targetHints":{"allow":["GET"]}}],"collection":[{"href":"https:\/\/art-lui.com\/da\/wp-json\/wp\/v2\/pages"}],"about":[{"href":"https:\/\/art-lui.com\/da\/wp-json\/wp\/v2\/types\/page"}],"author":[{"embeddable":true,"href":"https:\/\/art-lui.com\/da\/wp-json\/wp\/v2\/users\/2"}],"replies":[{"embeddable":true,"href":"https:\/\/art-lui.com\/da\/wp-json\/wp\/v2\/comments?post=2643"}],"version-history":[{"count":0,"href":"https:\/\/art-lui.com\/da\/wp-json\/wp\/v2\/pages\/2643\/revisions"}],"wp:attachment":[{"href":"https:\/\/art-lui.com\/da\/wp-json\/wp\/v2\/media?parent=2643"}],"curies":[{"name":"wp","href":"https:\/\/api.w.org\/{rel}","templated":true}]}}