{"id":2645,"date":"2018-04-25T05:06:15","date_gmt":"2018-04-25T03:06:15","guid":{"rendered":"http:\/\/art-lui.com\/?page_id=2645"},"modified":"2023-02-09T19:04:57","modified_gmt":"2023-02-09T18:04:57","slug":"studios","status":"publish","type":"page","link":"https:\/\/art-lui.com\/da\/studios\/","title":{"rendered":"Studios"},"content":{"rendered":"<div id=\"pl-2645\"  class=\"panel-layout\" ><div id=\"pg-2645-0\"  class=\"panel-grid panel-no-style\" ><div id=\"pgc-2645-0-0\"  class=\"panel-grid-cell\" ><div id=\"panel-2645-0-0-0\" class=\"so-panel widget widget_sow-image panel-first-child panel-last-child\" data-index=\"0\" ><div\n\t\t\t\n\t\t\tclass=\"so-widget-sow-image so-widget-sow-image-default-dbf295114b96-2645\"\n\t\t\t\n\t\t>\n<div class=\"sow-image-container\">\n\t\t\t<a href=\"https:\/\/art-lui.com\/da\/gallery-atelier-art-lui\/\"\n\t\t\t\t\t>\n\t\t\t<img \n\tsrc=\"https:\/\/art-lui.com\/wp-content\/uploads\/2018\/10\/img_8395.jpg\" width=\"960\" height=\"554\" srcset=\"https:\/\/art-lui.com\/wp-content\/uploads\/2018\/10\/img_8395.jpg 960w, https:\/\/art-lui.com\/wp-content\/uploads\/2018\/10\/img_8395-300x173.jpg 300w, https:\/\/art-lui.com\/wp-content\/uploads\/2018\/10\/img_8395-768x443.jpg 768w, https:\/\/art-lui.com\/wp-content\/uploads\/2018\/10\/img_8395-470x271.jpg 470w, https:\/\/art-lui.com\/wp-content\/uploads\/2018\/10\/img_8395-600x346.jpg 600w\" sizes=\"(max-width: 960px) 100vw, 960px\" title=\"Galleri &amp; Atelier ART-LUI  er flyttet til Vesterhavet, efter 10 \u00e5r p\u00e5 Islands Brygge i K\u00f8benhavn\" alt=\"Galleri &amp; Atelier ART-LUI - Vesterhavet\" \t\tclass=\"so-widget-image\"\/>\n\t\t\t<\/a><\/div>\n\n<h3 class=\"widget-title\">Galleri &amp; Atelier ART-LUI  er flyttet til Vesterhavet, efter 10 \u00e5r p\u00e5 Islands Brygge i K\u00f8benhavn<\/h3><\/div><\/div><\/div><\/div><div id=\"pg-2645-1\"  class=\"panel-grid panel-no-style\" ><div id=\"pgc-2645-1-0\"  class=\"panel-grid-cell\" ><div id=\"panel-2645-1-0-0\" class=\"so-panel widget widget_sow-image panel-first-child\" data-index=\"1\" ><div\n\t\t\t\n\t\t\tclass=\"so-widget-sow-image so-widget-sow-image-default-dbf295114b96-2645\"\n\t\t\t\n\t\t>\n<div class=\"sow-image-container\">\n\t\t\t<a href=\"https:\/\/art-lui.com\/da\/the-north-atlantic-light-house\/\"\n\t\t\t\t\t>\n\t\t\t<img \n\tsrc=\"https:\/\/art-lui.com\/wp-content\/uploads\/2018\/05\/31944491_cover-1.jpg\" width=\"1200\" height=\"500\" srcset=\"https:\/\/art-lui.com\/wp-content\/uploads\/2018\/05\/31944491_cover-1.jpg 1200w, https:\/\/art-lui.com\/wp-content\/uploads\/2018\/05\/31944491_cover-1-300x125.jpg 300w, https:\/\/art-lui.com\/wp-content\/uploads\/2018\/05\/31944491_cover-1-768x320.jpg 768w, https:\/\/art-lui.com\/wp-content\/uploads\/2018\/05\/31944491_cover-1-1024x427.jpg 1024w, https:\/\/art-lui.com\/wp-content\/uploads\/2018\/05\/31944491_cover-1-470x196.jpg 470w, https:\/\/art-lui.com\/wp-content\/uploads\/2018\/05\/31944491_cover-1-600x250.jpg 600w\" sizes=\"(max-width: 1200px) 100vw, 1200px\" title=\"Det Nordatlantiske Fyrt\u00e5rn\" alt=\"Det Nordatlantiske Fyrt\u00e5rn i Hanstholm\" \t\tclass=\"so-widget-image\"\/>\n\t\t\t<\/a><\/div>\n\n<h3 class=\"widget-title\">Det Nordatlantiske Fyrt\u00e5rn<\/h3><\/div><\/div><div id=\"panel-2645-1-0-1\" class=\"so-panel widget widget_text panel-last-child\" data-index=\"2\" ><div class=\"panel-widget-style panel-widget-style-for-2645-1-0-1\" >\t\t\t<div class=\"textwidget\"><p>Mere information om Det Nordatlantiske Fyrt\u00e5rn i Hanstholm <a href=\"https:\/\/art-lui.com\/da\/the-north-atlantic-light-house\/\"><u>Klik her<\/u><\/a>.<\/p>\n<\/div>\n\t\t<\/div><\/div><\/div><div id=\"pgc-2645-1-1\"  class=\"panel-grid-cell\" ><div id=\"panel-2645-1-1-0\" class=\"so-panel widget widget_sow-image panel-first-child\" data-index=\"3\" ><div\n\t\t\t\n\t\t\tclass=\"so-widget-sow-image so-widget-sow-image-default-dbf295114b96-2645\"\n\t\t\t\n\t\t>\n<div class=\"sow-image-container\">\n\t\t\t<a href=\"https:\/\/art-lui.com\/da\/work-retreat-iceland\/\"\n\t\t\t\t\t>\n\t\t\t<img \n\tsrc=\"https:\/\/art-lui.com\/wp-content\/uploads\/2018\/05\/image2.jpg\" width=\"1200\" height=\"500\" srcset=\"https:\/\/art-lui.com\/wp-content\/uploads\/2018\/05\/image2.jpg 1200w, https:\/\/art-lui.com\/wp-content\/uploads\/2018\/05\/image2-300x125.jpg 300w, https:\/\/art-lui.com\/wp-content\/uploads\/2018\/05\/image2-768x320.jpg 768w, https:\/\/art-lui.com\/wp-content\/uploads\/2018\/05\/image2-1024x427.jpg 1024w, https:\/\/art-lui.com\/wp-content\/uploads\/2018\/05\/image2-470x196.jpg 470w, https:\/\/art-lui.com\/wp-content\/uploads\/2018\/05\/image2-600x250.jpg 600w\" sizes=\"(max-width: 1200px) 100vw, 1200px\" title=\"Arbejdsrefugium Island\" alt=\"Arbejdsrefugium Island\" \t\tclass=\"so-widget-image\"\/>\n\t\t\t<\/a><\/div>\n\n<h3 class=\"widget-title\">Arbejdsrefugium Island<\/h3><\/div><\/div><div id=\"panel-2645-1-1-1\" class=\"so-panel widget widget_text panel-last-child\" data-index=\"4\" ><div class=\"panel-widget-style panel-widget-style-for-2645-1-1-1\" >\t\t\t<div class=\"textwidget\"><p>Mere information om arbejdsrefugium Island <a href=\"https:\/\/art-lui.com\/da\/work-retreat-iceland\/\"><u>Klik her<\/u><\/a>.<\/p>\n<\/div>\n\t\t<\/div><\/div><\/div><div id=\"pgc-2645-1-2\"  class=\"panel-grid-cell\" ><div id=\"panel-2645-1-2-0\" class=\"so-panel widget widget_sow-image panel-first-child\" data-index=\"5\" ><div class=\"panel-widget-style panel-widget-style-for-2645-1-2-0\" ><div\n\t\t\t\n\t\t\tclass=\"so-widget-sow-image so-widget-sow-image-default-dbf295114b96-2645\"\n\t\t\t\n\t\t>\n<div class=\"sow-image-container\">\n\t\t\t<a href=\"https:\/\/art-lui.com\/da\/work-retreat-sardinia\/\"\n\t\t\t\t\t>\n\t\t\t<img \n\tsrc=\"https:\/\/art-lui.com\/wp-content\/uploads\/2018\/05\/IMG_3251-featured-1024x476-1.jpg\" width=\"1200\" height=\"500\" srcset=\"https:\/\/art-lui.com\/wp-content\/uploads\/2018\/05\/IMG_3251-featured-1024x476-1.jpg 1200w, https:\/\/art-lui.com\/wp-content\/uploads\/2018\/05\/IMG_3251-featured-1024x476-1-300x125.jpg 300w, https:\/\/art-lui.com\/wp-content\/uploads\/2018\/05\/IMG_3251-featured-1024x476-1-768x320.jpg 768w, https:\/\/art-lui.com\/wp-content\/uploads\/2018\/05\/IMG_3251-featured-1024x476-1-1024x427.jpg 1024w, https:\/\/art-lui.com\/wp-content\/uploads\/2018\/05\/IMG_3251-featured-1024x476-1-470x196.jpg 470w, https:\/\/art-lui.com\/wp-content\/uploads\/2018\/05\/IMG_3251-featured-1024x476-1-600x250.jpg 600w\" sizes=\"(max-width: 1200px) 100vw, 1200px\" title=\"Sardinien Arbejdsrefugium\" alt=\"Sardinien Arbejdsrefugium\" \t\tclass=\"so-widget-image\"\/>\n\t\t\t<\/a><\/div>\n\n<h3 class=\"widget-title\">Sardinien Arbejdsrefugium<\/h3><\/div><\/div><\/div><div id=\"panel-2645-1-2-1\" class=\"so-panel widget widget_text panel-last-child\" data-index=\"6\" ><div class=\"panel-widget-style panel-widget-style-for-2645-1-2-1\" >\t\t\t<div class=\"textwidget\"><p>Mere information om arbejdsrefugium Sardinien i Italien <a href=\"https:\/\/art-lui.com\/da\/work-retreat-sardinia\/\"><u>klik her<\/u><\/a>.<\/p>\n<\/div>\n\t\t<\/div><\/div><\/div><\/div><\/div>","protected":false},"excerpt":{"rendered":"<p>Mere information om Det Nordatlantiske Fyrt\u00e5rn i Hanstholm Klik her. Mere information om arbejdsrefugium Island Klik her. Mere information om arbejdsrefugium Sardinien i Italien klik her.<\/p>\n","protected":false},"author":2,"featured_media":0,"parent":0,"menu_order":52,"comment_status":"closed","ping_status":"closed","template":"","meta":{"_acf_changed":false,"footnotes":""},"class_list":["post-2645","page","type-page","status-publish","hentry"],"acf":[],"yoast_head":"<!-- This site is optimized with the Yoast SEO plugin v27.3 - https:\/\/yoast.com\/product\/yoast-seo-wordpress\/ -->\n<title>Studios<\/title>\n<meta name=\"description\" content=\"Se alle studios og arbejdsrefugium for ART-LUI - Helle Louise Kierkegaard\" \/>\n<meta name=\"robots\" content=\"index, follow, max-snippet:-1, max-image-preview:large, max-video-preview:-1\" \/>\n<link rel=\"canonical\" href=\"https:\/\/art-lui.com\/da\/studios\/\" \/>\n<meta property=\"og:locale\" content=\"da_DK\" \/>\n<meta property=\"og:locale:alternate\" content=\"en_US\" \/>\n<meta property=\"og:type\" content=\"article\" \/>\n<meta property=\"og:title\" content=\"Studios\" \/>\n<meta property=\"og:description\" content=\"Se alle studios og arbejdsrefugium for ART-LUI - Helle Louise Kierkegaard\" \/>\n<meta property=\"og:url\" content=\"https:\/\/art-lui.com\/da\/studios\/\" \/>\n<meta property=\"og:site_name\" content=\"ART-LUI\" \/>\n<meta property=\"article:publisher\" content=\"https:\/\/www.facebook.com\/galleriartlui\/\" \/>\n<meta property=\"article:modified_time\" content=\"2023-02-09T18:04:57+00:00\" \/>\n<meta name=\"twitter:card\" content=\"summary_large_image\" \/>\n<script type=\"application\/ld+json\" class=\"yoast-schema-graph\">{\"@context\":\"https:\\\/\\\/schema.org\",\"@graph\":[{\"@type\":\"WebPage\",\"@id\":\"https:\\\/\\\/art-lui.com\\\/studios\\\/\",\"url\":\"https:\\\/\\\/art-lui.com\\\/studios\\\/\",\"name\":\"Studios\",\"isPartOf\":{\"@id\":\"https:\\\/\\\/art-lui.com\\\/da\\\/#website\"},\"datePublished\":\"2018-04-25T03:06:15+00:00\",\"dateModified\":\"2023-02-09T18:04:57+00:00\",\"description\":\"Se alle studios og arbejdsrefugium for ART-LUI - Helle Louise Kierkegaard\",\"breadcrumb\":{\"@id\":\"https:\\\/\\\/art-lui.com\\\/studios\\\/#breadcrumb\"},\"inLanguage\":\"da-DK\",\"potentialAction\":[{\"@type\":\"ReadAction\",\"target\":[\"https:\\\/\\\/art-lui.com\\\/studios\\\/\"]}]},{\"@type\":\"BreadcrumbList\",\"@id\":\"https:\\\/\\\/art-lui.com\\\/studios\\\/#breadcrumb\",\"itemListElement\":[{\"@type\":\"ListItem\",\"position\":1,\"name\":\"Home\",\"item\":\"https:\\\/\\\/art-lui.com\\\/\"},{\"@type\":\"ListItem\",\"position\":2,\"name\":\"Studios\"}]},{\"@type\":\"WebSite\",\"@id\":\"https:\\\/\\\/art-lui.com\\\/da\\\/#website\",\"url\":\"https:\\\/\\\/art-lui.com\\\/da\\\/\",\"name\":\"ART-LUI\",\"description\":\"Helle Louise Kierkegaard - Art Lui\",\"publisher\":{\"@id\":\"https:\\\/\\\/art-lui.com\\\/da\\\/#organization\"},\"potentialAction\":[{\"@type\":\"SearchAction\",\"target\":{\"@type\":\"EntryPoint\",\"urlTemplate\":\"https:\\\/\\\/art-lui.com\\\/da\\\/?s={search_term_string}\"},\"query-input\":{\"@type\":\"PropertyValueSpecification\",\"valueRequired\":true,\"valueName\":\"search_term_string\"}}],\"inLanguage\":\"da-DK\"},{\"@type\":\"Organization\",\"@id\":\"https:\\\/\\\/art-lui.com\\\/da\\\/#organization\",\"name\":\"ART-LUI\",\"url\":\"https:\\\/\\\/art-lui.com\\\/da\\\/\",\"logo\":{\"@type\":\"ImageObject\",\"inLanguage\":\"da-DK\",\"@id\":\"https:\\\/\\\/art-lui.com\\\/da\\\/#\\\/schema\\\/logo\\\/image\\\/\",\"url\":\"https:\\\/\\\/art-lui.com\\\/wp-content\\\/uploads\\\/2018\\\/05\\\/Logo_without-background1.png\",\"contentUrl\":\"https:\\\/\\\/art-lui.com\\\/wp-content\\\/uploads\\\/2018\\\/05\\\/Logo_without-background1.png\",\"width\":\"75\",\"height\":\"118\",\"caption\":\"ART-LUI\"},\"image\":{\"@id\":\"https:\\\/\\\/art-lui.com\\\/da\\\/#\\\/schema\\\/logo\\\/image\\\/\"},\"sameAs\":[\"https:\\\/\\\/www.facebook.com\\\/galleriartlui\\\/\",\"https:\\\/\\\/www.instagram.com\\\/artlui.dk\\\/\"]}]}<\/script>\n<!-- \/ Yoast SEO plugin. -->","yoast_head_json":{"title":"Studios","description":"Se alle studios og arbejdsrefugium for ART-LUI - Helle Louise Kierkegaard","robots":{"index":"index","follow":"follow","max-snippet":"max-snippet:-1","max-image-preview":"max-image-preview:large","max-video-preview":"max-video-preview:-1"},"canonical":"https:\/\/art-lui.com\/da\/studios\/","og_locale":"da_DK","og_type":"article","og_title":"[:en]Studios[:da]Studios[:] - ART-LUI","og_description":"Se alle studios og arbejdsrefugium for ART-LUI - Helle Louise Kierkegaard","og_url":"https:\/\/art-lui.com\/da\/studios\/","og_site_name":"ART-LUI","article_publisher":"https:\/\/www.facebook.com\/galleriartlui\/","article_modified_time":"2023-02-09T18:04:57+00:00","twitter_card":"summary_large_image","schema":{"@context":"https:\/\/schema.org","@graph":[{"@type":"WebPage","@id":"https:\/\/art-lui.com\/studios\/","url":"https:\/\/art-lui.com\/studios\/","name":"Studios","isPartOf":{"@id":"https:\/\/art-lui.com\/da\/#website"},"datePublished":"2018-04-25T03:06:15+00:00","dateModified":"2023-02-09T18:04:57+00:00","description":"Se alle studios og arbejdsrefugium for ART-LUI - Helle Louise Kierkegaard","breadcrumb":{"@id":"https:\/\/art-lui.com\/studios\/#breadcrumb"},"inLanguage":"da-DK","potentialAction":[{"@type":"ReadAction","target":["https:\/\/art-lui.com\/studios\/"]}]},{"@type":"BreadcrumbList","@id":"https:\/\/art-lui.com\/studios\/#breadcrumb","itemListElement":[{"@type":"ListItem","position":1,"name":"Home","item":"https:\/\/art-lui.com\/"},{"@type":"ListItem","position":2,"name":"Studios"}]},{"@type":"WebSite","@id":"https:\/\/art-lui.com\/da\/#website","url":"https:\/\/art-lui.com\/da\/","name":"ART-LUI","description":"Helle Louise Kierkegaard - Art Lui","publisher":{"@id":"https:\/\/art-lui.com\/da\/#organization"},"potentialAction":[{"@type":"SearchAction","target":{"@type":"EntryPoint","urlTemplate":"https:\/\/art-lui.com\/da\/?s={search_term_string}"},"query-input":{"@type":"PropertyValueSpecification","valueRequired":true,"valueName":"search_term_string"}}],"inLanguage":"da-DK"},{"@type":"Organization","@id":"https:\/\/art-lui.com\/da\/#organization","name":"ART-LUI","url":"https:\/\/art-lui.com\/da\/","logo":{"@type":"ImageObject","inLanguage":"da-DK","@id":"https:\/\/art-lui.com\/da\/#\/schema\/logo\/image\/","url":"https:\/\/art-lui.com\/wp-content\/uploads\/2018\/05\/Logo_without-background1.png","contentUrl":"https:\/\/art-lui.com\/wp-content\/uploads\/2018\/05\/Logo_without-background1.png","width":"75","height":"118","caption":"ART-LUI"},"image":{"@id":"https:\/\/art-lui.com\/da\/#\/schema\/logo\/image\/"},"sameAs":["https:\/\/www.facebook.com\/galleriartlui\/","https:\/\/www.instagram.com\/artlui.dk\/"]}]}},"jetpack_sharing_enabled":true,"_links":{"self":[{"href":"https:\/\/art-lui.com\/da\/wp-json\/wp\/v2\/pages\/2645","targetHints":{"allow":["GET"]}}],"collection":[{"href":"https:\/\/art-lui.com\/da\/wp-json\/wp\/v2\/pages"}],"about":[{"href":"https:\/\/art-lui.com\/da\/wp-json\/wp\/v2\/types\/page"}],"author":[{"embeddable":true,"href":"https:\/\/art-lui.com\/da\/wp-json\/wp\/v2\/users\/2"}],"replies":[{"embeddable":true,"href":"https:\/\/art-lui.com\/da\/wp-json\/wp\/v2\/comments?post=2645"}],"version-history":[{"count":0,"href":"https:\/\/art-lui.com\/da\/wp-json\/wp\/v2\/pages\/2645\/revisions"}],"wp:attachment":[{"href":"https:\/\/art-lui.com\/da\/wp-json\/wp\/v2\/media?parent=2645"}],"curies":[{"name":"wp","href":"https:\/\/api.w.org\/{rel}","templated":true}]}}