{"id":3555,"date":"2018-05-06T20:04:39","date_gmt":"2018-05-06T18:04:39","guid":{"rendered":"http:\/\/art-lui.com\/?page_id=3555"},"modified":"2018-09-11T12:17:27","modified_gmt":"2018-09-11T10:17:27","slug":"slate-artwork","status":"publish","type":"page","link":"https:\/\/art-lui.com\/da\/the-north-atlantic-light-house\/slate-artwork\/","title":{"rendered":"Skifer kunst"},"content":{"rendered":"<div id=\"pl-3555\"  class=\"panel-layout\" ><div id=\"pg-3555-0\"  class=\"panel-grid panel-no-style\" ><div id=\"pgc-3555-0-0\"  class=\"panel-grid-cell\" ><div id=\"panel-3555-0-0-0\" class=\"so-panel widget widget_sow-editor panel-first-child panel-last-child\" data-index=\"0\" ><div\n\t\t\t\n\t\t\tclass=\"so-widget-sow-editor so-widget-sow-editor-base\"\n\t\t\t\n\t\t><h3 class=\"widget-title\">Unikke skifer kunstv\u00e6rker<\/h3>\n<div class=\"siteorigin-widget-tinymce textwidget\">\n\t<p>Da de renoverede fyrt\u00e5rnet i Hirshals tilbage i 2014 r\u00f8g alt det gamle og meget dekorative skifer i containere. Jeg samlede dem op som de nu var. Forskellige brudstykker og jeg forvandlede dem til sm\u00e5 fyrt\u00e5rns kunstv\u00e6rker.<\/p>\n<p>Helle Louise kierkegaard forhandler disse unikke kunststykker eksklusivt i sit eget Galleri ART-LUI i K\u00f8benhavn.<\/p>\n<\/div>\n<\/div><\/div><\/div><\/div><div id=\"pg-3555-1\"  class=\"panel-grid panel-no-style\" ><div id=\"pgc-3555-1-0\"  class=\"panel-grid-cell\" ><div id=\"panel-3555-1-0-0\" class=\"so-panel widget widget_media_video panel-first-child panel-last-child\" data-index=\"1\" ><div style=\"width:100%;\" class=\"wp-video\"><video class=\"wp-video-shortcode\" id=\"video-3555-1\" preload=\"metadata\" controls=\"controls\"><source type=\"video\/youtube\" src=\"https:\/\/youtu.be\/dHA_aUdXqU0?_=1\" \/><a href=\"https:\/\/youtu.be\/dHA_aUdXqU0\">https:\/\/youtu.be\/dHA_aUdXqU0<\/a><\/video><\/div><\/div><\/div><\/div><\/div>","protected":false},"excerpt":{"rendered":"<p>Da de renoverede fyrt\u00e5rnet i Hirshals tilbage i 2014 r\u00f8g alt det gamle og meget dekorative skifer i containere. Jeg samlede dem op som de nu var. Forskellige brudstykker og jeg forvandlede dem til sm\u00e5 fyrt\u00e5rns kunstv\u00e6rker. Helle Louise kierkegaard forhandler disse unikke kunststykker eksklusivt i sit eget Galleri ART-LUI i K\u00f8benhavn.<\/p>\n","protected":false},"author":2,"featured_media":6038,"parent":2304,"menu_order":40,"comment_status":"closed","ping_status":"closed","template":"","meta":{"_acf_changed":false,"footnotes":""},"class_list":["post-3555","page","type-page","status-publish","has-post-thumbnail","hentry"],"acf":[],"yoast_head":"<!-- This site is optimized with the Yoast SEO plugin v27.3 - https:\/\/yoast.com\/product\/yoast-seo-wordpress\/ -->\n<title>Skifer kunst<\/title>\n<meta name=\"robots\" content=\"index, follow, max-snippet:-1, max-image-preview:large, max-video-preview:-1\" \/>\n<link rel=\"canonical\" href=\"https:\/\/art-lui.com\/da\/the-north-atlantic-light-house\/slate-artwork\/\" \/>\n<meta property=\"og:locale\" content=\"da_DK\" \/>\n<meta property=\"og:locale:alternate\" content=\"en_US\" \/>\n<meta property=\"og:type\" content=\"article\" \/>\n<meta property=\"og:title\" content=\"Skifer kunst\" \/>\n<meta property=\"og:description\" content=\"Da de renoverede fyrt\u00e5rnet i Hirshals tilbage i 2014 r\u00f8g alt det gamle og meget dekorative skifer i containere. Jeg samlede dem op som de nu var. Forskellige brudstykker og jeg forvandlede dem til sm\u00e5 fyrt\u00e5rns kunstv\u00e6rker. Helle Louise kierkegaard forhandler disse unikke kunststykker eksklusivt i sit eget Galleri ART-LUI i K\u00f8benhavn.\" \/>\n<meta property=\"og:url\" content=\"https:\/\/art-lui.com\/da\/the-north-atlantic-light-house\/slate-artwork\/\" \/>\n<meta property=\"og:site_name\" content=\"ART-LUI\" \/>\n<meta property=\"article:publisher\" content=\"https:\/\/www.facebook.com\/galleriartlui\/\" \/>\n<meta property=\"article:modified_time\" content=\"2018-09-11T10:17:27+00:00\" \/>\n<meta property=\"og:image\" content=\"https:\/\/art-lui.com\/wp-content\/uploads\/2018\/05\/image2-Copy.jpeg\" \/>\n\t<meta property=\"og:image:width\" content=\"960\" \/>\n\t<meta property=\"og:image:height\" content=\"419\" \/>\n\t<meta property=\"og:image:type\" content=\"image\/jpeg\" \/>\n<meta name=\"twitter:card\" content=\"summary_large_image\" \/>\n<meta name=\"twitter:label1\" content=\"Estimeret l\u00e6setid\" \/>\n\t<meta name=\"twitter:data1\" content=\"1 minut\" \/>\n<script type=\"application\/ld+json\" class=\"yoast-schema-graph\">{\"@context\":\"https:\\\/\\\/schema.org\",\"@graph\":[{\"@type\":\"WebPage\",\"@id\":\"https:\\\/\\\/art-lui.com\\\/the-north-atlantic-light-house\\\/slate-artwork\\\/\",\"url\":\"https:\\\/\\\/art-lui.com\\\/the-north-atlantic-light-house\\\/slate-artwork\\\/\",\"name\":\"Skifer kunst\",\"isPartOf\":{\"@id\":\"https:\\\/\\\/art-lui.com\\\/da\\\/#website\"},\"primaryImageOfPage\":{\"@id\":\"https:\\\/\\\/art-lui.com\\\/the-north-atlantic-light-house\\\/slate-artwork\\\/#primaryimage\"},\"image\":{\"@id\":\"https:\\\/\\\/art-lui.com\\\/the-north-atlantic-light-house\\\/slate-artwork\\\/#primaryimage\"},\"thumbnailUrl\":\"https:\\\/\\\/art-lui.com\\\/wp-content\\\/uploads\\\/2018\\\/05\\\/image2-Copy.jpeg\",\"datePublished\":\"2018-05-06T18:04:39+00:00\",\"dateModified\":\"2018-09-11T10:17:27+00:00\",\"breadcrumb\":{\"@id\":\"https:\\\/\\\/art-lui.com\\\/the-north-atlantic-light-house\\\/slate-artwork\\\/#breadcrumb\"},\"inLanguage\":\"da-DK\",\"potentialAction\":[{\"@type\":\"ReadAction\",\"target\":[\"https:\\\/\\\/art-lui.com\\\/the-north-atlantic-light-house\\\/slate-artwork\\\/\"]}]},{\"@type\":\"ImageObject\",\"inLanguage\":\"da-DK\",\"@id\":\"https:\\\/\\\/art-lui.com\\\/the-north-atlantic-light-house\\\/slate-artwork\\\/#primaryimage\",\"url\":\"https:\\\/\\\/art-lui.com\\\/wp-content\\\/uploads\\\/2018\\\/05\\\/image2-Copy.jpeg\",\"contentUrl\":\"https:\\\/\\\/art-lui.com\\\/wp-content\\\/uploads\\\/2018\\\/05\\\/image2-Copy.jpeg\",\"width\":\"960\",\"height\":\"419\"},{\"@type\":\"BreadcrumbList\",\"@id\":\"https:\\\/\\\/art-lui.com\\\/the-north-atlantic-light-house\\\/slate-artwork\\\/#breadcrumb\",\"itemListElement\":[{\"@type\":\"ListItem\",\"position\":1,\"name\":\"Home\",\"item\":\"https:\\\/\\\/art-lui.com\\\/\"},{\"@type\":\"ListItem\",\"position\":2,\"name\":\"Det Nordatlantiske Fyrt\u00e5rn i Hanstholm\",\"item\":\"https:\\\/\\\/art-lui.com\\\/the-north-atlantic-light-house\\\/\"},{\"@type\":\"ListItem\",\"position\":3,\"name\":\"Skifer kunst\"}]},{\"@type\":\"WebSite\",\"@id\":\"https:\\\/\\\/art-lui.com\\\/da\\\/#website\",\"url\":\"https:\\\/\\\/art-lui.com\\\/da\\\/\",\"name\":\"ART-LUI\",\"description\":\"Helle Louise Kierkegaard - Art Lui\",\"publisher\":{\"@id\":\"https:\\\/\\\/art-lui.com\\\/da\\\/#organization\"},\"potentialAction\":[{\"@type\":\"SearchAction\",\"target\":{\"@type\":\"EntryPoint\",\"urlTemplate\":\"https:\\\/\\\/art-lui.com\\\/da\\\/?s={search_term_string}\"},\"query-input\":{\"@type\":\"PropertyValueSpecification\",\"valueRequired\":true,\"valueName\":\"search_term_string\"}}],\"inLanguage\":\"da-DK\"},{\"@type\":\"Organization\",\"@id\":\"https:\\\/\\\/art-lui.com\\\/da\\\/#organization\",\"name\":\"ART-LUI\",\"url\":\"https:\\\/\\\/art-lui.com\\\/da\\\/\",\"logo\":{\"@type\":\"ImageObject\",\"inLanguage\":\"da-DK\",\"@id\":\"https:\\\/\\\/art-lui.com\\\/da\\\/#\\\/schema\\\/logo\\\/image\\\/\",\"url\":\"https:\\\/\\\/art-lui.com\\\/wp-content\\\/uploads\\\/2018\\\/05\\\/Logo_without-background1.png\",\"contentUrl\":\"https:\\\/\\\/art-lui.com\\\/wp-content\\\/uploads\\\/2018\\\/05\\\/Logo_without-background1.png\",\"width\":\"75\",\"height\":\"118\",\"caption\":\"ART-LUI\"},\"image\":{\"@id\":\"https:\\\/\\\/art-lui.com\\\/da\\\/#\\\/schema\\\/logo\\\/image\\\/\"},\"sameAs\":[\"https:\\\/\\\/www.facebook.com\\\/galleriartlui\\\/\",\"https:\\\/\\\/www.instagram.com\\\/artlui.dk\\\/\"]}]}<\/script>\n<!-- \/ Yoast SEO plugin. -->","yoast_head_json":{"title":"Skifer kunst","robots":{"index":"index","follow":"follow","max-snippet":"max-snippet:-1","max-image-preview":"max-image-preview:large","max-video-preview":"max-video-preview:-1"},"canonical":"https:\/\/art-lui.com\/da\/the-north-atlantic-light-house\/slate-artwork\/","og_locale":"da_DK","og_type":"article","og_title":"[:en]Slate Artwork[:da]Skifer kunst[:] - ART-LUI","og_description":"Da de renoverede fyrt\u00e5rnet i Hirshals tilbage i 2014 r\u00f8g alt det gamle og meget dekorative skifer i containere. Jeg samlede dem op som de nu var. Forskellige brudstykker og jeg forvandlede dem til sm\u00e5 fyrt\u00e5rns kunstv\u00e6rker. Helle Louise kierkegaard forhandler disse unikke kunststykker eksklusivt i sit eget Galleri ART-LUI i K\u00f8benhavn.","og_url":"https:\/\/art-lui.com\/da\/the-north-atlantic-light-house\/slate-artwork\/","og_site_name":"ART-LUI","article_publisher":"https:\/\/www.facebook.com\/galleriartlui\/","article_modified_time":"2018-09-11T10:17:27+00:00","og_image":[{"width":960,"height":419,"url":"https:\/\/art-lui.com\/wp-content\/uploads\/2018\/05\/image2-Copy.jpeg","type":"image\/jpeg"}],"twitter_card":"summary_large_image","twitter_misc":{"Estimeret l\u00e6setid":"1 minut"},"schema":{"@context":"https:\/\/schema.org","@graph":[{"@type":"WebPage","@id":"https:\/\/art-lui.com\/the-north-atlantic-light-house\/slate-artwork\/","url":"https:\/\/art-lui.com\/the-north-atlantic-light-house\/slate-artwork\/","name":"Skifer kunst","isPartOf":{"@id":"https:\/\/art-lui.com\/da\/#website"},"primaryImageOfPage":{"@id":"https:\/\/art-lui.com\/the-north-atlantic-light-house\/slate-artwork\/#primaryimage"},"image":{"@id":"https:\/\/art-lui.com\/the-north-atlantic-light-house\/slate-artwork\/#primaryimage"},"thumbnailUrl":"https:\/\/art-lui.com\/wp-content\/uploads\/2018\/05\/image2-Copy.jpeg","datePublished":"2018-05-06T18:04:39+00:00","dateModified":"2018-09-11T10:17:27+00:00","breadcrumb":{"@id":"https:\/\/art-lui.com\/the-north-atlantic-light-house\/slate-artwork\/#breadcrumb"},"inLanguage":"da-DK","potentialAction":[{"@type":"ReadAction","target":["https:\/\/art-lui.com\/the-north-atlantic-light-house\/slate-artwork\/"]}]},{"@type":"ImageObject","inLanguage":"da-DK","@id":"https:\/\/art-lui.com\/the-north-atlantic-light-house\/slate-artwork\/#primaryimage","url":"https:\/\/art-lui.com\/wp-content\/uploads\/2018\/05\/image2-Copy.jpeg","contentUrl":"https:\/\/art-lui.com\/wp-content\/uploads\/2018\/05\/image2-Copy.jpeg","width":"960","height":"419"},{"@type":"BreadcrumbList","@id":"https:\/\/art-lui.com\/the-north-atlantic-light-house\/slate-artwork\/#breadcrumb","itemListElement":[{"@type":"ListItem","position":1,"name":"Home","item":"https:\/\/art-lui.com\/"},{"@type":"ListItem","position":2,"name":"Det Nordatlantiske Fyrt\u00e5rn i Hanstholm","item":"https:\/\/art-lui.com\/the-north-atlantic-light-house\/"},{"@type":"ListItem","position":3,"name":"Skifer kunst"}]},{"@type":"WebSite","@id":"https:\/\/art-lui.com\/da\/#website","url":"https:\/\/art-lui.com\/da\/","name":"ART-LUI","description":"Helle Louise Kierkegaard - Art Lui","publisher":{"@id":"https:\/\/art-lui.com\/da\/#organization"},"potentialAction":[{"@type":"SearchAction","target":{"@type":"EntryPoint","urlTemplate":"https:\/\/art-lui.com\/da\/?s={search_term_string}"},"query-input":{"@type":"PropertyValueSpecification","valueRequired":true,"valueName":"search_term_string"}}],"inLanguage":"da-DK"},{"@type":"Organization","@id":"https:\/\/art-lui.com\/da\/#organization","name":"ART-LUI","url":"https:\/\/art-lui.com\/da\/","logo":{"@type":"ImageObject","inLanguage":"da-DK","@id":"https:\/\/art-lui.com\/da\/#\/schema\/logo\/image\/","url":"https:\/\/art-lui.com\/wp-content\/uploads\/2018\/05\/Logo_without-background1.png","contentUrl":"https:\/\/art-lui.com\/wp-content\/uploads\/2018\/05\/Logo_without-background1.png","width":"75","height":"118","caption":"ART-LUI"},"image":{"@id":"https:\/\/art-lui.com\/da\/#\/schema\/logo\/image\/"},"sameAs":["https:\/\/www.facebook.com\/galleriartlui\/","https:\/\/www.instagram.com\/artlui.dk\/"]}]}},"jetpack_sharing_enabled":true,"_links":{"self":[{"href":"https:\/\/art-lui.com\/da\/wp-json\/wp\/v2\/pages\/3555","targetHints":{"allow":["GET"]}}],"collection":[{"href":"https:\/\/art-lui.com\/da\/wp-json\/wp\/v2\/pages"}],"about":[{"href":"https:\/\/art-lui.com\/da\/wp-json\/wp\/v2\/types\/page"}],"author":[{"embeddable":true,"href":"https:\/\/art-lui.com\/da\/wp-json\/wp\/v2\/users\/2"}],"replies":[{"embeddable":true,"href":"https:\/\/art-lui.com\/da\/wp-json\/wp\/v2\/comments?post=3555"}],"version-history":[{"count":0,"href":"https:\/\/art-lui.com\/da\/wp-json\/wp\/v2\/pages\/3555\/revisions"}],"up":[{"embeddable":true,"href":"https:\/\/art-lui.com\/da\/wp-json\/wp\/v2\/pages\/2304"}],"wp:featuredmedia":[{"embeddable":true,"href":"https:\/\/art-lui.com\/da\/wp-json\/wp\/v2\/media\/6038"}],"wp:attachment":[{"href":"https:\/\/art-lui.com\/da\/wp-json\/wp\/v2\/media?parent=3555"}],"curies":[{"name":"wp","href":"https:\/\/api.w.org\/{rel}","templated":true}]}}