{"id":6339,"date":"2018-05-19T19:50:11","date_gmt":"2018-05-19T17:50:11","guid":{"rendered":"http:\/\/art-lui.com\/da\/?page_id=6339"},"modified":"2022-07-22T21:44:24","modified_gmt":"2022-07-22T19:44:24","slug":"miami-art-fair","status":"publish","type":"page","link":"https:\/\/art-lui.com\/da\/miami-art-fair\/","title":{"rendered":"Miami Art Fair"},"content":{"rendered":"<div id=\"pl-6339\"  class=\"panel-layout\" ><div id=\"pg-6339-0\"  class=\"panel-grid panel-no-style\" ><div id=\"pgc-6339-0-0\"  class=\"panel-grid-cell\" ><div id=\"panel-6339-0-0-0\" class=\"so-panel widget widget_sow-editor panel-first-child\" data-index=\"0\" ><div\n\t\t\t\n\t\t\tclass=\"so-widget-sow-editor so-widget-sow-editor-base\"\n\t\t\t\n\t\t><h3 class=\"widget-title\">F\u00f8rstepris i Miami Art Fair<\/h3>\n<div class=\"siteorigin-widget-tinymce textwidget\">\n\t<p>Mit kunstneriske feminine univers startede tilbage i Miami for 10 \u00e5r siden da jeg skabte min \u00c6blepige med titlen \u201d tilv\u00e6relsens ulidelige lethed\u201d. Min \u201d\u00c6blepige\u201d er blevet mit inderste hjertebarn og herved ogs\u00e5 mit symbol og mit professionelle kunstner logo.<\/p>\n<p>Jeg blev anerkendt for hende ved en Art fair i Miami, hvor jeg vandt 1. Pris. Jeg har sidenhen malet og skabt hende i alle farver og st\u00f8rrelser og hun bringer stadig magi i alle menneskesj\u00e6le og jeg er taknemmelighed. Sammen med andre kvinder er hun stadig en um\u00e6ttelige kilde for mig.<\/p>\n<\/div>\n<\/div><\/div><div id=\"panel-6339-0-0-1\" class=\"so-panel widget widget_media_video\" data-index=\"1\" ><div style=\"width:100%;\" class=\"wp-video\"><video class=\"wp-video-shortcode\" id=\"video-6339-1\" preload=\"metadata\" controls=\"controls\"><source type=\"video\/youtube\" src=\"https:\/\/youtu.be\/D1mzg9zbdP8?_=1\" \/><a href=\"https:\/\/youtu.be\/D1mzg9zbdP8\">https:\/\/youtu.be\/D1mzg9zbdP8<\/a><\/video><\/div><\/div><div id=\"panel-6339-0-0-2\" class=\"so-panel widget widget_foogallery_widget foogallery_widget panel-last-child\" data-index=\"2\" ><h3 class=\"widget-title\">Miami Art fair<\/h3><style type=\"text\/css\">\n#foogallery-gallery-21088 .fg-image { width: 150px; }\n#foogallery-gallery-21088 { --fg-gutter: 10px; }<\/style>\n\t\t\t<div class=\"foogallery foogallery-container foogallery-default foogallery-lightbox-foobox fg-center fg-default fg-ready fg-light fg-border-thin fg-shadow-outline fg-loading-default fg-loaded-fade-in fg-caption-hover fg-hover-fade fg-hover-zoom\" id=\"foogallery-gallery-21088\" data-foogallery=\"{&quot;item&quot;:{&quot;showCaptionTitle&quot;:true,&quot;showCaptionDescription&quot;:true},&quot;lazy&quot;:true}\" style=\"--fg-title-line-clamp: 0; --fg-description-line-clamp: 0;\" >\n\t<div class=\"fg-item fg-type-image fg-idle\"><figure class=\"fg-item-inner\"><a href=\"https:\/\/art-lui.com\/wp-content\/uploads\/2018\/05\/conv-02se9qsb.jpg\" data-attachment-id=\"7948\" data-type=\"image\" class=\"fg-thumb\"><span class=\"fg-image-wrap\"><img decoding=\"async\" width=\"150\" height=\"150\" class=\"skip-lazy fg-image\" data-src-fg=\"https:\/\/art-lui.com\/wp-content\/uploads\/cache\/2018\/05\/conv-02se9qsb\/124910207.jpg\" src=\"data:image\/svg+xml,%3Csvg%20xmlns%3D%22http%3A%2F%2Fwww.w3.org%2F2000%2Fsvg%22%20width%3D%22150%22%20height%3D%22150%22%20viewBox%3D%220%200%20150%20150%22%3E%3C%2Fsvg%3E\" loading=\"eager\"><\/span><span class=\"fg-image-overlay\"><\/span><\/a><\/figure><div class=\"fg-loader\"><\/div><\/div><div class=\"fg-item fg-type-image fg-idle\"><figure class=\"fg-item-inner\"><a href=\"https:\/\/art-lui.com\/wp-content\/uploads\/2018\/05\/zxu5lnco.bmp\" data-attachment-id=\"7722\" data-type=\"image\" class=\"fg-thumb\"><span class=\"fg-image-wrap\"><img decoding=\"async\" width=\"150\" height=\"150\" class=\"skip-lazy fg-image\" data-src-fg=\"https:\/\/art-lui.com\/wp-content\/uploads\/cache\/2018\/05\/zxu5lnco\/148946959.bmp\" src=\"data:image\/svg+xml,%3Csvg%20xmlns%3D%22http%3A%2F%2Fwww.w3.org%2F2000%2Fsvg%22%20width%3D%22150%22%20height%3D%22150%22%20viewBox%3D%220%200%20150%20150%22%3E%3C%2Fsvg%3E\" loading=\"eager\"><\/span><span class=\"fg-image-overlay\"><\/span><\/a><\/figure><div class=\"fg-loader\"><\/div><\/div><div class=\"fg-item fg-type-image fg-idle\"><figure class=\"fg-item-inner\"><a href=\"https:\/\/art-lui.com\/wp-content\/uploads\/2018\/05\/IMG_2415.jpg\" data-attachment-id=\"6387\" data-type=\"image\" class=\"fg-thumb\"><span class=\"fg-image-wrap\"><img decoding=\"async\" width=\"150\" height=\"150\" class=\"skip-lazy fg-image\" data-src-fg=\"https:\/\/art-lui.com\/wp-content\/uploads\/cache\/2018\/05\/IMG_2415\/2624758797.jpg\" src=\"data:image\/svg+xml,%3Csvg%20xmlns%3D%22http%3A%2F%2Fwww.w3.org%2F2000%2Fsvg%22%20width%3D%22150%22%20height%3D%22150%22%20viewBox%3D%220%200%20150%20150%22%3E%3C%2Fsvg%3E\" loading=\"eager\"><\/span><span class=\"fg-image-overlay\"><\/span><\/a><\/figure><div class=\"fg-loader\"><\/div><\/div><div class=\"fg-item fg-type-image fg-idle\"><figure class=\"fg-item-inner\"><a href=\"https:\/\/art-lui.com\/wp-content\/uploads\/2018\/05\/IMG_2406.jpg\" data-attachment-id=\"6386\" data-type=\"image\" class=\"fg-thumb\"><span class=\"fg-image-wrap\"><img decoding=\"async\" width=\"150\" height=\"150\" class=\"skip-lazy fg-image\" data-src-fg=\"https:\/\/art-lui.com\/wp-content\/uploads\/cache\/2018\/05\/IMG_2406\/1798447423.jpg\" src=\"data:image\/svg+xml,%3Csvg%20xmlns%3D%22http%3A%2F%2Fwww.w3.org%2F2000%2Fsvg%22%20width%3D%22150%22%20height%3D%22150%22%20viewBox%3D%220%200%20150%20150%22%3E%3C%2Fsvg%3E\" loading=\"eager\"><\/span><span class=\"fg-image-overlay\"><\/span><\/a><\/figure><div class=\"fg-loader\"><\/div><\/div><div class=\"fg-item fg-type-image fg-idle\"><figure class=\"fg-item-inner\"><a href=\"https:\/\/art-lui.com\/wp-content\/uploads\/2018\/05\/IMG_2402.jpg\" data-attachment-id=\"6385\" data-type=\"image\" class=\"fg-thumb\"><span class=\"fg-image-wrap\"><img decoding=\"async\" width=\"150\" height=\"150\" class=\"skip-lazy fg-image\" data-src-fg=\"https:\/\/art-lui.com\/wp-content\/uploads\/cache\/2018\/05\/IMG_2402\/1554355315.jpg\" src=\"data:image\/svg+xml,%3Csvg%20xmlns%3D%22http%3A%2F%2Fwww.w3.org%2F2000%2Fsvg%22%20width%3D%22150%22%20height%3D%22150%22%20viewBox%3D%220%200%20150%20150%22%3E%3C%2Fsvg%3E\" loading=\"eager\"><\/span><span class=\"fg-image-overlay\"><\/span><\/a><\/figure><div class=\"fg-loader\"><\/div><\/div><div class=\"fg-item fg-type-image fg-idle\"><figure class=\"fg-item-inner\"><a href=\"https:\/\/art-lui.com\/wp-content\/uploads\/2018\/05\/IMG_2397.jpg\" data-attachment-id=\"6384\" data-type=\"image\" class=\"fg-thumb\"><span class=\"fg-image-wrap\"><img decoding=\"async\" width=\"150\" height=\"150\" class=\"skip-lazy fg-image\" data-src-fg=\"https:\/\/art-lui.com\/wp-content\/uploads\/cache\/2018\/05\/IMG_2397\/881762727.jpg\" src=\"data:image\/svg+xml,%3Csvg%20xmlns%3D%22http%3A%2F%2Fwww.w3.org%2F2000%2Fsvg%22%20width%3D%22150%22%20height%3D%22150%22%20viewBox%3D%220%200%20150%20150%22%3E%3C%2Fsvg%3E\" loading=\"eager\"><\/span><span class=\"fg-image-overlay\"><\/span><\/a><\/figure><div class=\"fg-loader\"><\/div><\/div><div class=\"fg-item fg-type-image fg-idle\"><figure class=\"fg-item-inner\"><a href=\"https:\/\/art-lui.com\/wp-content\/uploads\/2018\/05\/IMG_2390.jpg\" data-attachment-id=\"6383\" data-type=\"image\" class=\"fg-thumb\"><span class=\"fg-image-wrap\"><img decoding=\"async\" width=\"150\" height=\"150\" class=\"skip-lazy fg-image\" data-src-fg=\"https:\/\/art-lui.com\/wp-content\/uploads\/cache\/2018\/05\/IMG_2390\/3962916609.jpg\" src=\"data:image\/svg+xml,%3Csvg%20xmlns%3D%22http%3A%2F%2Fwww.w3.org%2F2000%2Fsvg%22%20width%3D%22150%22%20height%3D%22150%22%20viewBox%3D%220%200%20150%20150%22%3E%3C%2Fsvg%3E\" loading=\"eager\"><\/span><span class=\"fg-image-overlay\"><\/span><\/a><\/figure><div class=\"fg-loader\"><\/div><\/div><div class=\"fg-item fg-type-image fg-idle\"><figure class=\"fg-item-inner\"><a href=\"https:\/\/art-lui.com\/wp-content\/uploads\/2018\/05\/miami-IMG_1997.jpg\" data-attachment-id=\"6337\" data-type=\"image\" class=\"fg-thumb\"><span class=\"fg-image-wrap\"><img decoding=\"async\" width=\"150\" height=\"150\" class=\"skip-lazy fg-image\" data-src-fg=\"https:\/\/art-lui.com\/wp-content\/uploads\/cache\/2018\/05\/miami-IMG_1997\/2571487285.jpg\" src=\"data:image\/svg+xml,%3Csvg%20xmlns%3D%22http%3A%2F%2Fwww.w3.org%2F2000%2Fsvg%22%20width%3D%22150%22%20height%3D%22150%22%20viewBox%3D%220%200%20150%20150%22%3E%3C%2Fsvg%3E\" loading=\"eager\"><\/span><span class=\"fg-image-overlay\"><\/span><\/a><\/figure><div class=\"fg-loader\"><\/div><\/div><div class=\"fg-item fg-type-image fg-idle\"><figure class=\"fg-item-inner\"><a href=\"https:\/\/art-lui.com\/wp-content\/uploads\/2018\/05\/miami-IMG_1996.jpg\" data-attachment-id=\"6336\" data-type=\"image\" class=\"fg-thumb\"><span class=\"fg-image-wrap\"><img decoding=\"async\" width=\"150\" height=\"150\" class=\"skip-lazy fg-image\" data-src-fg=\"https:\/\/art-lui.com\/wp-content\/uploads\/cache\/2018\/05\/miami-IMG_1996\/2338230964.jpg\" src=\"data:image\/svg+xml,%3Csvg%20xmlns%3D%22http%3A%2F%2Fwww.w3.org%2F2000%2Fsvg%22%20width%3D%22150%22%20height%3D%22150%22%20viewBox%3D%220%200%20150%20150%22%3E%3C%2Fsvg%3E\" loading=\"eager\"><\/span><span class=\"fg-image-overlay\"><\/span><\/a><\/figure><div class=\"fg-loader\"><\/div><\/div><div class=\"fg-item fg-type-image fg-idle\"><figure class=\"fg-item-inner\"><a href=\"https:\/\/art-lui.com\/wp-content\/uploads\/2018\/05\/miami-IMG_1995.jpg\" data-attachment-id=\"6335\" data-type=\"image\" class=\"fg-thumb\"><span class=\"fg-image-wrap\"><img decoding=\"async\" width=\"150\" height=\"150\" class=\"skip-lazy fg-image\" data-src-fg=\"https:\/\/art-lui.com\/wp-content\/uploads\/cache\/2018\/05\/miami-IMG_1995\/3178462519.jpg\" src=\"data:image\/svg+xml,%3Csvg%20xmlns%3D%22http%3A%2F%2Fwww.w3.org%2F2000%2Fsvg%22%20width%3D%22150%22%20height%3D%22150%22%20viewBox%3D%220%200%20150%20150%22%3E%3C%2Fsvg%3E\" loading=\"eager\"><\/span><span class=\"fg-image-overlay\"><\/span><\/a><\/figure><div class=\"fg-loader\"><\/div><\/div><div class=\"fg-item fg-type-image fg-idle\"><figure class=\"fg-item-inner\"><a href=\"https:\/\/art-lui.com\/wp-content\/uploads\/2018\/05\/miami-IMG_1994.jpg\" data-attachment-id=\"6334\" data-type=\"image\" class=\"fg-thumb\"><span class=\"fg-image-wrap\"><img decoding=\"async\" width=\"150\" height=\"150\" class=\"skip-lazy fg-image\" data-src-fg=\"https:\/\/art-lui.com\/wp-content\/uploads\/cache\/2018\/05\/miami-IMG_1994\/2942838710.jpg\" src=\"data:image\/svg+xml,%3Csvg%20xmlns%3D%22http%3A%2F%2Fwww.w3.org%2F2000%2Fsvg%22%20width%3D%22150%22%20height%3D%22150%22%20viewBox%3D%220%200%20150%20150%22%3E%3C%2Fsvg%3E\" loading=\"eager\"><\/span><span class=\"fg-image-overlay\"><\/span><\/a><\/figure><div class=\"fg-loader\"><\/div><\/div><div class=\"fg-item fg-type-image fg-idle\"><figure class=\"fg-item-inner\"><a href=\"https:\/\/art-lui.com\/wp-content\/uploads\/2018\/05\/miami-IMG_1993.jpg\" data-attachment-id=\"6333\" data-type=\"image\" class=\"fg-thumb\"><span class=\"fg-image-wrap\"><img decoding=\"async\" width=\"150\" height=\"150\" class=\"skip-lazy fg-image\" data-src-fg=\"https:\/\/art-lui.com\/wp-content\/uploads\/cache\/2018\/05\/miami-IMG_1993\/3509101105.jpg\" src=\"data:image\/svg+xml,%3Csvg%20xmlns%3D%22http%3A%2F%2Fwww.w3.org%2F2000%2Fsvg%22%20width%3D%22150%22%20height%3D%22150%22%20viewBox%3D%220%200%20150%20150%22%3E%3C%2Fsvg%3E\" loading=\"eager\"><\/span><span class=\"fg-image-overlay\"><\/span><\/a><\/figure><div class=\"fg-loader\"><\/div><\/div><div class=\"fg-item fg-type-image fg-idle\"><figure class=\"fg-item-inner\"><a href=\"https:\/\/art-lui.com\/wp-content\/uploads\/2018\/05\/miami-IMG_1992.jpg\" data-attachment-id=\"6332\" data-type=\"image\" class=\"fg-thumb\"><span class=\"fg-image-wrap\"><img decoding=\"async\" width=\"150\" height=\"150\" class=\"skip-lazy fg-image\" data-src-fg=\"https:\/\/art-lui.com\/wp-content\/uploads\/cache\/2018\/05\/miami-IMG_1992\/3274963120.jpg\" src=\"data:image\/svg+xml,%3Csvg%20xmlns%3D%22http%3A%2F%2Fwww.w3.org%2F2000%2Fsvg%22%20width%3D%22150%22%20height%3D%22150%22%20viewBox%3D%220%200%20150%20150%22%3E%3C%2Fsvg%3E\" loading=\"eager\"><\/span><span class=\"fg-image-overlay\"><\/span><\/a><\/figure><div class=\"fg-loader\"><\/div><\/div><div class=\"fg-item fg-type-image fg-idle\"><figure class=\"fg-item-inner\"><a href=\"https:\/\/art-lui.com\/wp-content\/uploads\/2018\/05\/miami-IMG_1991.jpg\" data-attachment-id=\"6331\" data-type=\"image\" class=\"fg-thumb\"><span class=\"fg-image-wrap\"><img decoding=\"async\" width=\"150\" height=\"150\" class=\"skip-lazy fg-image\" data-src-fg=\"https:\/\/art-lui.com\/wp-content\/uploads\/cache\/2018\/05\/miami-IMG_1991\/4112389939.jpg\" src=\"data:image\/svg+xml,%3Csvg%20xmlns%3D%22http%3A%2F%2Fwww.w3.org%2F2000%2Fsvg%22%20width%3D%22150%22%20height%3D%22150%22%20viewBox%3D%220%200%20150%20150%22%3E%3C%2Fsvg%3E\" loading=\"eager\"><\/span><span class=\"fg-image-overlay\"><\/span><\/a><\/figure><div class=\"fg-loader\"><\/div><\/div><\/div>\n<\/div><\/div><\/div><\/div>","protected":false},"excerpt":{"rendered":"<p>Mit kunstneriske feminine univers startede tilbage i Miami for 10 \u00e5r siden da jeg skabte min \u00c6blepige med titlen \u201d tilv\u00e6relsens ulidelige lethed\u201d. Min \u201d\u00c6blepige\u201d er blevet mit inderste hjertebarn og herved ogs\u00e5 mit symbol og mit professionelle kunstner logo. Jeg blev anerkendt for hende ved en Art fair i Miami, hvor jeg vandt 1. [&hellip;]<\/p>\n","protected":false},"author":2,"featured_media":0,"parent":0,"menu_order":25,"comment_status":"closed","ping_status":"closed","template":"","meta":{"_acf_changed":false,"footnotes":""},"class_list":["post-6339","page","type-page","status-publish","hentry"],"acf":[],"yoast_head":"<!-- This site is optimized with the Yoast SEO plugin v27.3 - https:\/\/yoast.com\/product\/yoast-seo-wordpress\/ -->\n<title>Miami Art Fair<\/title>\n<meta name=\"robots\" content=\"index, follow, max-snippet:-1, max-image-preview:large, max-video-preview:-1\" \/>\n<link rel=\"canonical\" href=\"https:\/\/art-lui.com\/da\/miami-art-fair\/\" \/>\n<meta property=\"og:locale\" content=\"da_DK\" \/>\n<meta property=\"og:locale:alternate\" content=\"en_US\" \/>\n<meta property=\"og:type\" content=\"article\" \/>\n<meta property=\"og:title\" content=\"Miami Art Fair\" \/>\n<meta property=\"og:description\" content=\"Mit kunstneriske feminine univers startede tilbage i Miami for 10 \u00e5r siden da jeg skabte min \u00c6blepige med titlen \u201d tilv\u00e6relsens ulidelige lethed\u201d. Min \u201d\u00c6blepige\u201d er blevet mit inderste hjertebarn og herved ogs\u00e5 mit symbol og mit professionelle kunstner logo. Jeg blev anerkendt for hende ved en Art fair i Miami, hvor jeg vandt 1. [&hellip;]\" \/>\n<meta property=\"og:url\" content=\"https:\/\/art-lui.com\/da\/miami-art-fair\/\" \/>\n<meta property=\"og:site_name\" content=\"ART-LUI\" \/>\n<meta property=\"article:publisher\" content=\"https:\/\/www.facebook.com\/galleriartlui\/\" \/>\n<meta property=\"article:modified_time\" content=\"2022-07-22T19:44:24+00:00\" \/>\n<meta name=\"twitter:card\" content=\"summary_large_image\" \/>\n<meta name=\"twitter:label1\" content=\"Estimeret l\u00e6setid\" \/>\n\t<meta name=\"twitter:data1\" content=\"1 minut\" \/>\n<script type=\"application\/ld+json\" class=\"yoast-schema-graph\">{\"@context\":\"https:\\\/\\\/schema.org\",\"@graph\":[{\"@type\":\"WebPage\",\"@id\":\"https:\\\/\\\/art-lui.com\\\/miami-art-fair\\\/\",\"url\":\"https:\\\/\\\/art-lui.com\\\/miami-art-fair\\\/\",\"name\":\"Miami Art Fair\",\"isPartOf\":{\"@id\":\"https:\\\/\\\/art-lui.com\\\/da\\\/#website\"},\"datePublished\":\"2018-05-19T17:50:11+00:00\",\"dateModified\":\"2022-07-22T19:44:24+00:00\",\"breadcrumb\":{\"@id\":\"https:\\\/\\\/art-lui.com\\\/miami-art-fair\\\/#breadcrumb\"},\"inLanguage\":\"da-DK\",\"potentialAction\":[{\"@type\":\"ReadAction\",\"target\":[\"https:\\\/\\\/art-lui.com\\\/miami-art-fair\\\/\"]}]},{\"@type\":\"BreadcrumbList\",\"@id\":\"https:\\\/\\\/art-lui.com\\\/miami-art-fair\\\/#breadcrumb\",\"itemListElement\":[{\"@type\":\"ListItem\",\"position\":1,\"name\":\"Home\",\"item\":\"https:\\\/\\\/art-lui.com\\\/\"},{\"@type\":\"ListItem\",\"position\":2,\"name\":\"Miami Art Fair\"}]},{\"@type\":\"WebSite\",\"@id\":\"https:\\\/\\\/art-lui.com\\\/da\\\/#website\",\"url\":\"https:\\\/\\\/art-lui.com\\\/da\\\/\",\"name\":\"ART-LUI\",\"description\":\"Helle Louise Kierkegaard - Art Lui\",\"publisher\":{\"@id\":\"https:\\\/\\\/art-lui.com\\\/da\\\/#organization\"},\"potentialAction\":[{\"@type\":\"SearchAction\",\"target\":{\"@type\":\"EntryPoint\",\"urlTemplate\":\"https:\\\/\\\/art-lui.com\\\/da\\\/?s={search_term_string}\"},\"query-input\":{\"@type\":\"PropertyValueSpecification\",\"valueRequired\":true,\"valueName\":\"search_term_string\"}}],\"inLanguage\":\"da-DK\"},{\"@type\":\"Organization\",\"@id\":\"https:\\\/\\\/art-lui.com\\\/da\\\/#organization\",\"name\":\"ART-LUI\",\"url\":\"https:\\\/\\\/art-lui.com\\\/da\\\/\",\"logo\":{\"@type\":\"ImageObject\",\"inLanguage\":\"da-DK\",\"@id\":\"https:\\\/\\\/art-lui.com\\\/da\\\/#\\\/schema\\\/logo\\\/image\\\/\",\"url\":\"https:\\\/\\\/art-lui.com\\\/wp-content\\\/uploads\\\/2018\\\/05\\\/Logo_without-background1.png\",\"contentUrl\":\"https:\\\/\\\/art-lui.com\\\/wp-content\\\/uploads\\\/2018\\\/05\\\/Logo_without-background1.png\",\"width\":\"75\",\"height\":\"118\",\"caption\":\"ART-LUI\"},\"image\":{\"@id\":\"https:\\\/\\\/art-lui.com\\\/da\\\/#\\\/schema\\\/logo\\\/image\\\/\"},\"sameAs\":[\"https:\\\/\\\/www.facebook.com\\\/galleriartlui\\\/\",\"https:\\\/\\\/www.instagram.com\\\/artlui.dk\\\/\"]}]}<\/script>\n<!-- \/ Yoast SEO plugin. -->","yoast_head_json":{"title":"Miami Art Fair","robots":{"index":"index","follow":"follow","max-snippet":"max-snippet:-1","max-image-preview":"max-image-preview:large","max-video-preview":"max-video-preview:-1"},"canonical":"https:\/\/art-lui.com\/da\/miami-art-fair\/","og_locale":"da_DK","og_type":"article","og_title":"[:en]Miami Art Fair[:da]Miami Art Fair[:] - ART-LUI","og_description":"Mit kunstneriske feminine univers startede tilbage i Miami for 10 \u00e5r siden da jeg skabte min \u00c6blepige med titlen \u201d tilv\u00e6relsens ulidelige lethed\u201d. Min \u201d\u00c6blepige\u201d er blevet mit inderste hjertebarn og herved ogs\u00e5 mit symbol og mit professionelle kunstner logo. Jeg blev anerkendt for hende ved en Art fair i Miami, hvor jeg vandt 1. [&hellip;]","og_url":"https:\/\/art-lui.com\/da\/miami-art-fair\/","og_site_name":"ART-LUI","article_publisher":"https:\/\/www.facebook.com\/galleriartlui\/","article_modified_time":"2022-07-22T19:44:24+00:00","twitter_card":"summary_large_image","twitter_misc":{"Estimeret l\u00e6setid":"1 minut"},"schema":{"@context":"https:\/\/schema.org","@graph":[{"@type":"WebPage","@id":"https:\/\/art-lui.com\/miami-art-fair\/","url":"https:\/\/art-lui.com\/miami-art-fair\/","name":"Miami Art Fair","isPartOf":{"@id":"https:\/\/art-lui.com\/da\/#website"},"datePublished":"2018-05-19T17:50:11+00:00","dateModified":"2022-07-22T19:44:24+00:00","breadcrumb":{"@id":"https:\/\/art-lui.com\/miami-art-fair\/#breadcrumb"},"inLanguage":"da-DK","potentialAction":[{"@type":"ReadAction","target":["https:\/\/art-lui.com\/miami-art-fair\/"]}]},{"@type":"BreadcrumbList","@id":"https:\/\/art-lui.com\/miami-art-fair\/#breadcrumb","itemListElement":[{"@type":"ListItem","position":1,"name":"Home","item":"https:\/\/art-lui.com\/"},{"@type":"ListItem","position":2,"name":"Miami Art Fair"}]},{"@type":"WebSite","@id":"https:\/\/art-lui.com\/da\/#website","url":"https:\/\/art-lui.com\/da\/","name":"ART-LUI","description":"Helle Louise Kierkegaard - Art Lui","publisher":{"@id":"https:\/\/art-lui.com\/da\/#organization"},"potentialAction":[{"@type":"SearchAction","target":{"@type":"EntryPoint","urlTemplate":"https:\/\/art-lui.com\/da\/?s={search_term_string}"},"query-input":{"@type":"PropertyValueSpecification","valueRequired":true,"valueName":"search_term_string"}}],"inLanguage":"da-DK"},{"@type":"Organization","@id":"https:\/\/art-lui.com\/da\/#organization","name":"ART-LUI","url":"https:\/\/art-lui.com\/da\/","logo":{"@type":"ImageObject","inLanguage":"da-DK","@id":"https:\/\/art-lui.com\/da\/#\/schema\/logo\/image\/","url":"https:\/\/art-lui.com\/wp-content\/uploads\/2018\/05\/Logo_without-background1.png","contentUrl":"https:\/\/art-lui.com\/wp-content\/uploads\/2018\/05\/Logo_without-background1.png","width":"75","height":"118","caption":"ART-LUI"},"image":{"@id":"https:\/\/art-lui.com\/da\/#\/schema\/logo\/image\/"},"sameAs":["https:\/\/www.facebook.com\/galleriartlui\/","https:\/\/www.instagram.com\/artlui.dk\/"]}]}},"jetpack_sharing_enabled":true,"_links":{"self":[{"href":"https:\/\/art-lui.com\/da\/wp-json\/wp\/v2\/pages\/6339","targetHints":{"allow":["GET"]}}],"collection":[{"href":"https:\/\/art-lui.com\/da\/wp-json\/wp\/v2\/pages"}],"about":[{"href":"https:\/\/art-lui.com\/da\/wp-json\/wp\/v2\/types\/page"}],"author":[{"embeddable":true,"href":"https:\/\/art-lui.com\/da\/wp-json\/wp\/v2\/users\/2"}],"replies":[{"embeddable":true,"href":"https:\/\/art-lui.com\/da\/wp-json\/wp\/v2\/comments?post=6339"}],"version-history":[{"count":0,"href":"https:\/\/art-lui.com\/da\/wp-json\/wp\/v2\/pages\/6339\/revisions"}],"wp:attachment":[{"href":"https:\/\/art-lui.com\/da\/wp-json\/wp\/v2\/media?parent=6339"}],"curies":[{"name":"wp","href":"https:\/\/api.w.org\/{rel}","templated":true}]}}