{"id":6956,"date":"2018-05-23T15:31:39","date_gmt":"2018-05-23T13:31:39","guid":{"rendered":"http:\/\/art-lui.com\/?page_id=6956"},"modified":"2025-12-15T14:27:07","modified_gmt":"2025-12-15T13:27:07","slug":"family-workshop","status":"publish","type":"page","link":"https:\/\/art-lui.com\/da\/family-workshop\/","title":{"rendered":"Workshop for hele familien"},"content":{"rendered":"<div id=\"pl-6956\"  class=\"panel-layout\" ><div id=\"pg-6956-0\"  class=\"panel-grid panel-no-style\" ><div id=\"pgc-6956-0-0\"  class=\"panel-grid-cell\" ><div id=\"panel-6956-0-0-0\" class=\"so-panel widget widget_sow-editor panel-first-child\" data-index=\"0\" ><div\n\t\t\t\n\t\t\tclass=\"so-widget-sow-editor so-widget-sow-editor-base\"\n\t\t\t\n\t\t>\n<div class=\"siteorigin-widget-tinymce textwidget\">\n\t<p>I Galleri Art-Lui afholdes der i traditionens tro den meget popul\u00e6re Jule Bazar workshop for hele familien, den f\u00f8rste l\u00f8rdag i December hvert \u00e5r. Her skabes og kreeres magiske julegaver og n\u00e5r vi er rigtig heldige f\u00e5r vi bes\u00f8g af selveste Julemanden.<\/p>\n<\/div>\n<\/div><\/div><div id=\"panel-6956-0-0-1\" class=\"so-panel widget widget_media_video\" data-index=\"1\" ><div style=\"width:100%;\" class=\"wp-video\"><video class=\"wp-video-shortcode\" id=\"video-6956-1\" preload=\"metadata\" controls=\"controls\"><source type=\"video\/youtube\" src=\"https:\/\/youtu.be\/m_EdF-wNM8o?_=1\" \/><a href=\"https:\/\/youtu.be\/m_EdF-wNM8o\">https:\/\/youtu.be\/m_EdF-wNM8o<\/a><\/video><\/div><\/div><div id=\"panel-6956-0-0-2\" class=\"so-panel widget widget_foogallery_widget foogallery_widget panel-last-child\" data-index=\"2\" ><style type=\"text\/css\">\n#foogallery-gallery-21160 .fg-image { width: 150px; }\n#foogallery-gallery-21160 { --fg-gutter: 10px; }<\/style>\n\t\t\t<div class=\"foogallery foogallery-container foogallery-default foogallery-lightbox-foobox fg-center fg-default fg-ready fg-light fg-border-thin fg-shadow-outline fg-loading-default fg-loaded-fade-in fg-caption-hover fg-hover-fade fg-hover-zoom\" id=\"foogallery-gallery-21160\" data-foogallery=\"{&quot;item&quot;:{&quot;showCaptionTitle&quot;:true,&quot;showCaptionDescription&quot;:true},&quot;lazy&quot;:true}\" style=\"--fg-title-line-clamp: 0; --fg-description-line-clamp: 0;\" >\n\t<div class=\"fg-item fg-type-image fg-idle\"><figure class=\"fg-item-inner\"><a href=\"https:\/\/art-lui.com\/wp-content\/uploads\/2018\/05\/conv-Workshop-for-hele-familien-IMG_9538.jpg\" data-attachment-id=\"7950\" data-type=\"image\" class=\"fg-thumb\"><span class=\"fg-image-wrap\"><img decoding=\"async\" width=\"150\" height=\"150\" class=\"skip-lazy fg-image\" data-src-fg=\"https:\/\/art-lui.com\/wp-content\/uploads\/cache\/2018\/05\/conv-Workshop-for-hele-familien-IMG_9538\/3503028805.jpg\" src=\"data:image\/svg+xml,%3Csvg%20xmlns%3D%22http%3A%2F%2Fwww.w3.org%2F2000%2Fsvg%22%20width%3D%22150%22%20height%3D%22150%22%20viewBox%3D%220%200%20150%20150%22%3E%3C%2Fsvg%3E\" loading=\"eager\"><\/span><span class=\"fg-image-overlay\"><\/span><\/a><\/figure><div class=\"fg-loader\"><\/div><\/div><div class=\"fg-item fg-type-image fg-idle\"><figure class=\"fg-item-inner\"><a href=\"https:\/\/art-lui.com\/wp-content\/uploads\/2018\/05\/Workshop-for-hele-familien-IMG_7998.jpg\" data-attachment-id=\"8210\" data-type=\"image\" class=\"fg-thumb\"><span class=\"fg-image-wrap\"><img decoding=\"async\" width=\"150\" height=\"150\" class=\"skip-lazy fg-image\" data-src-fg=\"https:\/\/art-lui.com\/wp-content\/uploads\/cache\/2018\/05\/Workshop-for-hele-familien-IMG_7998\/1539377599.jpg\" src=\"data:image\/svg+xml,%3Csvg%20xmlns%3D%22http%3A%2F%2Fwww.w3.org%2F2000%2Fsvg%22%20width%3D%22150%22%20height%3D%22150%22%20viewBox%3D%220%200%20150%20150%22%3E%3C%2Fsvg%3E\" loading=\"eager\"><\/span><span class=\"fg-image-overlay\"><\/span><\/a><\/figure><div class=\"fg-loader\"><\/div><\/div><div class=\"fg-item fg-type-image fg-idle\"><figure class=\"fg-item-inner\"><a href=\"https:\/\/art-lui.com\/wp-content\/uploads\/2018\/05\/Workshop-for-hele-familien-IMG_8024.jpg\" data-attachment-id=\"8211\" data-type=\"image\" class=\"fg-thumb\"><span class=\"fg-image-wrap\"><img decoding=\"async\" width=\"150\" height=\"150\" class=\"skip-lazy fg-image\" data-src-fg=\"https:\/\/art-lui.com\/wp-content\/uploads\/cache\/2018\/05\/Workshop-for-hele-familien-IMG_8024\/1062315656.jpg\" src=\"data:image\/svg+xml,%3Csvg%20xmlns%3D%22http%3A%2F%2Fwww.w3.org%2F2000%2Fsvg%22%20width%3D%22150%22%20height%3D%22150%22%20viewBox%3D%220%200%20150%20150%22%3E%3C%2Fsvg%3E\" loading=\"eager\"><\/span><span class=\"fg-image-overlay\"><\/span><\/a><\/figure><div class=\"fg-loader\"><\/div><\/div><div class=\"fg-item fg-type-image fg-idle\"><figure class=\"fg-item-inner\"><a href=\"https:\/\/art-lui.com\/wp-content\/uploads\/2018\/05\/Workshop-for-hele-familien-IMG_8034.jpg\" data-attachment-id=\"8212\" data-type=\"image\" class=\"fg-thumb\"><span class=\"fg-image-wrap\"><img decoding=\"async\" width=\"150\" height=\"150\" class=\"skip-lazy fg-image\" data-src-fg=\"https:\/\/art-lui.com\/wp-content\/uploads\/cache\/2018\/05\/Workshop-for-hele-familien-IMG_8034\/2429794417.jpg\" src=\"data:image\/svg+xml,%3Csvg%20xmlns%3D%22http%3A%2F%2Fwww.w3.org%2F2000%2Fsvg%22%20width%3D%22150%22%20height%3D%22150%22%20viewBox%3D%220%200%20150%20150%22%3E%3C%2Fsvg%3E\" loading=\"eager\"><\/span><span class=\"fg-image-overlay\"><\/span><\/a><\/figure><div class=\"fg-loader\"><\/div><\/div><div class=\"fg-item fg-type-image fg-idle\"><figure class=\"fg-item-inner\"><a href=\"https:\/\/art-lui.com\/wp-content\/uploads\/2018\/05\/Workshop-for-hele-familien-IMG_8064.jpg\" data-attachment-id=\"8213\" data-type=\"image\" class=\"fg-thumb\"><span class=\"fg-image-wrap\"><img decoding=\"async\" width=\"150\" height=\"150\" class=\"skip-lazy fg-image\" data-src-fg=\"https:\/\/art-lui.com\/wp-content\/uploads\/cache\/2018\/05\/Workshop-for-hele-familien-IMG_8064\/79890071.jpg\" src=\"data:image\/svg+xml,%3Csvg%20xmlns%3D%22http%3A%2F%2Fwww.w3.org%2F2000%2Fsvg%22%20width%3D%22150%22%20height%3D%22150%22%20viewBox%3D%220%200%20150%20150%22%3E%3C%2Fsvg%3E\" loading=\"eager\"><\/span><span class=\"fg-image-overlay\"><\/span><\/a><\/figure><div class=\"fg-loader\"><\/div><\/div><div class=\"fg-item fg-type-image fg-idle\"><figure class=\"fg-item-inner\"><a href=\"https:\/\/art-lui.com\/wp-content\/uploads\/2018\/05\/Workshop-for-hele-familien-IMG_8102.jpg\" data-attachment-id=\"8214\" data-type=\"image\" class=\"fg-thumb\"><span class=\"fg-image-wrap\"><img decoding=\"async\" width=\"150\" height=\"150\" class=\"skip-lazy fg-image\" data-src-fg=\"https:\/\/art-lui.com\/wp-content\/uploads\/cache\/2018\/05\/Workshop-for-hele-familien-IMG_8102\/712045880.jpg\" src=\"data:image\/svg+xml,%3Csvg%20xmlns%3D%22http%3A%2F%2Fwww.w3.org%2F2000%2Fsvg%22%20width%3D%22150%22%20height%3D%22150%22%20viewBox%3D%220%200%20150%20150%22%3E%3C%2Fsvg%3E\" loading=\"eager\"><\/span><span class=\"fg-image-overlay\"><\/span><\/a><\/figure><div class=\"fg-loader\"><\/div><\/div><div class=\"fg-item fg-type-image fg-idle\"><figure class=\"fg-item-inner\"><a href=\"https:\/\/art-lui.com\/wp-content\/uploads\/2018\/05\/Workshop-for-hele-familien-IMG_9518.jpg\" data-attachment-id=\"8215\" data-type=\"image\" class=\"fg-thumb\"><span class=\"fg-image-wrap\"><img decoding=\"async\" width=\"150\" height=\"150\" class=\"skip-lazy fg-image\" data-src-fg=\"https:\/\/art-lui.com\/wp-content\/uploads\/cache\/2018\/05\/Workshop-for-hele-familien-IMG_9518\/3123280288.jpg\" src=\"data:image\/svg+xml,%3Csvg%20xmlns%3D%22http%3A%2F%2Fwww.w3.org%2F2000%2Fsvg%22%20width%3D%22150%22%20height%3D%22150%22%20viewBox%3D%220%200%20150%20150%22%3E%3C%2Fsvg%3E\" loading=\"eager\"><\/span><span class=\"fg-image-overlay\"><\/span><\/a><\/figure><div class=\"fg-loader\"><\/div><\/div><div class=\"fg-item fg-type-image fg-idle\"><figure class=\"fg-item-inner\"><a href=\"https:\/\/art-lui.com\/wp-content\/uploads\/2018\/05\/Workshop-for-hele-familien-IMG_9527.jpg\" data-attachment-id=\"8216\" data-type=\"image\" class=\"fg-thumb\"><span class=\"fg-image-wrap\"><img decoding=\"async\" width=\"150\" height=\"150\" class=\"skip-lazy fg-image\" data-src-fg=\"https:\/\/art-lui.com\/wp-content\/uploads\/cache\/2018\/05\/Workshop-for-hele-familien-IMG_9527\/3799866739.jpg\" src=\"data:image\/svg+xml,%3Csvg%20xmlns%3D%22http%3A%2F%2Fwww.w3.org%2F2000%2Fsvg%22%20width%3D%22150%22%20height%3D%22150%22%20viewBox%3D%220%200%20150%20150%22%3E%3C%2Fsvg%3E\" loading=\"eager\"><\/span><span class=\"fg-image-overlay\"><\/span><\/a><\/figure><div class=\"fg-loader\"><\/div><\/div><div class=\"fg-item fg-type-image fg-idle\"><figure class=\"fg-item-inner\"><a href=\"https:\/\/art-lui.com\/wp-content\/uploads\/2018\/05\/conv-Workshop-for-hele-familien-IMG_9570.jpg\" data-attachment-id=\"7951\" data-type=\"image\" class=\"fg-thumb\"><span class=\"fg-image-wrap\"><img decoding=\"async\" width=\"150\" height=\"150\" class=\"skip-lazy fg-image\" data-src-fg=\"https:\/\/art-lui.com\/wp-content\/uploads\/cache\/2018\/05\/conv-Workshop-for-hele-familien-IMG_9570\/2829846318.jpg\" src=\"data:image\/svg+xml,%3Csvg%20xmlns%3D%22http%3A%2F%2Fwww.w3.org%2F2000%2Fsvg%22%20width%3D%22150%22%20height%3D%22150%22%20viewBox%3D%220%200%20150%20150%22%3E%3C%2Fsvg%3E\" loading=\"eager\"><\/span><span class=\"fg-image-overlay\"><\/span><\/a><\/figure><div class=\"fg-loader\"><\/div><\/div><div class=\"fg-item fg-type-image fg-idle\"><figure class=\"fg-item-inner\"><a href=\"https:\/\/art-lui.com\/wp-content\/uploads\/2018\/05\/conv-Workshop-for-hele-familien-IMG_9603.jpg\" data-attachment-id=\"7952\" data-type=\"image\" class=\"fg-thumb\"><span class=\"fg-image-wrap\"><img decoding=\"async\" width=\"150\" height=\"150\" class=\"skip-lazy fg-image\" data-src-fg=\"https:\/\/art-lui.com\/wp-content\/uploads\/cache\/2018\/05\/conv-Workshop-for-hele-familien-IMG_9603\/1756825648.jpg\" src=\"data:image\/svg+xml,%3Csvg%20xmlns%3D%22http%3A%2F%2Fwww.w3.org%2F2000%2Fsvg%22%20width%3D%22150%22%20height%3D%22150%22%20viewBox%3D%220%200%20150%20150%22%3E%3C%2Fsvg%3E\" loading=\"eager\"><\/span><span class=\"fg-image-overlay\"><\/span><\/a><\/figure><div class=\"fg-loader\"><\/div><\/div><div class=\"fg-item fg-type-image fg-idle\"><figure class=\"fg-item-inner\"><a href=\"https:\/\/art-lui.com\/wp-content\/uploads\/2018\/05\/Workshop-for-hele-familien-IMG_9642.jpg\" data-attachment-id=\"8220\" data-type=\"image\" class=\"fg-thumb\"><span class=\"fg-image-wrap\"><img decoding=\"async\" width=\"150\" height=\"150\" class=\"skip-lazy fg-image\" data-src-fg=\"https:\/\/art-lui.com\/wp-content\/uploads\/cache\/2018\/05\/Workshop-for-hele-familien-IMG_9642\/3007258931.jpg\" src=\"data:image\/svg+xml,%3Csvg%20xmlns%3D%22http%3A%2F%2Fwww.w3.org%2F2000%2Fsvg%22%20width%3D%22150%22%20height%3D%22150%22%20viewBox%3D%220%200%20150%20150%22%3E%3C%2Fsvg%3E\" loading=\"eager\"><\/span><span class=\"fg-image-overlay\"><\/span><\/a><\/figure><div class=\"fg-loader\"><\/div><\/div><div class=\"fg-item fg-type-image fg-idle\"><figure class=\"fg-item-inner\"><a href=\"https:\/\/art-lui.com\/wp-content\/uploads\/2018\/05\/Workshop-for-hele-familien-IMG_9650.jpg\" data-attachment-id=\"8221\" data-type=\"image\" class=\"fg-thumb\"><span class=\"fg-image-wrap\"><img decoding=\"async\" width=\"150\" height=\"150\" class=\"skip-lazy fg-image\" data-src-fg=\"https:\/\/art-lui.com\/wp-content\/uploads\/cache\/2018\/05\/Workshop-for-hele-familien-IMG_9650\/954648996.jpg\" src=\"data:image\/svg+xml,%3Csvg%20xmlns%3D%22http%3A%2F%2Fwww.w3.org%2F2000%2Fsvg%22%20width%3D%22150%22%20height%3D%22150%22%20viewBox%3D%220%200%20150%20150%22%3E%3C%2Fsvg%3E\" loading=\"eager\"><\/span><span class=\"fg-image-overlay\"><\/span><\/a><\/figure><div class=\"fg-loader\"><\/div><\/div><\/div>\n<\/div><\/div><\/div><\/div>","protected":false},"excerpt":{"rendered":"<p>I Galleri Art-Lui afholdes der i traditionens tro den meget popul\u00e6re Jule Bazar workshop for hele familien, den f\u00f8rste l\u00f8rdag i December hvert \u00e5r. Her skabes og kreeres magiske julegaver og n\u00e5r vi er rigtig heldige f\u00e5r vi bes\u00f8g af selveste Julemanden.<\/p>\n","protected":false},"author":8,"featured_media":0,"parent":0,"menu_order":23,"comment_status":"closed","ping_status":"closed","template":"","meta":{"_acf_changed":false,"footnotes":""},"class_list":["post-6956","page","type-page","status-publish","hentry"],"acf":[],"yoast_head":"<!-- This site is optimized with the Yoast SEO plugin v27.3 - https:\/\/yoast.com\/product\/yoast-seo-wordpress\/ -->\n<title>Workshop for hele familien<\/title>\n<meta name=\"robots\" content=\"index, follow, max-snippet:-1, max-image-preview:large, max-video-preview:-1\" \/>\n<link rel=\"canonical\" href=\"https:\/\/art-lui.com\/da\/family-workshop\/\" \/>\n<meta property=\"og:locale\" content=\"da_DK\" \/>\n<meta property=\"og:locale:alternate\" content=\"en_US\" \/>\n<meta property=\"og:type\" content=\"article\" \/>\n<meta property=\"og:title\" content=\"Workshop for hele familien\" \/>\n<meta property=\"og:description\" content=\"I Galleri Art-Lui afholdes der i traditionens tro den meget popul\u00e6re Jule Bazar workshop for hele familien, den f\u00f8rste l\u00f8rdag i December hvert \u00e5r. Her skabes og kreeres magiske julegaver og n\u00e5r vi er rigtig heldige f\u00e5r vi bes\u00f8g af selveste Julemanden.\" \/>\n<meta property=\"og:url\" content=\"https:\/\/art-lui.com\/da\/family-workshop\/\" \/>\n<meta property=\"og:site_name\" content=\"ART-LUI\" \/>\n<meta property=\"article:publisher\" content=\"https:\/\/www.facebook.com\/galleriartlui\/\" \/>\n<meta property=\"article:modified_time\" content=\"2025-12-15T13:27:07+00:00\" \/>\n<meta name=\"twitter:card\" content=\"summary_large_image\" \/>\n<meta name=\"twitter:label1\" content=\"Estimeret l\u00e6setid\" \/>\n\t<meta name=\"twitter:data1\" content=\"3 minutter\" \/>\n<script type=\"application\/ld+json\" class=\"yoast-schema-graph\">{\"@context\":\"https:\\\/\\\/schema.org\",\"@graph\":[{\"@type\":\"WebPage\",\"@id\":\"https:\\\/\\\/art-lui.com\\\/family-workshop\\\/\",\"url\":\"https:\\\/\\\/art-lui.com\\\/family-workshop\\\/\",\"name\":\"Workshop for hele familien\",\"isPartOf\":{\"@id\":\"https:\\\/\\\/art-lui.com\\\/da\\\/#website\"},\"datePublished\":\"2018-05-23T13:31:39+00:00\",\"dateModified\":\"2025-12-15T13:27:07+00:00\",\"breadcrumb\":{\"@id\":\"https:\\\/\\\/art-lui.com\\\/family-workshop\\\/#breadcrumb\"},\"inLanguage\":\"da-DK\",\"potentialAction\":[{\"@type\":\"ReadAction\",\"target\":[\"https:\\\/\\\/art-lui.com\\\/family-workshop\\\/\"]}]},{\"@type\":\"BreadcrumbList\",\"@id\":\"https:\\\/\\\/art-lui.com\\\/family-workshop\\\/#breadcrumb\",\"itemListElement\":[{\"@type\":\"ListItem\",\"position\":1,\"name\":\"Home\",\"item\":\"https:\\\/\\\/art-lui.com\\\/\"},{\"@type\":\"ListItem\",\"position\":2,\"name\":\"Family Workshop\"}]},{\"@type\":\"WebSite\",\"@id\":\"https:\\\/\\\/art-lui.com\\\/da\\\/#website\",\"url\":\"https:\\\/\\\/art-lui.com\\\/da\\\/\",\"name\":\"ART-LUI\",\"description\":\"Helle Louise Kierkegaard - Art Lui\",\"publisher\":{\"@id\":\"https:\\\/\\\/art-lui.com\\\/da\\\/#organization\"},\"potentialAction\":[{\"@type\":\"SearchAction\",\"target\":{\"@type\":\"EntryPoint\",\"urlTemplate\":\"https:\\\/\\\/art-lui.com\\\/da\\\/?s={search_term_string}\"},\"query-input\":{\"@type\":\"PropertyValueSpecification\",\"valueRequired\":true,\"valueName\":\"search_term_string\"}}],\"inLanguage\":\"da-DK\"},{\"@type\":\"Organization\",\"@id\":\"https:\\\/\\\/art-lui.com\\\/da\\\/#organization\",\"name\":\"ART-LUI\",\"url\":\"https:\\\/\\\/art-lui.com\\\/da\\\/\",\"logo\":{\"@type\":\"ImageObject\",\"inLanguage\":\"da-DK\",\"@id\":\"https:\\\/\\\/art-lui.com\\\/da\\\/#\\\/schema\\\/logo\\\/image\\\/\",\"url\":\"https:\\\/\\\/art-lui.com\\\/wp-content\\\/uploads\\\/2018\\\/05\\\/Logo_without-background1.png\",\"contentUrl\":\"https:\\\/\\\/art-lui.com\\\/wp-content\\\/uploads\\\/2018\\\/05\\\/Logo_without-background1.png\",\"width\":\"75\",\"height\":\"118\",\"caption\":\"ART-LUI\"},\"image\":{\"@id\":\"https:\\\/\\\/art-lui.com\\\/da\\\/#\\\/schema\\\/logo\\\/image\\\/\"},\"sameAs\":[\"https:\\\/\\\/www.facebook.com\\\/galleriartlui\\\/\",\"https:\\\/\\\/www.instagram.com\\\/artlui.dk\\\/\"]}]}<\/script>\n<!-- \/ Yoast SEO plugin. -->","yoast_head_json":{"title":"Workshop for hele familien","robots":{"index":"index","follow":"follow","max-snippet":"max-snippet:-1","max-image-preview":"max-image-preview:large","max-video-preview":"max-video-preview:-1"},"canonical":"https:\/\/art-lui.com\/da\/family-workshop\/","og_locale":"da_DK","og_type":"article","og_title":"[:en]Family Workshop[:da]Workshop for hele familien[:] - ART-LUI","og_description":"I Galleri Art-Lui afholdes der i traditionens tro den meget popul\u00e6re Jule Bazar workshop for hele familien, den f\u00f8rste l\u00f8rdag i December hvert \u00e5r. Her skabes og kreeres magiske julegaver og n\u00e5r vi er rigtig heldige f\u00e5r vi bes\u00f8g af selveste Julemanden.","og_url":"https:\/\/art-lui.com\/da\/family-workshop\/","og_site_name":"ART-LUI","article_publisher":"https:\/\/www.facebook.com\/galleriartlui\/","article_modified_time":"2025-12-15T13:27:07+00:00","twitter_card":"summary_large_image","twitter_misc":{"Estimeret l\u00e6setid":"3 minutter"},"schema":{"@context":"https:\/\/schema.org","@graph":[{"@type":"WebPage","@id":"https:\/\/art-lui.com\/family-workshop\/","url":"https:\/\/art-lui.com\/family-workshop\/","name":"Workshop for hele familien","isPartOf":{"@id":"https:\/\/art-lui.com\/da\/#website"},"datePublished":"2018-05-23T13:31:39+00:00","dateModified":"2025-12-15T13:27:07+00:00","breadcrumb":{"@id":"https:\/\/art-lui.com\/family-workshop\/#breadcrumb"},"inLanguage":"da-DK","potentialAction":[{"@type":"ReadAction","target":["https:\/\/art-lui.com\/family-workshop\/"]}]},{"@type":"BreadcrumbList","@id":"https:\/\/art-lui.com\/family-workshop\/#breadcrumb","itemListElement":[{"@type":"ListItem","position":1,"name":"Home","item":"https:\/\/art-lui.com\/"},{"@type":"ListItem","position":2,"name":"Family Workshop"}]},{"@type":"WebSite","@id":"https:\/\/art-lui.com\/da\/#website","url":"https:\/\/art-lui.com\/da\/","name":"ART-LUI","description":"Helle Louise Kierkegaard - Art Lui","publisher":{"@id":"https:\/\/art-lui.com\/da\/#organization"},"potentialAction":[{"@type":"SearchAction","target":{"@type":"EntryPoint","urlTemplate":"https:\/\/art-lui.com\/da\/?s={search_term_string}"},"query-input":{"@type":"PropertyValueSpecification","valueRequired":true,"valueName":"search_term_string"}}],"inLanguage":"da-DK"},{"@type":"Organization","@id":"https:\/\/art-lui.com\/da\/#organization","name":"ART-LUI","url":"https:\/\/art-lui.com\/da\/","logo":{"@type":"ImageObject","inLanguage":"da-DK","@id":"https:\/\/art-lui.com\/da\/#\/schema\/logo\/image\/","url":"https:\/\/art-lui.com\/wp-content\/uploads\/2018\/05\/Logo_without-background1.png","contentUrl":"https:\/\/art-lui.com\/wp-content\/uploads\/2018\/05\/Logo_without-background1.png","width":"75","height":"118","caption":"ART-LUI"},"image":{"@id":"https:\/\/art-lui.com\/da\/#\/schema\/logo\/image\/"},"sameAs":["https:\/\/www.facebook.com\/galleriartlui\/","https:\/\/www.instagram.com\/artlui.dk\/"]}]}},"jetpack_sharing_enabled":true,"_links":{"self":[{"href":"https:\/\/art-lui.com\/da\/wp-json\/wp\/v2\/pages\/6956","targetHints":{"allow":["GET"]}}],"collection":[{"href":"https:\/\/art-lui.com\/da\/wp-json\/wp\/v2\/pages"}],"about":[{"href":"https:\/\/art-lui.com\/da\/wp-json\/wp\/v2\/types\/page"}],"author":[{"embeddable":true,"href":"https:\/\/art-lui.com\/da\/wp-json\/wp\/v2\/users\/8"}],"replies":[{"embeddable":true,"href":"https:\/\/art-lui.com\/da\/wp-json\/wp\/v2\/comments?post=6956"}],"version-history":[{"count":2,"href":"https:\/\/art-lui.com\/da\/wp-json\/wp\/v2\/pages\/6956\/revisions"}],"predecessor-version":[{"id":23406,"href":"https:\/\/art-lui.com\/da\/wp-json\/wp\/v2\/pages\/6956\/revisions\/23406"}],"wp:attachment":[{"href":"https:\/\/art-lui.com\/da\/wp-json\/wp\/v2\/media?parent=6956"}],"curies":[{"name":"wp","href":"https:\/\/api.w.org\/{rel}","templated":true}]}}