{"id":6959,"date":"2018-05-23T15:33:21","date_gmt":"2018-05-23T13:33:21","guid":{"rendered":"http:\/\/art-lui.com\/?page_id=6959"},"modified":"2025-12-15T15:30:39","modified_gmt":"2025-12-15T14:30:39","slug":"single-education","status":"publish","type":"page","link":"https:\/\/art-lui.com\/da\/single-education\/","title":{"rendered":"Mini Kunst Retr\u00e6te &#8211; Ene undervisning"},"content":{"rendered":"<div id=\"pl-6959\"  class=\"panel-layout\" ><div id=\"pg-6959-0\"  class=\"panel-grid panel-no-style\" ><div id=\"pgc-6959-0-0\"  class=\"panel-grid-cell\" ><div id=\"panel-6959-0-0-0\" class=\"so-panel widget widget_sow-editor panel-first-child\" data-index=\"0\" ><div\n\t\t\t\n\t\t\tclass=\"so-widget-sow-editor so-widget-sow-editor-base\"\n\t\t\t\n\t\t><h3 class=\"widget-title\">Mini Kunst Retr\u00e6te - Ene undervisning<\/h3>\n<div class=\"siteorigin-widget-tinymce textwidget\">\n\t<p><b>F\u00f8ler du et kald til at starte p\u00e5 en ny rejse; En ny vej at g\u00e5 i livet! Men du har ingen id\u00e9 om hvilken vej og hvorn\u00e5r du skal starte og hvordan? Helle Louise tilbyder et Mini kunst retr\u00e6te \u00a0i K\u00f8benhavn. Se med her :<\/b><\/p>\n<p><strong>F\u00f8lgende dage er ledige til et mini kunst retr\u00e6te i K\u00f8benhavn: Disse kurser er til ENE undervisning ( Evt 2 som kender hinanden)<\/strong><\/p>\n<p><em>Dette kursus er<strong> uden<\/strong> overnatning, men hvor du kommer til undervisning over 2 sammenh\u00e6ngende dage fra kl 12.00-15.00 \/ evt. 15-18.00 begge dage. Overnatter du i K\u00f8benhavn, er her mange muligheder, sp\u00f8rg Helle Louise \/Lui<\/em><\/p>\n<p>K\u00d8BENHAVN:<\/p>\n<p>Et \"Mini Kunst retr\u00e6te\" Inspirerer dig. Du beh\u00f8ver ingen forkundskaber, kun nysgerrighed og lyst til at skabe og male.<\/p>\n<p>P\u00e5 et Mini kunst retr\u00e6te bliver du skubbet til og ud af din komfortzone og bevidsthed.<\/p>\n<p>Jeg tilbyder at du sammen med mig er medskaber i dit eget personlige Orakel og sj\u00e6lemaleri maleri.<\/p>\n<p>Det bliver begyndelsen p\u00e5 en ny rejse for dig hvor processen med at blande farver og snakke farvesymbolik skubber dig i en ny retning for dig.<\/p>\n<p>Vil du vide mere om hvordan du tilmelder dig, \u00a0s\u00e5 l\u00e6s roligt videre.<\/p>\n<p>Lokationer: K\u00f8benhavn i Helle Louises Studie lejlighed.<\/p>\n<p><a href=\"https:\/\/art-lui.com\/wp-content\/uploads\/2023\/08\/IMG_0771-scaled.jpeg\"><img loading=\"lazy\" decoding=\"async\" class=\"alignnone size-medium wp-image-22558\" src=\"https:\/\/art-lui.com\/wp-content\/uploads\/2023\/08\/IMG_0771-300x169.jpeg\" alt=\"\" width=\"300\" height=\"169\" srcset=\"https:\/\/art-lui.com\/wp-content\/uploads\/2023\/08\/IMG_0771-300x169.jpeg 300w, https:\/\/art-lui.com\/wp-content\/uploads\/2023\/08\/IMG_0771-1024x576.jpeg 1024w, https:\/\/art-lui.com\/wp-content\/uploads\/2023\/08\/IMG_0771-768x432.jpeg 768w, https:\/\/art-lui.com\/wp-content\/uploads\/2023\/08\/IMG_0771-1536x864.jpeg 1536w, https:\/\/art-lui.com\/wp-content\/uploads\/2023\/08\/IMG_0771-2048x1152.jpeg 2048w, https:\/\/art-lui.com\/wp-content\/uploads\/2023\/08\/IMG_0771-470x264.jpeg 470w, https:\/\/art-lui.com\/wp-content\/uploads\/2023\/08\/IMG_0771-600x338.jpeg 600w\" sizes=\"auto, (max-width: 300px) 100vw, 300px\" \/><\/a><\/p>\n<p>Samlet bel\u00f8b for et mini Kunst retr\u00e6te:<\/p>\n<p>6.500 kr inkl kost og logi samt materialer. Vi spiser en let frokost sammen ved din ankomst, hvor jeg h\u00f8rer lidt om din historie.<\/p>\n<p><a href=\"https:\/\/art-lui.com\/wp-content\/uploads\/2023\/06\/IMG_2091.jpeg\"><img loading=\"lazy\" decoding=\"async\" class=\"alignnone size-medium wp-image-22275\" src=\"https:\/\/art-lui.com\/wp-content\/uploads\/2023\/06\/IMG_2091-300x226.jpeg\" alt=\"\" width=\"300\" height=\"226\" srcset=\"https:\/\/art-lui.com\/wp-content\/uploads\/2023\/06\/IMG_2091-300x226.jpeg 300w, https:\/\/art-lui.com\/wp-content\/uploads\/2023\/06\/IMG_2091-1024x772.jpeg 1024w, https:\/\/art-lui.com\/wp-content\/uploads\/2023\/06\/IMG_2091-768x579.jpeg 768w, https:\/\/art-lui.com\/wp-content\/uploads\/2023\/06\/IMG_2091-470x354.jpeg 470w, https:\/\/art-lui.com\/wp-content\/uploads\/2023\/06\/IMG_2091-600x452.jpeg 600w, https:\/\/art-lui.com\/wp-content\/uploads\/2023\/06\/IMG_2091.jpeg 1440w\" sizes=\"auto, (max-width: 300px) 100vw, 300px\" \/><\/a><\/p>\n<p>KONTAKT mig hvis du har sp\u00f8rgm\u00e5l og foresp\u00f8rg gerne en weekend du \u00f8nsker et fork\u00e6lelses kunst Retr\u00e6te.<\/p>\n<p>22434727<\/p>\n<h1 class=\"entry-title\" style=\"text-align: center;\"><\/h1>\n<p>Skriv til :<a href=\"mailto:info@art-lui.com\"> info@art-lui.com<\/a><\/p>\n<p>&nbsp;<\/p>\n<p>&nbsp;<\/p>\n<p>&nbsp;<\/p>\n<p>Du er velkommen til selv at foresp\u00f8rge datoer til undervisning .<\/p>\n<h1 style=\"text-align: center;\"><\/h1>\n<h1 class=\"entry-title\" style=\"text-align: center;\"><\/h1>\n<\/div>\n<\/div><\/div><div id=\"panel-6959-0-0-1\" class=\"so-panel widget widget_sow-editor\" data-index=\"1\" ><div\n\t\t\t\n\t\t\tclass=\"so-widget-sow-editor so-widget-sow-editor-base\"\n\t\t\t\n\t\t><h3 class=\"widget-title\">Tilbyder ogs\u00e5 Undervisning af tale &amp; h\u00f8reh\u00e6mmede<\/h3>\n<div class=\"siteorigin-widget-tinymce textwidget\">\n\t<p>Helle louise Kierkegaard har stor erfaring i undervisning af tale & h\u00f8reh\u00e6mmede. Her fra et kursus med d\u00f8vstumme Henriette.<\/p>\n<\/div>\n<\/div><\/div><div id=\"panel-6959-0-0-2\" class=\"so-panel widget widget_media_video panel-last-child\" data-index=\"2\" ><div style=\"width:100%;\" class=\"wp-video\"><video class=\"wp-video-shortcode\" id=\"video-6959-1\" preload=\"metadata\" controls=\"controls\"><source type=\"video\/youtube\" src=\"https:\/\/youtu.be\/NQYcA1PBh2I?_=1\" \/><a href=\"https:\/\/youtu.be\/NQYcA1PBh2I\">https:\/\/youtu.be\/NQYcA1PBh2I<\/a><\/video><\/div><\/div><\/div><\/div><\/div>","protected":false},"excerpt":{"rendered":"<p>F\u00f8ler du et kald til at starte p\u00e5 en ny rejse; En ny vej at g\u00e5 i livet! Men du har ingen id\u00e9 om hvilken vej og hvorn\u00e5r du skal starte og hvordan? Helle Louise tilbyder et Mini kunst retr\u00e6te \u00a0i K\u00f8benhavn. Se med her : F\u00f8lgende dage er ledige til et mini kunst retr\u00e6te [&hellip;]<\/p>\n","protected":false},"author":8,"featured_media":22275,"parent":0,"menu_order":22,"comment_status":"closed","ping_status":"closed","template":"","meta":{"_acf_changed":false,"footnotes":""},"class_list":["post-6959","page","type-page","status-publish","has-post-thumbnail","hentry"],"acf":[],"yoast_head":"<!-- This site is optimized with the Yoast SEO plugin v27.3 - https:\/\/yoast.com\/product\/yoast-seo-wordpress\/ -->\n<title>Mini Kunst Retr\u00e6te - Ene undervisning<\/title>\n<meta name=\"robots\" content=\"index, follow, max-snippet:-1, max-image-preview:large, max-video-preview:-1\" \/>\n<link rel=\"canonical\" href=\"https:\/\/art-lui.com\/da\/single-education\/\" \/>\n<meta property=\"og:locale\" content=\"da_DK\" \/>\n<meta property=\"og:locale:alternate\" content=\"en_US\" \/>\n<meta property=\"og:type\" content=\"article\" \/>\n<meta property=\"og:title\" content=\"Mini Kunst Retr\u00e6te - Ene undervisning\" \/>\n<meta property=\"og:description\" content=\"F\u00f8ler du et kald til at starte p\u00e5 en ny rejse; En ny vej at g\u00e5 i livet! Men du har ingen id\u00e9 om hvilken vej og hvorn\u00e5r du skal starte og hvordan? Helle Louise tilbyder et Mini kunst retr\u00e6te \u00a0i K\u00f8benhavn. Se med her : F\u00f8lgende dage er ledige til et mini kunst retr\u00e6te [&hellip;]\" \/>\n<meta property=\"og:url\" content=\"https:\/\/art-lui.com\/da\/single-education\/\" \/>\n<meta property=\"og:site_name\" content=\"ART-LUI\" \/>\n<meta property=\"article:publisher\" content=\"https:\/\/www.facebook.com\/galleriartlui\/\" \/>\n<meta property=\"article:modified_time\" content=\"2025-12-15T14:30:39+00:00\" \/>\n<meta property=\"og:image\" content=\"https:\/\/art-lui.com\/wp-content\/uploads\/2023\/06\/IMG_2091.jpeg\" \/>\n\t<meta property=\"og:image:width\" content=\"1440\" \/>\n\t<meta property=\"og:image:height\" content=\"1085\" \/>\n\t<meta property=\"og:image:type\" content=\"image\/jpeg\" \/>\n<meta name=\"twitter:card\" content=\"summary_large_image\" \/>\n<meta name=\"twitter:label1\" content=\"Estimeret l\u00e6setid\" \/>\n\t<meta name=\"twitter:data1\" content=\"3 minutter\" \/>\n<script type=\"application\/ld+json\" class=\"yoast-schema-graph\">{\"@context\":\"https:\\\/\\\/schema.org\",\"@graph\":[{\"@type\":\"WebPage\",\"@id\":\"https:\\\/\\\/art-lui.com\\\/da\\\/single-education\\\/\",\"url\":\"https:\\\/\\\/art-lui.com\\\/da\\\/single-education\\\/\",\"name\":\"Mini Kunst Retr\u00e6te - Ene undervisning\",\"isPartOf\":{\"@id\":\"https:\\\/\\\/art-lui.com\\\/da\\\/#website\"},\"primaryImageOfPage\":{\"@id\":\"https:\\\/\\\/art-lui.com\\\/da\\\/single-education\\\/#primaryimage\"},\"image\":{\"@id\":\"https:\\\/\\\/art-lui.com\\\/da\\\/single-education\\\/#primaryimage\"},\"thumbnailUrl\":\"https:\\\/\\\/art-lui.com\\\/wp-content\\\/uploads\\\/2023\\\/06\\\/IMG_2091.jpeg\",\"datePublished\":\"2018-05-23T13:33:21+00:00\",\"dateModified\":\"2025-12-15T14:30:39+00:00\",\"breadcrumb\":{\"@id\":\"https:\\\/\\\/art-lui.com\\\/da\\\/single-education\\\/#breadcrumb\"},\"inLanguage\":\"da-DK\",\"potentialAction\":[{\"@type\":\"ReadAction\",\"target\":[\"https:\\\/\\\/art-lui.com\\\/da\\\/single-education\\\/\"]}]},{\"@type\":\"ImageObject\",\"inLanguage\":\"da-DK\",\"@id\":\"https:\\\/\\\/art-lui.com\\\/da\\\/single-education\\\/#primaryimage\",\"url\":\"https:\\\/\\\/art-lui.com\\\/wp-content\\\/uploads\\\/2023\\\/06\\\/IMG_2091.jpeg\",\"contentUrl\":\"https:\\\/\\\/art-lui.com\\\/wp-content\\\/uploads\\\/2023\\\/06\\\/IMG_2091.jpeg\",\"width\":1440,\"height\":1085},{\"@type\":\"BreadcrumbList\",\"@id\":\"https:\\\/\\\/art-lui.com\\\/da\\\/single-education\\\/#breadcrumb\",\"itemListElement\":[{\"@type\":\"ListItem\",\"position\":1,\"name\":\"Home\",\"item\":\"https:\\\/\\\/art-lui.com\\\/\"},{\"@type\":\"ListItem\",\"position\":2,\"name\":\"Mini Kunst Retr\u00e6te &#8211; Ene undervisning\"}]},{\"@type\":\"WebSite\",\"@id\":\"https:\\\/\\\/art-lui.com\\\/da\\\/#website\",\"url\":\"https:\\\/\\\/art-lui.com\\\/da\\\/\",\"name\":\"ART-LUI\",\"description\":\"Helle Louise Kierkegaard - Art Lui\",\"publisher\":{\"@id\":\"https:\\\/\\\/art-lui.com\\\/da\\\/#organization\"},\"potentialAction\":[{\"@type\":\"SearchAction\",\"target\":{\"@type\":\"EntryPoint\",\"urlTemplate\":\"https:\\\/\\\/art-lui.com\\\/da\\\/?s={search_term_string}\"},\"query-input\":{\"@type\":\"PropertyValueSpecification\",\"valueRequired\":true,\"valueName\":\"search_term_string\"}}],\"inLanguage\":\"da-DK\"},{\"@type\":\"Organization\",\"@id\":\"https:\\\/\\\/art-lui.com\\\/da\\\/#organization\",\"name\":\"ART-LUI\",\"url\":\"https:\\\/\\\/art-lui.com\\\/da\\\/\",\"logo\":{\"@type\":\"ImageObject\",\"inLanguage\":\"da-DK\",\"@id\":\"https:\\\/\\\/art-lui.com\\\/da\\\/#\\\/schema\\\/logo\\\/image\\\/\",\"url\":\"https:\\\/\\\/art-lui.com\\\/wp-content\\\/uploads\\\/2018\\\/05\\\/Logo_without-background1.png\",\"contentUrl\":\"https:\\\/\\\/art-lui.com\\\/wp-content\\\/uploads\\\/2018\\\/05\\\/Logo_without-background1.png\",\"width\":\"75\",\"height\":\"118\",\"caption\":\"ART-LUI\"},\"image\":{\"@id\":\"https:\\\/\\\/art-lui.com\\\/da\\\/#\\\/schema\\\/logo\\\/image\\\/\"},\"sameAs\":[\"https:\\\/\\\/www.facebook.com\\\/galleriartlui\\\/\",\"https:\\\/\\\/www.instagram.com\\\/artlui.dk\\\/\"]}]}<\/script>\n<!-- \/ Yoast SEO plugin. -->","yoast_head_json":{"title":"Mini Kunst Retr\u00e6te - Ene undervisning","robots":{"index":"index","follow":"follow","max-snippet":"max-snippet:-1","max-image-preview":"max-image-preview:large","max-video-preview":"max-video-preview:-1"},"canonical":"https:\/\/art-lui.com\/da\/single-education\/","og_locale":"da_DK","og_type":"article","og_title":"[:en]Mini Art Retreat - Single[:da]Mini Kunst Retr\u00e6te - Ene undervisning[:] - ART-LUI","og_description":"F\u00f8ler du et kald til at starte p\u00e5 en ny rejse; En ny vej at g\u00e5 i livet! Men du har ingen id\u00e9 om hvilken vej og hvorn\u00e5r du skal starte og hvordan? Helle Louise tilbyder et Mini kunst retr\u00e6te \u00a0i K\u00f8benhavn. Se med her : F\u00f8lgende dage er ledige til et mini kunst retr\u00e6te [&hellip;]","og_url":"https:\/\/art-lui.com\/da\/single-education\/","og_site_name":"ART-LUI","article_publisher":"https:\/\/www.facebook.com\/galleriartlui\/","article_modified_time":"2025-12-15T14:30:39+00:00","og_image":[{"width":1440,"height":1085,"url":"https:\/\/art-lui.com\/wp-content\/uploads\/2023\/06\/IMG_2091.jpeg","type":"image\/jpeg"}],"twitter_card":"summary_large_image","twitter_misc":{"Estimeret l\u00e6setid":"3 minutter"},"schema":{"@context":"https:\/\/schema.org","@graph":[{"@type":"WebPage","@id":"https:\/\/art-lui.com\/da\/single-education\/","url":"https:\/\/art-lui.com\/da\/single-education\/","name":"Mini Kunst Retr\u00e6te - Ene undervisning","isPartOf":{"@id":"https:\/\/art-lui.com\/da\/#website"},"primaryImageOfPage":{"@id":"https:\/\/art-lui.com\/da\/single-education\/#primaryimage"},"image":{"@id":"https:\/\/art-lui.com\/da\/single-education\/#primaryimage"},"thumbnailUrl":"https:\/\/art-lui.com\/wp-content\/uploads\/2023\/06\/IMG_2091.jpeg","datePublished":"2018-05-23T13:33:21+00:00","dateModified":"2025-12-15T14:30:39+00:00","breadcrumb":{"@id":"https:\/\/art-lui.com\/da\/single-education\/#breadcrumb"},"inLanguage":"da-DK","potentialAction":[{"@type":"ReadAction","target":["https:\/\/art-lui.com\/da\/single-education\/"]}]},{"@type":"ImageObject","inLanguage":"da-DK","@id":"https:\/\/art-lui.com\/da\/single-education\/#primaryimage","url":"https:\/\/art-lui.com\/wp-content\/uploads\/2023\/06\/IMG_2091.jpeg","contentUrl":"https:\/\/art-lui.com\/wp-content\/uploads\/2023\/06\/IMG_2091.jpeg","width":1440,"height":1085},{"@type":"BreadcrumbList","@id":"https:\/\/art-lui.com\/da\/single-education\/#breadcrumb","itemListElement":[{"@type":"ListItem","position":1,"name":"Home","item":"https:\/\/art-lui.com\/"},{"@type":"ListItem","position":2,"name":"Mini Kunst Retr\u00e6te &#8211; Ene undervisning"}]},{"@type":"WebSite","@id":"https:\/\/art-lui.com\/da\/#website","url":"https:\/\/art-lui.com\/da\/","name":"ART-LUI","description":"Helle Louise Kierkegaard - Art Lui","publisher":{"@id":"https:\/\/art-lui.com\/da\/#organization"},"potentialAction":[{"@type":"SearchAction","target":{"@type":"EntryPoint","urlTemplate":"https:\/\/art-lui.com\/da\/?s={search_term_string}"},"query-input":{"@type":"PropertyValueSpecification","valueRequired":true,"valueName":"search_term_string"}}],"inLanguage":"da-DK"},{"@type":"Organization","@id":"https:\/\/art-lui.com\/da\/#organization","name":"ART-LUI","url":"https:\/\/art-lui.com\/da\/","logo":{"@type":"ImageObject","inLanguage":"da-DK","@id":"https:\/\/art-lui.com\/da\/#\/schema\/logo\/image\/","url":"https:\/\/art-lui.com\/wp-content\/uploads\/2018\/05\/Logo_without-background1.png","contentUrl":"https:\/\/art-lui.com\/wp-content\/uploads\/2018\/05\/Logo_without-background1.png","width":"75","height":"118","caption":"ART-LUI"},"image":{"@id":"https:\/\/art-lui.com\/da\/#\/schema\/logo\/image\/"},"sameAs":["https:\/\/www.facebook.com\/galleriartlui\/","https:\/\/www.instagram.com\/artlui.dk\/"]}]}},"jetpack_sharing_enabled":true,"_links":{"self":[{"href":"https:\/\/art-lui.com\/da\/wp-json\/wp\/v2\/pages\/6959","targetHints":{"allow":["GET"]}}],"collection":[{"href":"https:\/\/art-lui.com\/da\/wp-json\/wp\/v2\/pages"}],"about":[{"href":"https:\/\/art-lui.com\/da\/wp-json\/wp\/v2\/types\/page"}],"author":[{"embeddable":true,"href":"https:\/\/art-lui.com\/da\/wp-json\/wp\/v2\/users\/8"}],"replies":[{"embeddable":true,"href":"https:\/\/art-lui.com\/da\/wp-json\/wp\/v2\/comments?post=6959"}],"version-history":[{"count":5,"href":"https:\/\/art-lui.com\/da\/wp-json\/wp\/v2\/pages\/6959\/revisions"}],"predecessor-version":[{"id":23412,"href":"https:\/\/art-lui.com\/da\/wp-json\/wp\/v2\/pages\/6959\/revisions\/23412"}],"wp:featuredmedia":[{"embeddable":true,"href":"https:\/\/art-lui.com\/da\/wp-json\/wp\/v2\/media\/22275"}],"wp:attachment":[{"href":"https:\/\/art-lui.com\/da\/wp-json\/wp\/v2\/media?parent=6959"}],"curies":[{"name":"wp","href":"https:\/\/api.w.org\/{rel}","templated":true}]}}