{"id":6985,"date":"2018-05-23T15:38:54","date_gmt":"2018-05-23T13:38:54","guid":{"rendered":"http:\/\/art-lui.com\/?page_id=6985"},"modified":"2018-05-26T22:33:59","modified_gmt":"2018-05-26T20:33:59","slug":"all-pages","status":"publish","type":"page","link":"https:\/\/art-lui.com\/da\/all-pages\/","title":{"rendered":"All pages"},"content":{"rendered":"<div id=\"pl-6985\"  class=\"panel-layout\" ><div id=\"pg-6985-0\"  class=\"panel-grid panel-no-style\" ><div id=\"pgc-6985-0-0\"  class=\"panel-grid-cell\" ><div id=\"panel-6985-0-0-0\" class=\"so-panel widget widget_pages panel-first-child panel-last-child\" data-index=\"0\" ><h3 class=\"widget-title\">Sider<\/h3>\n\t\t\t<ul>\n\t\t\t\t<li class=\"page_item page-item-22839\"><a href=\"https:\/\/art-lui.com\/da\/auctions\/\">Auctions<\/a><\/li>\n<li class=\"page_item page-item-4357\"><a href=\"https:\/\/art-lui.com\/da\/2009-2\/\">2009<\/a><\/li>\n<li class=\"page_item page-item-4359\"><a href=\"https:\/\/art-lui.com\/da\/2010-2\/\">2010<\/a><\/li>\n<li class=\"page_item page-item-4631\"><a href=\"https:\/\/art-lui.com\/da\/2011-2\/\">2011<\/a><\/li>\n<li class=\"page_item page-item-4633\"><a href=\"https:\/\/art-lui.com\/da\/2012-2\/\">2012<\/a><\/li>\n<li class=\"page_item page-item-4636\"><a href=\"https:\/\/art-lui.com\/da\/2013-2\/\">2013<\/a><\/li>\n<li class=\"page_item page-item-4638\"><a href=\"https:\/\/art-lui.com\/da\/2014-2\/\">2014<\/a><\/li>\n<li class=\"page_item page-item-4640\"><a href=\"https:\/\/art-lui.com\/da\/2015-2\/\">2015<\/a><\/li>\n<li class=\"page_item page-item-4531\"><a href=\"https:\/\/art-lui.com\/da\/2016-2\/\">2016<\/a><\/li>\n<li class=\"page_item page-item-6985\"><a href=\"https:\/\/art-lui.com\/da\/all-pages\/\">All pages<\/a><\/li>\n<li class=\"page_item page-item-2602 page_item_has_children\"><a href=\"https:\/\/art-lui.com\/da\/art-archive\/\">Kunst arkiv<\/a>\n<ul class='children'>\n\t<li class=\"page_item page-item-4642\"><a href=\"https:\/\/art-lui.com\/da\/art-archive\/2017-2\/\">2017<\/a><\/li>\n\t<li class=\"page_item page-item-5939\"><a href=\"https:\/\/art-lui.com\/da\/art-archive\/2018-2\/\">2018<\/a><\/li>\n\t<li class=\"page_item page-item-17886\"><a href=\"https:\/\/art-lui.com\/da\/art-archive\/2019-2\/\">2019<\/a><\/li>\n\t<li class=\"page_item page-item-18852\"><a href=\"https:\/\/art-lui.com\/da\/art-archive\/2020-2\/\">2020<\/a><\/li>\n\t<li class=\"page_item page-item-20670\"><a href=\"https:\/\/art-lui.com\/da\/art-archive\/2021-2\/\">2021<\/a><\/li>\n\t<li class=\"page_item page-item-21192 page_item_has_children\"><a href=\"https:\/\/art-lui.com\/da\/art-archive\/2022-2\/\">2022<\/a>\n\t<ul class='children'>\n\t\t<li class=\"page_item page-item-21201\"><a href=\"https:\/\/art-lui.com\/da\/art-archive\/2022-2\/solo-exhibition-tranum-strandgaard-2022\/\">Solo udstilling Tranum Strandg\u00e5rd Kunst- og Kulturcenter 2022<\/a><\/li>\n\t<\/ul>\n<\/li>\n<\/ul>\n<\/li>\n<li class=\"page_item page-item-1069\"><a href=\"https:\/\/art-lui.com\/da\/biography\/\">Biografi \u2013 Helle Louise Kierkegaard<\/a><\/li>\n<li class=\"page_item page-item-61\"><a href=\"https:\/\/art-lui.com\/da\/booking-1\/\">Book en sj\u00e6lesamtale<\/a><\/li>\n<li class=\"page_item page-item-6981\"><a href=\"https:\/\/art-lui.com\/da\/cafe-vaeksthuset\/\">Caf\u00e9 V\u00e6ksthuset<\/a><\/li>\n<li class=\"page_item page-item-1043\"><a href=\"https:\/\/art-lui.com\/da\/checkout\/\">Din bestilling<\/a><\/li>\n<li class=\"page_item page-item-121\"><a href=\"https:\/\/art-lui.com\/da\/contact\/\">Kontakt ART-LUI<\/a><\/li>\n<li class=\"page_item page-item-6983\"><a href=\"https:\/\/art-lui.com\/da\/copenhagen-art-show\/\">Copenhagen Art show<\/a><\/li>\n<li class=\"page_item page-item-2381\"><a href=\"https:\/\/art-lui.com\/da\/courses\/\">Kurser &#038; Workshop<\/a><\/li>\n<li class=\"page_item page-item-7306\"><a href=\"https:\/\/art-lui.com\/da\/current-exhibitions\/\">Udstillinger i \u00f8jeblikket<\/a><\/li>\n<li class=\"page_item page-item-6977\"><a href=\"https:\/\/art-lui.com\/da\/exhibition-and-workshop-in-luxembourg\/\">Exhibition and workshop in Luxembourg<\/a><\/li>\n<li class=\"page_item page-item-2682\"><a href=\"https:\/\/art-lui.com\/da\/exhibitions\/\">Udstillinger<\/a><\/li>\n<li class=\"page_item page-item-6956\"><a href=\"https:\/\/art-lui.com\/da\/family-workshop\/\">Workshop for hele familien<\/a><\/li>\n<li class=\"page_item page-item-7310\"><a href=\"https:\/\/art-lui.com\/da\/former-exhibitions\/\">Tidligere udstillinger<\/a><\/li>\n<li class=\"page_item page-item-7308\"><a href=\"https:\/\/art-lui.com\/da\/future-exhibitions\/\">Fremtidige udstillinger<\/a><\/li>\n<li class=\"page_item page-item-6971\"><a href=\"https:\/\/art-lui.com\/da\/galleri-nobel\/\">Galleri Nobel<\/a><\/li>\n<li class=\"page_item page-item-6975\"><a href=\"https:\/\/art-lui.com\/da\/gallerie-knud-grothe\/\">Gallerie Knud Grothe<\/a><\/li>\n<li class=\"page_item page-item-3739\"><a href=\"https:\/\/art-lui.com\/da\/gallery-atelier-art-lui\/\">Galleri &#038; Atelier ART-LUI<\/a><\/li>\n<li class=\"page_item page-item-19167\"><a href=\"https:\/\/art-lui.com\/da\/hej\/\">hej<\/a><\/li>\n<li class=\"page_item page-item-7312\"><a href=\"https:\/\/art-lui.com\/da\/helle-louise-kierkegaard-cv\/\">Helle Louise Kierkegaard &#8211; CV<\/a><\/li>\n<li class=\"page_item page-item-22111\"><a href=\"https:\/\/art-lui.com\/da\/social-media\/\">Helle Louise Kierkegaard<\/a><\/li>\n<li class=\"page_item page-item-672\"><a href=\"https:\/\/art-lui.com\/da\/\">Home<\/a><\/li>\n<li class=\"page_item page-item-22868\"><a href=\"https:\/\/art-lui.com\/da\/linkedin\/\">Linkedin<\/a><\/li>\n<li class=\"page_item page-item-22870\"><a href=\"https:\/\/art-lui.com\/da\/linkedin-2\/\">Linkedin<\/a><\/li>\n<li class=\"page_item page-item-6951\"><a href=\"https:\/\/art-lui.com\/da\/love-paintings\/\">Love paintings<\/a><\/li>\n<li class=\"page_item page-item-6339\"><a href=\"https:\/\/art-lui.com\/da\/miami-art-fair\/\">Miami Art Fair<\/a><\/li>\n<li class=\"page_item page-item-6973\"><a href=\"https:\/\/art-lui.com\/da\/midtjyllands-kunstcenter\/\">Midtjyllands Kunstcenter<\/a><\/li>\n<li class=\"page_item page-item-6959\"><a href=\"https:\/\/art-lui.com\/da\/single-education\/\">Mini Kunst Retr\u00e6te &#8211; Ene undervisning<\/a><\/li>\n<li class=\"page_item page-item-6961\"><a href=\"https:\/\/art-lui.com\/da\/team-education\/\">Mini Kunst Retr\u00e6te &#8211; Hold undervisning<\/a><\/li>\n<li class=\"page_item page-item-2643\"><a href=\"https:\/\/art-lui.com\/da\/movies\/\">Film<\/a><\/li>\n<li class=\"page_item page-item-1044\"><a href=\"https:\/\/art-lui.com\/da\/my-account\/\">My account<\/a><\/li>\n<li class=\"page_item page-item-3378\"><a href=\"https:\/\/art-lui.com\/da\/newsletter\/\">Nyhedsbrev<\/a><\/li>\n<li class=\"page_item page-item-1082\"><a href=\"https:\/\/art-lui.com\/da\/order-soul-painting\/\">Bestil dit sj\u00e6lemaleri i dag<\/a><\/li>\n<li class=\"page_item page-item-6967\"><a href=\"https:\/\/art-lui.com\/da\/paintings-for-homes\/\">Malerier til private hjem<\/a><\/li>\n<li class=\"page_item page-item-2599\"><a href=\"https:\/\/art-lui.com\/da\/paintings-for-homes-2\/\">Malerier til private hjem<\/a><\/li>\n<li class=\"page_item page-item-5887\"><a href=\"https:\/\/art-lui.com\/da\/privacy-policy\/\">Cookies &#038; Persondatapolitik<\/a><\/li>\n<li class=\"page_item page-item-2649\"><a href=\"https:\/\/art-lui.com\/da\/soul-paintings\/\">Dit personlige Sj\u00e6lemaleri<\/a><\/li>\n<li class=\"page_item page-item-2645 page_item_has_children\"><a href=\"https:\/\/art-lui.com\/da\/studios\/\">Studios<\/a>\n<ul class='children'>\n\t<li class=\"page_item page-item-22030\"><a href=\"https:\/\/art-lui.com\/da\/studios\/copenhagen\/\">K\u00f8benhavn<\/a><\/li>\n<\/ul>\n<\/li>\n<li class=\"page_item page-item-2383\"><a href=\"https:\/\/art-lui.com\/da\/terms-conditions\/\">Handelsbetingelser<\/a><\/li>\n<li class=\"page_item page-item-1051\"><a href=\"https:\/\/art-lui.com\/da\/apple-girl\/\">\u00c6blepigen<\/a><\/li>\n<li class=\"page_item page-item-2304 page_item_has_children\"><a href=\"https:\/\/art-lui.com\/da\/the-north-atlantic-light-house\/\">Det Nordatlantiske Fyrt\u00e5rn i Hanstholm<\/a>\n<ul class='children'>\n\t<li class=\"page_item page-item-3555\"><a href=\"https:\/\/art-lui.com\/da\/the-north-atlantic-light-house\/slate-artwork\/\">Skifer kunst<\/a><\/li>\n<\/ul>\n<\/li>\n<li class=\"page_item page-item-6979\"><a href=\"https:\/\/art-lui.com\/da\/venice-italy\/\">Venedig &#8211; Italien<\/a><\/li>\n<li class=\"page_item page-item-6969\"><a href=\"https:\/\/art-lui.com\/da\/vitskoel-kloster\/\">Vitsk\u00f8l Kloster<\/a><\/li>\n<li class=\"page_item page-item-2292\"><a href=\"https:\/\/art-lui.com\/da\/women\/\">Kvinder<\/a><\/li>\n<li class=\"page_item page-item-721\"><a href=\"https:\/\/art-lui.com\/da\/work-retreat-iceland\/\">Arbejdsrefugium Island<\/a><\/li>\n<li class=\"page_item page-item-974\"><a href=\"https:\/\/art-lui.com\/da\/work-retreat-sardinia\/\">Sardinien Arbejdsrefugium<\/a><\/li>\n<li class=\"page_item page-item-22878\"><a href=\"https:\/\/art-lui.com\/da\/dashboard\/\">Auction Dashboard<\/a><\/li>\n<li class=\"page_item page-item-1042\"><a href=\"https:\/\/art-lui.com\/da\/shop\/cart\/\">Kurv<\/a><\/li>\n<li class=\"page_item page-item-2606\"><a href=\"https:\/\/art-lui.com\/da\/shop\/gift-card\/\">Gavekort<\/a><\/li>\n<li class=\"page_item page-item-20460\"><a href=\"https:\/\/art-lui.com\/da\/shop\/the-unpredictable-beauty-of-life\/\">Livets Uforudsigelige Sk\u00f8nhed<\/a><\/li>\n\t\t\t<\/ul>\n\n\t\t\t<\/div><\/div><\/div><\/div>","protected":false},"excerpt":{"rendered":"<p>Sider Auctions 2009 2010 2011 2012 2013 2014 2015 2016 All pages Kunst arkiv 2017 2018 2019 2020 2021 2022 Solo udstilling Tranum Strandg\u00e5rd Kunst- og Kulturcenter 2022 Biografi \u2013 Helle Louise Kierkegaard Book en sj\u00e6lesamtale Caf\u00e9 V\u00e6ksthuset Din bestilling Kontakt ART-LUI Copenhagen Art show Kurser &#038; Workshop Udstillinger i \u00f8jeblikket Exhibition and workshop in [&hellip;]<\/p>\n","protected":false},"author":3,"featured_media":0,"parent":0,"menu_order":9,"comment_status":"closed","ping_status":"closed","template":"","meta":{"_acf_changed":false,"footnotes":""},"class_list":["post-6985","page","type-page","status-publish","hentry"],"acf":[],"yoast_head":"<!-- This site is optimized with the Yoast SEO plugin v27.3 - https:\/\/yoast.com\/product\/yoast-seo-wordpress\/ -->\n<title>All pages<\/title>\n<meta name=\"robots\" content=\"index, follow, max-snippet:-1, max-image-preview:large, max-video-preview:-1\" \/>\n<link rel=\"canonical\" href=\"https:\/\/art-lui.com\/da\/all-pages\/\" \/>\n<meta property=\"og:locale\" content=\"da_DK\" \/>\n<meta property=\"og:locale:alternate\" content=\"en_US\" \/>\n<meta property=\"og:type\" content=\"article\" \/>\n<meta property=\"og:title\" content=\"All pages\" \/>\n<meta property=\"og:description\" content=\"Sider Auctions 2009 2010 2011 2012 2013 2014 2015 2016 All pages Kunst arkiv 2017 2018 2019 2020 2021 2022 Solo udstilling Tranum Strandg\u00e5rd Kunst- og Kulturcenter 2022 Biografi \u2013 Helle Louise Kierkegaard Book en sj\u00e6lesamtale Caf\u00e9 V\u00e6ksthuset Din bestilling Kontakt ART-LUI Copenhagen Art show Kurser &amp; Workshop Udstillinger i \u00f8jeblikket Exhibition and workshop in [&hellip;]\" \/>\n<meta property=\"og:url\" content=\"https:\/\/art-lui.com\/da\/all-pages\/\" \/>\n<meta property=\"og:site_name\" content=\"ART-LUI\" \/>\n<meta property=\"article:publisher\" content=\"https:\/\/www.facebook.com\/galleriartlui\/\" \/>\n<meta property=\"article:modified_time\" content=\"2018-05-26T20:33:59+00:00\" \/>\n<meta name=\"twitter:card\" content=\"summary_large_image\" \/>\n<script type=\"application\/ld+json\" class=\"yoast-schema-graph\">{\"@context\":\"https:\\\/\\\/schema.org\",\"@graph\":[{\"@type\":\"WebPage\",\"@id\":\"https:\\\/\\\/art-lui.com\\\/all-pages\\\/\",\"url\":\"https:\\\/\\\/art-lui.com\\\/all-pages\\\/\",\"name\":\"All pages\",\"isPartOf\":{\"@id\":\"https:\\\/\\\/art-lui.com\\\/da\\\/#website\"},\"datePublished\":\"2018-05-23T13:38:54+00:00\",\"dateModified\":\"2018-05-26T20:33:59+00:00\",\"breadcrumb\":{\"@id\":\"https:\\\/\\\/art-lui.com\\\/all-pages\\\/#breadcrumb\"},\"inLanguage\":\"da-DK\",\"potentialAction\":[{\"@type\":\"ReadAction\",\"target\":[\"https:\\\/\\\/art-lui.com\\\/all-pages\\\/\"]}]},{\"@type\":\"BreadcrumbList\",\"@id\":\"https:\\\/\\\/art-lui.com\\\/all-pages\\\/#breadcrumb\",\"itemListElement\":[{\"@type\":\"ListItem\",\"position\":1,\"name\":\"Home\",\"item\":\"https:\\\/\\\/art-lui.com\\\/\"},{\"@type\":\"ListItem\",\"position\":2,\"name\":\"All pages\"}]},{\"@type\":\"WebSite\",\"@id\":\"https:\\\/\\\/art-lui.com\\\/da\\\/#website\",\"url\":\"https:\\\/\\\/art-lui.com\\\/da\\\/\",\"name\":\"ART-LUI\",\"description\":\"Helle Louise Kierkegaard - Art Lui\",\"publisher\":{\"@id\":\"https:\\\/\\\/art-lui.com\\\/da\\\/#organization\"},\"potentialAction\":[{\"@type\":\"SearchAction\",\"target\":{\"@type\":\"EntryPoint\",\"urlTemplate\":\"https:\\\/\\\/art-lui.com\\\/da\\\/?s={search_term_string}\"},\"query-input\":{\"@type\":\"PropertyValueSpecification\",\"valueRequired\":true,\"valueName\":\"search_term_string\"}}],\"inLanguage\":\"da-DK\"},{\"@type\":\"Organization\",\"@id\":\"https:\\\/\\\/art-lui.com\\\/da\\\/#organization\",\"name\":\"ART-LUI\",\"url\":\"https:\\\/\\\/art-lui.com\\\/da\\\/\",\"logo\":{\"@type\":\"ImageObject\",\"inLanguage\":\"da-DK\",\"@id\":\"https:\\\/\\\/art-lui.com\\\/da\\\/#\\\/schema\\\/logo\\\/image\\\/\",\"url\":\"https:\\\/\\\/art-lui.com\\\/wp-content\\\/uploads\\\/2018\\\/05\\\/Logo_without-background1.png\",\"contentUrl\":\"https:\\\/\\\/art-lui.com\\\/wp-content\\\/uploads\\\/2018\\\/05\\\/Logo_without-background1.png\",\"width\":\"75\",\"height\":\"118\",\"caption\":\"ART-LUI\"},\"image\":{\"@id\":\"https:\\\/\\\/art-lui.com\\\/da\\\/#\\\/schema\\\/logo\\\/image\\\/\"},\"sameAs\":[\"https:\\\/\\\/www.facebook.com\\\/galleriartlui\\\/\",\"https:\\\/\\\/www.instagram.com\\\/artlui.dk\\\/\"]}]}<\/script>\n<!-- \/ Yoast SEO plugin. -->","yoast_head_json":{"title":"All pages","robots":{"index":"index","follow":"follow","max-snippet":"max-snippet:-1","max-image-preview":"max-image-preview:large","max-video-preview":"max-video-preview:-1"},"canonical":"https:\/\/art-lui.com\/da\/all-pages\/","og_locale":"da_DK","og_type":"article","og_title":"[:en]All pages & Products[:da]All pages[:] - ART-LUI","og_description":"Sider Auctions 2009 2010 2011 2012 2013 2014 2015 2016 All pages Kunst arkiv 2017 2018 2019 2020 2021 2022 Solo udstilling Tranum Strandg\u00e5rd Kunst- og Kulturcenter 2022 Biografi \u2013 Helle Louise Kierkegaard Book en sj\u00e6lesamtale Caf\u00e9 V\u00e6ksthuset Din bestilling Kontakt ART-LUI Copenhagen Art show Kurser &#038; Workshop Udstillinger i \u00f8jeblikket Exhibition and workshop in [&hellip;]","og_url":"https:\/\/art-lui.com\/da\/all-pages\/","og_site_name":"ART-LUI","article_publisher":"https:\/\/www.facebook.com\/galleriartlui\/","article_modified_time":"2018-05-26T20:33:59+00:00","twitter_card":"summary_large_image","schema":{"@context":"https:\/\/schema.org","@graph":[{"@type":"WebPage","@id":"https:\/\/art-lui.com\/all-pages\/","url":"https:\/\/art-lui.com\/all-pages\/","name":"All pages","isPartOf":{"@id":"https:\/\/art-lui.com\/da\/#website"},"datePublished":"2018-05-23T13:38:54+00:00","dateModified":"2018-05-26T20:33:59+00:00","breadcrumb":{"@id":"https:\/\/art-lui.com\/all-pages\/#breadcrumb"},"inLanguage":"da-DK","potentialAction":[{"@type":"ReadAction","target":["https:\/\/art-lui.com\/all-pages\/"]}]},{"@type":"BreadcrumbList","@id":"https:\/\/art-lui.com\/all-pages\/#breadcrumb","itemListElement":[{"@type":"ListItem","position":1,"name":"Home","item":"https:\/\/art-lui.com\/"},{"@type":"ListItem","position":2,"name":"All pages"}]},{"@type":"WebSite","@id":"https:\/\/art-lui.com\/da\/#website","url":"https:\/\/art-lui.com\/da\/","name":"ART-LUI","description":"Helle Louise Kierkegaard - Art Lui","publisher":{"@id":"https:\/\/art-lui.com\/da\/#organization"},"potentialAction":[{"@type":"SearchAction","target":{"@type":"EntryPoint","urlTemplate":"https:\/\/art-lui.com\/da\/?s={search_term_string}"},"query-input":{"@type":"PropertyValueSpecification","valueRequired":true,"valueName":"search_term_string"}}],"inLanguage":"da-DK"},{"@type":"Organization","@id":"https:\/\/art-lui.com\/da\/#organization","name":"ART-LUI","url":"https:\/\/art-lui.com\/da\/","logo":{"@type":"ImageObject","inLanguage":"da-DK","@id":"https:\/\/art-lui.com\/da\/#\/schema\/logo\/image\/","url":"https:\/\/art-lui.com\/wp-content\/uploads\/2018\/05\/Logo_without-background1.png","contentUrl":"https:\/\/art-lui.com\/wp-content\/uploads\/2018\/05\/Logo_without-background1.png","width":"75","height":"118","caption":"ART-LUI"},"image":{"@id":"https:\/\/art-lui.com\/da\/#\/schema\/logo\/image\/"},"sameAs":["https:\/\/www.facebook.com\/galleriartlui\/","https:\/\/www.instagram.com\/artlui.dk\/"]}]}},"jetpack_sharing_enabled":true,"_links":{"self":[{"href":"https:\/\/art-lui.com\/da\/wp-json\/wp\/v2\/pages\/6985","targetHints":{"allow":["GET"]}}],"collection":[{"href":"https:\/\/art-lui.com\/da\/wp-json\/wp\/v2\/pages"}],"about":[{"href":"https:\/\/art-lui.com\/da\/wp-json\/wp\/v2\/types\/page"}],"author":[{"embeddable":true,"href":"https:\/\/art-lui.com\/da\/wp-json\/wp\/v2\/users\/3"}],"replies":[{"embeddable":true,"href":"https:\/\/art-lui.com\/da\/wp-json\/wp\/v2\/comments?post=6985"}],"version-history":[{"count":0,"href":"https:\/\/art-lui.com\/da\/wp-json\/wp\/v2\/pages\/6985\/revisions"}],"wp:attachment":[{"href":"https:\/\/art-lui.com\/da\/wp-json\/wp\/v2\/media?parent=6985"}],"curies":[{"name":"wp","href":"https:\/\/api.w.org\/{rel}","templated":true}]}}