{"id":721,"date":"2018-03-28T15:08:21","date_gmt":"2018-03-28T13:08:21","guid":{"rendered":"http:\/\/art-lui.com\/?page_id=721"},"modified":"2022-07-22T20:45:37","modified_gmt":"2022-07-22T18:45:37","slug":"work-retreat-iceland","status":"publish","type":"page","link":"https:\/\/art-lui.com\/da\/work-retreat-iceland\/","title":{"rendered":"Arbejdsrefugium Island"},"content":{"rendered":"<div id=\"pl-721\" class=\"panel-layout\">\n<div id=\"pg-721-0\" class=\"panel-grid panel-no-style\">\n<div id=\"pgc-721-0-0\" class=\"panel-grid-cell\" data-weight=\"1\">\n<div id=\"panel-721-0-0-0\" class=\"so-panel widget widget_sow-editor panel-first-child panel-last-child\" data-index=\"0\">\n<div class=\"so-widget-sow-editor so-widget-sow-editor-base\">\n<div class=\"siteorigin-widget-tinymce textwidget\"><\/div>\n<div class=\"siteorigin-widget-tinymce textwidget\">De uforudsigelige underjordiske str\u00f8mme og energier som de islandske vulkaner skaber har draget kunstner Helle Louise Kierkegaard til Island. Islands r\u00e5 friske og healende natur komplementerer storbyens dynamiske pulserende liv, som K\u00f8benhavn indeholder rigelige m\u00e6ngder af. Helle Louise har bag sig flere magiske ophold p\u00e5 Island. Det Nordiske land, mystikken, orange fyrt\u00e5rne, vulkaner, nordlys og ikke mindst uendelige regnbuer og de eventyrlige omskiftelige farver p\u00e5 himlen. Det gr\u00f8nne nordlys er ogs\u00e5 en dyb inspiration som Helle Louise tager med sig i skabelsen af sine nye malerier, og du vil f\u00f8le det som at blive trukket ind i en anden tid og verden. Helle Louise begynder at arbejde regelm\u00e6ssigt fra Island fra Sep. 2018. Her maler hun i et Atelier i Byen Grindawik ved havet, vulkaner og et orange fyrt\u00e5rn.<\/div>\n<\/div>\n<\/div>\n<\/div>\n<\/div>\n<\/div>\n<div><\/div>\n<div>\n<p><iframe loading=\"lazy\" title=\"ART-LUI - Helle Louise Kierkegaard - Iceland\/Island\" width=\"640\" height=\"360\" src=\"https:\/\/www.youtube.com\/embed\/zovKCpw0p7s?feature=oembed\" frameborder=\"0\" allow=\"accelerometer; autoplay; clipboard-write; encrypted-media; gyroscope; picture-in-picture; web-share\" referrerpolicy=\"strict-origin-when-cross-origin\" allowfullscreen><\/iframe><\/p>\n<\/div>\n<div><\/div>\n<div>\n<style type=\"text\/css\">\n#foogallery-gallery-21078 .fg-image { width: 150px; }\n#foogallery-gallery-21078 { --fg-gutter: 10px; }<\/style>\n\t\t\t<div class=\"foogallery foogallery-container foogallery-default foogallery-lightbox-foobox fg-center fg-default fg-ready fg-light fg-border-thin fg-shadow-outline fg-loading-default fg-loaded-fade-in fg-caption-hover fg-hover-fade fg-hover-zoom\" id=\"foogallery-gallery-21078\" data-foogallery=\"{&quot;item&quot;:{&quot;showCaptionTitle&quot;:true,&quot;showCaptionDescription&quot;:true},&quot;lazy&quot;:true}\" style=\"--fg-title-line-clamp: 0; --fg-description-line-clamp: 0;\" >\n\t<div class=\"fg-item fg-type-image fg-idle\"><figure class=\"fg-item-inner\"><a href=\"https:\/\/art-lui.com\/wp-content\/uploads\/2018\/06\/iceland-IMG_7166.jpg\" data-attachment-id=\"9016\" data-type=\"image\" class=\"fg-thumb\"><span class=\"fg-image-wrap\"><img decoding=\"async\" width=\"150\" height=\"150\" class=\"skip-lazy fg-image\" data-src-fg=\"https:\/\/art-lui.com\/wp-content\/uploads\/cache\/2018\/06\/iceland-IMG_7166\/2894005869.jpg\" src=\"data:image\/svg+xml,%3Csvg%20xmlns%3D%22http%3A%2F%2Fwww.w3.org%2F2000%2Fsvg%22%20width%3D%22150%22%20height%3D%22150%22%20viewBox%3D%220%200%20150%20150%22%3E%3C%2Fsvg%3E\" loading=\"eager\"><\/span><span class=\"fg-image-overlay\"><\/span><\/a><\/figure><div class=\"fg-loader\"><\/div><\/div><div class=\"fg-item fg-type-image fg-idle\"><figure class=\"fg-item-inner\"><a href=\"https:\/\/art-lui.com\/wp-content\/uploads\/2018\/06\/iceland-IMG_7447.jpg\" data-attachment-id=\"9017\" data-type=\"image\" class=\"fg-thumb\"><span class=\"fg-image-wrap\"><img decoding=\"async\" width=\"150\" height=\"150\" class=\"skip-lazy fg-image\" data-src-fg=\"https:\/\/art-lui.com\/wp-content\/uploads\/cache\/2018\/06\/iceland-IMG_7447\/4008611316.jpg\" src=\"data:image\/svg+xml,%3Csvg%20xmlns%3D%22http%3A%2F%2Fwww.w3.org%2F2000%2Fsvg%22%20width%3D%22150%22%20height%3D%22150%22%20viewBox%3D%220%200%20150%20150%22%3E%3C%2Fsvg%3E\" loading=\"eager\"><\/span><span class=\"fg-image-overlay\"><\/span><\/a><\/figure><div class=\"fg-loader\"><\/div><\/div><div class=\"fg-item fg-type-image fg-idle\"><figure class=\"fg-item-inner\"><a href=\"https:\/\/art-lui.com\/wp-content\/uploads\/2018\/06\/IMG_7169.jpg\" data-attachment-id=\"9004\" data-type=\"image\" class=\"fg-thumb\"><span class=\"fg-image-wrap\"><img decoding=\"async\" width=\"150\" height=\"150\" class=\"skip-lazy fg-image\" data-src-fg=\"https:\/\/art-lui.com\/wp-content\/uploads\/cache\/2018\/06\/IMG_7169\/1588231858.jpg\" src=\"data:image\/svg+xml,%3Csvg%20xmlns%3D%22http%3A%2F%2Fwww.w3.org%2F2000%2Fsvg%22%20width%3D%22150%22%20height%3D%22150%22%20viewBox%3D%220%200%20150%20150%22%3E%3C%2Fsvg%3E\" loading=\"eager\"><\/span><span class=\"fg-image-overlay\"><\/span><\/a><\/figure><div class=\"fg-loader\"><\/div><\/div><div class=\"fg-item fg-type-image fg-idle\"><figure class=\"fg-item-inner\"><a href=\"https:\/\/art-lui.com\/wp-content\/uploads\/2018\/06\/IMG_7053.jpg\" data-attachment-id=\"9012\" data-type=\"image\" class=\"fg-thumb\"><span class=\"fg-image-wrap\"><img decoding=\"async\" width=\"150\" height=\"150\" class=\"skip-lazy fg-image\" data-src-fg=\"https:\/\/art-lui.com\/wp-content\/uploads\/cache\/2018\/06\/IMG_7053\/3145728594.jpg\" src=\"data:image\/svg+xml,%3Csvg%20xmlns%3D%22http%3A%2F%2Fwww.w3.org%2F2000%2Fsvg%22%20width%3D%22150%22%20height%3D%22150%22%20viewBox%3D%220%200%20150%20150%22%3E%3C%2Fsvg%3E\" loading=\"eager\"><\/span><span class=\"fg-image-overlay\"><\/span><\/a><\/figure><div class=\"fg-loader\"><\/div><\/div><div class=\"fg-item fg-type-image fg-idle\"><figure class=\"fg-item-inner\"><a href=\"https:\/\/art-lui.com\/wp-content\/uploads\/2018\/06\/IMG_7094.jpg\" data-attachment-id=\"9013\" data-type=\"image\" class=\"fg-thumb\"><span class=\"fg-image-wrap\"><img decoding=\"async\" width=\"150\" height=\"150\" class=\"skip-lazy fg-image\" data-src-fg=\"https:\/\/art-lui.com\/wp-content\/uploads\/cache\/2018\/06\/IMG_7094\/969240269.jpg\" src=\"data:image\/svg+xml,%3Csvg%20xmlns%3D%22http%3A%2F%2Fwww.w3.org%2F2000%2Fsvg%22%20width%3D%22150%22%20height%3D%22150%22%20viewBox%3D%220%200%20150%20150%22%3E%3C%2Fsvg%3E\" loading=\"eager\"><\/span><span class=\"fg-image-overlay\"><\/span><\/a><\/figure><div class=\"fg-loader\"><\/div><\/div><div class=\"fg-item fg-type-image fg-idle\"><figure class=\"fg-item-inner\"><a href=\"https:\/\/art-lui.com\/wp-content\/uploads\/2018\/06\/IMG_7321-1.jpg\" data-attachment-id=\"9014\" data-type=\"image\" class=\"fg-thumb\"><span class=\"fg-image-wrap\"><img decoding=\"async\" width=\"150\" height=\"150\" class=\"skip-lazy fg-image\" data-src-fg=\"https:\/\/art-lui.com\/wp-content\/uploads\/cache\/2018\/06\/IMG_7321-1\/2777373698.jpg\" src=\"data:image\/svg+xml,%3Csvg%20xmlns%3D%22http%3A%2F%2Fwww.w3.org%2F2000%2Fsvg%22%20width%3D%22150%22%20height%3D%22150%22%20viewBox%3D%220%200%20150%20150%22%3E%3C%2Fsvg%3E\" loading=\"eager\"><\/span><span class=\"fg-image-overlay\"><\/span><\/a><\/figure><div class=\"fg-loader\"><\/div><\/div><div class=\"fg-item fg-type-image fg-idle\"><figure class=\"fg-item-inner\"><a href=\"https:\/\/art-lui.com\/wp-content\/uploads\/2018\/06\/art-lui-iceland-6.png\" data-attachment-id=\"9011\" data-type=\"image\" class=\"fg-thumb\"><span class=\"fg-image-wrap\"><img decoding=\"async\" width=\"150\" height=\"150\" class=\"skip-lazy fg-image\" data-src-fg=\"https:\/\/art-lui.com\/wp-content\/uploads\/cache\/2018\/06\/art-lui-iceland-6\/454781975.png\" src=\"data:image\/svg+xml,%3Csvg%20xmlns%3D%22http%3A%2F%2Fwww.w3.org%2F2000%2Fsvg%22%20width%3D%22150%22%20height%3D%22150%22%20viewBox%3D%220%200%20150%20150%22%3E%3C%2Fsvg%3E\" loading=\"eager\"><\/span><span class=\"fg-image-overlay\"><\/span><\/a><\/figure><div class=\"fg-loader\"><\/div><\/div><div class=\"fg-item fg-type-image fg-idle\"><figure class=\"fg-item-inner\"><a href=\"https:\/\/art-lui.com\/wp-content\/uploads\/2018\/04\/art-lui-iceland-5.png\" data-attachment-id=\"1005\" data-type=\"image\" class=\"fg-thumb\"><span class=\"fg-image-wrap\"><img decoding=\"async\" width=\"150\" height=\"150\" class=\"skip-lazy fg-image\" data-src-fg=\"https:\/\/art-lui.com\/wp-content\/uploads\/cache\/2018\/04\/art-lui-iceland-5\/2038320399.png\" src=\"data:image\/svg+xml,%3Csvg%20xmlns%3D%22http%3A%2F%2Fwww.w3.org%2F2000%2Fsvg%22%20width%3D%22150%22%20height%3D%22150%22%20viewBox%3D%220%200%20150%20150%22%3E%3C%2Fsvg%3E\" loading=\"eager\"><\/span><span class=\"fg-image-overlay\"><\/span><\/a><\/figure><div class=\"fg-loader\"><\/div><\/div><div class=\"fg-item fg-type-image fg-idle\"><figure class=\"fg-item-inner\"><a href=\"https:\/\/art-lui.com\/wp-content\/uploads\/2018\/04\/art-lui-iceland-4.png\" data-attachment-id=\"1004\" data-type=\"image\" class=\"fg-thumb\"><span class=\"fg-image-wrap\"><img decoding=\"async\" width=\"150\" height=\"150\" class=\"skip-lazy fg-image\" data-src-fg=\"https:\/\/art-lui.com\/wp-content\/uploads\/cache\/2018\/04\/art-lui-iceland-4\/1587322822.png\" src=\"data:image\/svg+xml,%3Csvg%20xmlns%3D%22http%3A%2F%2Fwww.w3.org%2F2000%2Fsvg%22%20width%3D%22150%22%20height%3D%22150%22%20viewBox%3D%220%200%20150%20150%22%3E%3C%2Fsvg%3E\" loading=\"eager\"><\/span><span class=\"fg-image-overlay\"><\/span><\/a><\/figure><div class=\"fg-loader\"><\/div><\/div><div class=\"fg-item fg-type-image fg-idle\"><figure class=\"fg-item-inner\"><a href=\"https:\/\/art-lui.com\/wp-content\/uploads\/2018\/04\/art-lui-iceland-3.png\" data-attachment-id=\"1009\" data-type=\"image\" class=\"fg-thumb\"><span class=\"fg-image-wrap\"><img decoding=\"async\" width=\"150\" height=\"150\" class=\"skip-lazy fg-image\" data-src-fg=\"https:\/\/art-lui.com\/wp-content\/uploads\/cache\/2018\/04\/art-lui-iceland-3\/2471660266.png\" src=\"data:image\/svg+xml,%3Csvg%20xmlns%3D%22http%3A%2F%2Fwww.w3.org%2F2000%2Fsvg%22%20width%3D%22150%22%20height%3D%22150%22%20viewBox%3D%220%200%20150%20150%22%3E%3C%2Fsvg%3E\" loading=\"eager\"><\/span><span class=\"fg-image-overlay\"><\/span><\/a><\/figure><div class=\"fg-loader\"><\/div><\/div><div class=\"fg-item fg-type-image fg-idle\"><figure class=\"fg-item-inner\"><a href=\"https:\/\/art-lui.com\/wp-content\/uploads\/2018\/04\/art-lui-iceland-2.png\" data-attachment-id=\"1008\" data-type=\"image\" class=\"fg-thumb\"><span class=\"fg-image-wrap\"><img decoding=\"async\" width=\"150\" height=\"150\" class=\"skip-lazy fg-image\" data-src-fg=\"https:\/\/art-lui.com\/wp-content\/uploads\/cache\/2018\/04\/art-lui-iceland-2\/3031455779.png\" src=\"data:image\/svg+xml,%3Csvg%20xmlns%3D%22http%3A%2F%2Fwww.w3.org%2F2000%2Fsvg%22%20width%3D%22150%22%20height%3D%22150%22%20viewBox%3D%220%200%20150%20150%22%3E%3C%2Fsvg%3E\" loading=\"eager\"><\/span><span class=\"fg-image-overlay\"><\/span><\/a><\/figure><div class=\"fg-loader\"><\/div><\/div><div class=\"fg-item fg-type-image fg-idle\"><figure class=\"fg-item-inner\"><a href=\"https:\/\/art-lui.com\/wp-content\/uploads\/2018\/05\/location-border-iceland-1.png\" data-attachment-id=\"5607\" data-type=\"image\" class=\"fg-thumb\"><span class=\"fg-image-wrap\"><img decoding=\"async\" width=\"150\" height=\"150\" class=\"skip-lazy fg-image\" data-src-fg=\"https:\/\/art-lui.com\/wp-content\/uploads\/cache\/2018\/05\/location-border-iceland-1\/3409185925.png\" src=\"data:image\/svg+xml,%3Csvg%20xmlns%3D%22http%3A%2F%2Fwww.w3.org%2F2000%2Fsvg%22%20width%3D%22150%22%20height%3D%22150%22%20viewBox%3D%220%200%20150%20150%22%3E%3C%2Fsvg%3E\" loading=\"eager\"><\/span><span class=\"fg-image-overlay\"><\/span><\/a><\/figure><div class=\"fg-loader\"><\/div><\/div><\/div>\n\n<\/div>\n<div><\/div>\n<div><\/div>\n<div data-weight=\"1\">\n<p><iframe loading=\"lazy\" title=\"Iceland - ok Here I am :)\" width=\"640\" height=\"360\" src=\"https:\/\/www.youtube.com\/embed\/ofbNB5J4cLc?start=5&#038;feature=oembed\" frameborder=\"0\" allow=\"accelerometer; autoplay; clipboard-write; encrypted-media; gyroscope; picture-in-picture; web-share\" referrerpolicy=\"strict-origin-when-cross-origin\" allowfullscreen><\/iframe><\/p>\n<\/div>\n","protected":false},"excerpt":{"rendered":"<p>De uforudsigelige underjordiske str\u00f8mme og energier som de islandske vulkaner skaber har draget kunstner Helle Louise Kierkegaard til Island. Islands r\u00e5 friske og healende natur komplementerer storbyens dynamiske pulserende liv, som K\u00f8benhavn indeholder rigelige m\u00e6ngder af. Helle Louise har bag sig flere magiske ophold p\u00e5 Island. Det Nordiske land, mystikken, orange fyrt\u00e5rne, vulkaner, nordlys og [&hellip;]<\/p>\n","protected":false},"author":2,"featured_media":6273,"parent":0,"menu_order":44,"comment_status":"closed","ping_status":"closed","template":"","meta":{"_acf_changed":false,"footnotes":""},"class_list":["post-721","page","type-page","status-publish","has-post-thumbnail","hentry"],"acf":[],"yoast_head":"<!-- This site is optimized with the Yoast SEO plugin v27.3 - https:\/\/yoast.com\/product\/yoast-seo-wordpress\/ -->\n<title>Arbejdsrefugium Island<\/title>\n<meta name=\"robots\" content=\"index, follow, max-snippet:-1, max-image-preview:large, max-video-preview:-1\" \/>\n<link rel=\"canonical\" href=\"https:\/\/art-lui.com\/da\/work-retreat-iceland\/\" \/>\n<meta property=\"og:locale\" content=\"da_DK\" \/>\n<meta property=\"og:locale:alternate\" content=\"en_US\" \/>\n<meta property=\"og:type\" content=\"article\" \/>\n<meta property=\"og:title\" content=\"Arbejdsrefugium Island\" \/>\n<meta property=\"og:description\" content=\"De uforudsigelige underjordiske str\u00f8mme og energier som de islandske vulkaner skaber har draget kunstner Helle Louise Kierkegaard til Island. Islands r\u00e5 friske og healende natur komplementerer storbyens dynamiske pulserende liv, som K\u00f8benhavn indeholder rigelige m\u00e6ngder af. Helle Louise har bag sig flere magiske ophold p\u00e5 Island. Det Nordiske land, mystikken, orange fyrt\u00e5rne, vulkaner, nordlys og [&hellip;]\" \/>\n<meta property=\"og:url\" content=\"https:\/\/art-lui.com\/da\/work-retreat-iceland\/\" \/>\n<meta property=\"og:site_name\" content=\"ART-LUI\" \/>\n<meta property=\"article:publisher\" content=\"https:\/\/www.facebook.com\/galleriartlui\/\" \/>\n<meta property=\"article:modified_time\" content=\"2022-07-22T18:45:37+00:00\" \/>\n<meta property=\"og:image\" content=\"https:\/\/art-lui.com\/wp-content\/uploads\/2018\/05\/image2.jpg\" \/>\n\t<meta property=\"og:image:width\" content=\"1200\" \/>\n\t<meta property=\"og:image:height\" content=\"500\" \/>\n\t<meta property=\"og:image:type\" content=\"image\/jpeg\" \/>\n<meta name=\"twitter:card\" content=\"summary_large_image\" \/>\n<meta name=\"twitter:label1\" content=\"Estimeret l\u00e6setid\" \/>\n\t<meta name=\"twitter:data1\" content=\"2 minutter\" \/>\n<script type=\"application\/ld+json\" class=\"yoast-schema-graph\">{\"@context\":\"https:\\\/\\\/schema.org\",\"@graph\":[{\"@type\":\"WebPage\",\"@id\":\"https:\\\/\\\/art-lui.com\\\/work-retreat-iceland\\\/\",\"url\":\"https:\\\/\\\/art-lui.com\\\/work-retreat-iceland\\\/\",\"name\":\"Arbejdsrefugium Island\",\"isPartOf\":{\"@id\":\"https:\\\/\\\/art-lui.com\\\/da\\\/#website\"},\"primaryImageOfPage\":{\"@id\":\"https:\\\/\\\/art-lui.com\\\/work-retreat-iceland\\\/#primaryimage\"},\"image\":{\"@id\":\"https:\\\/\\\/art-lui.com\\\/work-retreat-iceland\\\/#primaryimage\"},\"thumbnailUrl\":\"https:\\\/\\\/art-lui.com\\\/wp-content\\\/uploads\\\/2018\\\/05\\\/image2.jpg\",\"datePublished\":\"2018-03-28T13:08:21+00:00\",\"dateModified\":\"2022-07-22T18:45:37+00:00\",\"breadcrumb\":{\"@id\":\"https:\\\/\\\/art-lui.com\\\/work-retreat-iceland\\\/#breadcrumb\"},\"inLanguage\":\"da-DK\",\"potentialAction\":[{\"@type\":\"ReadAction\",\"target\":[\"https:\\\/\\\/art-lui.com\\\/work-retreat-iceland\\\/\"]}]},{\"@type\":\"ImageObject\",\"inLanguage\":\"da-DK\",\"@id\":\"https:\\\/\\\/art-lui.com\\\/work-retreat-iceland\\\/#primaryimage\",\"url\":\"https:\\\/\\\/art-lui.com\\\/wp-content\\\/uploads\\\/2018\\\/05\\\/image2.jpg\",\"contentUrl\":\"https:\\\/\\\/art-lui.com\\\/wp-content\\\/uploads\\\/2018\\\/05\\\/image2.jpg\",\"width\":\"1200\",\"height\":\"500\"},{\"@type\":\"BreadcrumbList\",\"@id\":\"https:\\\/\\\/art-lui.com\\\/work-retreat-iceland\\\/#breadcrumb\",\"itemListElement\":[{\"@type\":\"ListItem\",\"position\":1,\"name\":\"Home\",\"item\":\"https:\\\/\\\/art-lui.com\\\/\"},{\"@type\":\"ListItem\",\"position\":2,\"name\":\"Arbejdsrefugium Island\"}]},{\"@type\":\"WebSite\",\"@id\":\"https:\\\/\\\/art-lui.com\\\/da\\\/#website\",\"url\":\"https:\\\/\\\/art-lui.com\\\/da\\\/\",\"name\":\"ART-LUI\",\"description\":\"Helle Louise Kierkegaard - Art Lui\",\"publisher\":{\"@id\":\"https:\\\/\\\/art-lui.com\\\/da\\\/#organization\"},\"potentialAction\":[{\"@type\":\"SearchAction\",\"target\":{\"@type\":\"EntryPoint\",\"urlTemplate\":\"https:\\\/\\\/art-lui.com\\\/da\\\/?s={search_term_string}\"},\"query-input\":{\"@type\":\"PropertyValueSpecification\",\"valueRequired\":true,\"valueName\":\"search_term_string\"}}],\"inLanguage\":\"da-DK\"},{\"@type\":\"Organization\",\"@id\":\"https:\\\/\\\/art-lui.com\\\/da\\\/#organization\",\"name\":\"ART-LUI\",\"url\":\"https:\\\/\\\/art-lui.com\\\/da\\\/\",\"logo\":{\"@type\":\"ImageObject\",\"inLanguage\":\"da-DK\",\"@id\":\"https:\\\/\\\/art-lui.com\\\/da\\\/#\\\/schema\\\/logo\\\/image\\\/\",\"url\":\"https:\\\/\\\/art-lui.com\\\/wp-content\\\/uploads\\\/2018\\\/05\\\/Logo_without-background1.png\",\"contentUrl\":\"https:\\\/\\\/art-lui.com\\\/wp-content\\\/uploads\\\/2018\\\/05\\\/Logo_without-background1.png\",\"width\":\"75\",\"height\":\"118\",\"caption\":\"ART-LUI\"},\"image\":{\"@id\":\"https:\\\/\\\/art-lui.com\\\/da\\\/#\\\/schema\\\/logo\\\/image\\\/\"},\"sameAs\":[\"https:\\\/\\\/www.facebook.com\\\/galleriartlui\\\/\",\"https:\\\/\\\/www.instagram.com\\\/artlui.dk\\\/\"]}]}<\/script>\n<!-- \/ Yoast SEO plugin. -->","yoast_head_json":{"title":"Arbejdsrefugium Island","robots":{"index":"index","follow":"follow","max-snippet":"max-snippet:-1","max-image-preview":"max-image-preview:large","max-video-preview":"max-video-preview:-1"},"canonical":"https:\/\/art-lui.com\/da\/work-retreat-iceland\/","og_locale":"da_DK","og_type":"article","og_title":"[:en]Work retreat Iceland[:da]Arbejdsrefugium Island[:] - ART-LUI","og_description":"De uforudsigelige underjordiske str\u00f8mme og energier som de islandske vulkaner skaber har draget kunstner Helle Louise Kierkegaard til Island. Islands r\u00e5 friske og healende natur komplementerer storbyens dynamiske pulserende liv, som K\u00f8benhavn indeholder rigelige m\u00e6ngder af. Helle Louise har bag sig flere magiske ophold p\u00e5 Island. Det Nordiske land, mystikken, orange fyrt\u00e5rne, vulkaner, nordlys og [&hellip;]","og_url":"https:\/\/art-lui.com\/da\/work-retreat-iceland\/","og_site_name":"ART-LUI","article_publisher":"https:\/\/www.facebook.com\/galleriartlui\/","article_modified_time":"2022-07-22T18:45:37+00:00","og_image":[{"width":1200,"height":500,"url":"https:\/\/art-lui.com\/wp-content\/uploads\/2018\/05\/image2.jpg","type":"image\/jpeg"}],"twitter_card":"summary_large_image","twitter_misc":{"Estimeret l\u00e6setid":"2 minutter"},"schema":{"@context":"https:\/\/schema.org","@graph":[{"@type":"WebPage","@id":"https:\/\/art-lui.com\/work-retreat-iceland\/","url":"https:\/\/art-lui.com\/work-retreat-iceland\/","name":"Arbejdsrefugium Island","isPartOf":{"@id":"https:\/\/art-lui.com\/da\/#website"},"primaryImageOfPage":{"@id":"https:\/\/art-lui.com\/work-retreat-iceland\/#primaryimage"},"image":{"@id":"https:\/\/art-lui.com\/work-retreat-iceland\/#primaryimage"},"thumbnailUrl":"https:\/\/art-lui.com\/wp-content\/uploads\/2018\/05\/image2.jpg","datePublished":"2018-03-28T13:08:21+00:00","dateModified":"2022-07-22T18:45:37+00:00","breadcrumb":{"@id":"https:\/\/art-lui.com\/work-retreat-iceland\/#breadcrumb"},"inLanguage":"da-DK","potentialAction":[{"@type":"ReadAction","target":["https:\/\/art-lui.com\/work-retreat-iceland\/"]}]},{"@type":"ImageObject","inLanguage":"da-DK","@id":"https:\/\/art-lui.com\/work-retreat-iceland\/#primaryimage","url":"https:\/\/art-lui.com\/wp-content\/uploads\/2018\/05\/image2.jpg","contentUrl":"https:\/\/art-lui.com\/wp-content\/uploads\/2018\/05\/image2.jpg","width":"1200","height":"500"},{"@type":"BreadcrumbList","@id":"https:\/\/art-lui.com\/work-retreat-iceland\/#breadcrumb","itemListElement":[{"@type":"ListItem","position":1,"name":"Home","item":"https:\/\/art-lui.com\/"},{"@type":"ListItem","position":2,"name":"Arbejdsrefugium Island"}]},{"@type":"WebSite","@id":"https:\/\/art-lui.com\/da\/#website","url":"https:\/\/art-lui.com\/da\/","name":"ART-LUI","description":"Helle Louise Kierkegaard - Art Lui","publisher":{"@id":"https:\/\/art-lui.com\/da\/#organization"},"potentialAction":[{"@type":"SearchAction","target":{"@type":"EntryPoint","urlTemplate":"https:\/\/art-lui.com\/da\/?s={search_term_string}"},"query-input":{"@type":"PropertyValueSpecification","valueRequired":true,"valueName":"search_term_string"}}],"inLanguage":"da-DK"},{"@type":"Organization","@id":"https:\/\/art-lui.com\/da\/#organization","name":"ART-LUI","url":"https:\/\/art-lui.com\/da\/","logo":{"@type":"ImageObject","inLanguage":"da-DK","@id":"https:\/\/art-lui.com\/da\/#\/schema\/logo\/image\/","url":"https:\/\/art-lui.com\/wp-content\/uploads\/2018\/05\/Logo_without-background1.png","contentUrl":"https:\/\/art-lui.com\/wp-content\/uploads\/2018\/05\/Logo_without-background1.png","width":"75","height":"118","caption":"ART-LUI"},"image":{"@id":"https:\/\/art-lui.com\/da\/#\/schema\/logo\/image\/"},"sameAs":["https:\/\/www.facebook.com\/galleriartlui\/","https:\/\/www.instagram.com\/artlui.dk\/"]}]}},"jetpack_sharing_enabled":true,"_links":{"self":[{"href":"https:\/\/art-lui.com\/da\/wp-json\/wp\/v2\/pages\/721","targetHints":{"allow":["GET"]}}],"collection":[{"href":"https:\/\/art-lui.com\/da\/wp-json\/wp\/v2\/pages"}],"about":[{"href":"https:\/\/art-lui.com\/da\/wp-json\/wp\/v2\/types\/page"}],"author":[{"embeddable":true,"href":"https:\/\/art-lui.com\/da\/wp-json\/wp\/v2\/users\/2"}],"replies":[{"embeddable":true,"href":"https:\/\/art-lui.com\/da\/wp-json\/wp\/v2\/comments?post=721"}],"version-history":[{"count":0,"href":"https:\/\/art-lui.com\/da\/wp-json\/wp\/v2\/pages\/721\/revisions"}],"wp:featuredmedia":[{"embeddable":true,"href":"https:\/\/art-lui.com\/da\/wp-json\/wp\/v2\/media\/6273"}],"wp:attachment":[{"href":"https:\/\/art-lui.com\/da\/wp-json\/wp\/v2\/media?parent=721"}],"curies":[{"name":"wp","href":"https:\/\/api.w.org\/{rel}","templated":true}]}}